{"id":99,"date":"2023-09-01T15:17:33","date_gmt":"2023-09-01T13:17:33","guid":{"rendered":"https:\/\/www3.poitiers-jeunes.com\/lesexpressifs2023\/?post_type=product&#038;p=99"},"modified":"2023-09-13T11:57:20","modified_gmt":"2023-09-13T09:57:20","slug":"berenice","status":"publish","type":"product","link":"https:\/\/www3.poitiers-jeunes.com\/lesexpressifs2023\/spectacle\/berenice\/","title":{"rendered":"B\u00e9r\u00e9nice"},"content":{"rendered":"<p>Pop-chanson<br \/>\nPoitiers (86)<\/p>\n<p>Jeune artiste ind\u00e9pendante, B\u00e9r\u00e9nice chante en solo et s\u2019accompagne \u00e0 la guitare. Les compositions allient des sonorit\u00e9s de pop, rap et reggae. Laur\u00e9ate du tremplin Pulsations 2023 du CROUS.<\/p>\n<p><a href=\"https:\/\/www.crous-poitiers.fr\/\"><img loading=\"lazy\" decoding=\"async\" class=\" wp-image-118 alignleft\" src=\"http:\/\/www3.poitiers-jeunes.com\/lesexpressifs2023\/files\/2023\/09\/crous_png-1024x1024.png\" alt=\"\" width=\"79\" height=\"79\" srcset=\"https:\/\/www3.poitiers-jeunes.com\/lesexpressifs2023\/files\/2023\/09\/crous_png-1024x1024.png 1024w, https:\/\/www3.poitiers-jeunes.com\/lesexpressifs2023\/files\/2023\/09\/crous_png-300x300.png 300w, https:\/\/www3.poitiers-jeunes.com\/lesexpressifs2023\/files\/2023\/09\/crous_png-150x150.png 150w, https:\/\/www3.poitiers-jeunes.com\/lesexpressifs2023\/files\/2023\/09\/crous_png-768x768.png 768w, https:\/\/www3.poitiers-jeunes.com\/lesexpressifs2023\/files\/2023\/09\/crous_png-90x90.png 90w, https:\/\/www3.poitiers-jeunes.com\/lesexpressifs2023\/files\/2023\/09\/crous_png-600x600.png 600w, https:\/\/www3.poitiers-jeunes.com\/lesexpressifs2023\/files\/2023\/09\/crous_png-100x100.png 100w, https:\/\/www3.poitiers-jeunes.com\/lesexpressifs2023\/files\/2023\/09\/crous_png-116x116.png 116w, https:\/\/www3.poitiers-jeunes.com\/lesexpressifs2023\/files\/2023\/09\/crous_png-50x50.png 50w, https:\/\/www3.poitiers-jeunes.com\/lesexpressifs2023\/files\/2023\/09\/crous_png.png 1134w\" sizes=\"auto, (max-width: 79px) 100vw, 79px\" \/><\/a><\/p>\n<p>&nbsp;<\/p>\n<p>&nbsp;<\/p>\n<table style=\"border-collapse: collapse; width: 100%; height: 72px;\">\n<tbody>\n<tr style=\"height: 24px;\">\n<td style=\"width: 50%; text-align: right; height: 24px;\"><strong>Horaire :<br \/>\n<\/strong><\/td>\n<td style=\"width: 50%; height: 24px;\"><strong>\u00a0Samedi 17h00<\/strong><\/td>\n<\/tr>\n<tr style=\"height: 24px;\">\n<td style=\"width: 50%; height: 24px; text-align: right;\"><strong>Lieu : <\/strong><\/td>\n<td style=\"width: 50%; height: 24px;\"><strong>\u00a02<\/strong><\/td>\n<\/tr>\n<tr style=\"height: 24px;\">\n<td style=\"width: 50%; height: 24px; text-align: right;\"><strong>Dur\u00e9e :<br \/>\n<\/strong><\/td>\n<td style=\"width: 50%; height: 24px;\"><strong>\u00a030 min<\/strong><\/td>\n<\/tr>\n<\/tbody>\n<\/table>\n<p style=\"text-align: center;\"><a href=\"https:\/\/www3.poitiers-jeunes.com\/telechargements\/plan-expressifs-2023.jpg\">Lien vers le plan du festival.<\/a><\/p>\n","protected":false},"excerpt":{"rendered":"<p>Pop-chanson Poitiers (86) Jeune artiste ind\u00e9pendante, B\u00e9r\u00e9nice chante en solo et s\u2019accompagne \u00e0 la guitare. Les compositions allient des sonorit\u00e9s de pop, rap et reggae. Laur\u00e9ate du tremplin Pulsations 2023 [&hellip;]<\/p>\n","protected":false},"featured_media":190,"template":"","meta":[],"product_brand":[],"product_cat":[20],"product_tag":[24],"class_list":{"0":"post-99","1":"product","2":"type-product","3":"status-publish","4":"has-post-thumbnail","6":"product_cat-musique","7":"product_tag-samedi","9":"first","10":"instock","11":"shipping-taxable","12":"product-type-simple"},"_links":{"self":[{"href":"https:\/\/www3.poitiers-jeunes.com\/lesexpressifs2023\/wp-json\/wp\/v2\/product\/99","targetHints":{"allow":["GET"]}}],"collection":[{"href":"https:\/\/www3.poitiers-jeunes.com\/lesexpressifs2023\/wp-json\/wp\/v2\/product"}],"about":[{"href":"https:\/\/www3.poitiers-jeunes.com\/lesexpressifs2023\/wp-json\/wp\/v2\/types\/product"}],"wp:featuredmedia":[{"embeddable":true,"href":"https:\/\/www3.poitiers-jeunes.com\/lesexpressifs2023\/wp-json\/wp\/v2\/media\/190"}],"wp:attachment":[{"href":"https:\/\/www3.poitiers-jeunes.com\/lesexpressifs2023\/wp-json\/wp\/v2\/media?parent=99"}],"wp:term":[{"taxonomy":"product_brand","embeddable":true,"href":"https:\/\/www3.poitiers-jeunes.com\/lesexpressifs2023\/wp-json\/wp\/v2\/product_brand?post=99"},{"taxonomy":"product_cat","embeddable":true,"href":"https:\/\/www3.poitiers-jeunes.com\/lesexpressifs2023\/wp-json\/wp\/v2\/product_cat?post=99"},{"taxonomy":"product_tag","embeddable":true,"href":"https:\/\/www3.poitiers-jeunes.com\/lesexpressifs2023\/wp-json\/wp\/v2\/product_tag?post=99"}],"curies":[{"name":"wp","href":"https:\/\/api.w.org\/{rel}","templated":true}]}}