{"id":95,"date":"2023-09-01T12:18:53","date_gmt":"2023-09-01T10:18:53","guid":{"rendered":"https:\/\/www3.poitiers-jeunes.com\/lesexpressifs2023\/?post_type=product&#038;p=95"},"modified":"2023-09-13T11:54:20","modified_gmt":"2023-09-13T09:54:20","slug":"1-week-end-sur-2","status":"publish","type":"product","link":"https:\/\/www3.poitiers-jeunes.com\/lesexpressifs2023\/spectacle\/1-week-end-sur-2\/","title":{"rendered":"1 week end sur 2"},"content":{"rendered":"<p><strong>Regarde, y\u2019a comme un bruit qui court<\/strong><\/p>\n<p>Danse contemporaine<br \/>\nPoitiers (86)<\/p>\n<p>Tendons l&rsquo;oreille et ouvrons les yeux : de bouche \u00e0 oreille, de main \u00e0 pied, de l&rsquo;une \u00e0 l&rsquo;autre, les sons se transmettent, s&rsquo;additionnent, s&rsquo;amplifient et se r\u00e9pondent. \u00c9coutons le glissement d&rsquo;un pied, le frapp\u00e9 d&rsquo;une main, ou le souffle d&rsquo;une respiration. Pr\u00eatons l&rsquo;oreille aux images n\u00e9es des sons.<\/p>\n<p>&nbsp;<\/p>\n<p><a href=\"https:\/\/www.facebook.com\/people\/Compagnie-1-week-end-sur-2\/100064090172760\">https:\/\/www.facebook.com\/people\/Compagnie-1-week-end-sur-2\/<\/a><\/p>\n<p>&nbsp;<\/p>\n<p><strong>Spectacle accessible aux personnes sourdes et malentendantes.<\/strong><\/p>\n<p>&nbsp;<\/p>\n<table style=\"border-collapse: collapse; width: 100%; height: 72px;\">\n<tbody>\n<tr style=\"height: 24px;\">\n<td style=\"width: 50%; text-align: right; height: 24px;\"><strong>Horaire :<br \/>\n<\/strong><\/td>\n<td style=\"width: 50%; height: 24px;\"><strong>\u00a0Samedi 13h30<\/strong><\/td>\n<\/tr>\n<tr style=\"height: 24px;\">\n<td style=\"width: 50%; height: 24px; text-align: right;\"><strong>Lieu : <\/strong><\/td>\n<td style=\"width: 50%; height: 24px;\"><strong>\u00a02<\/strong><\/td>\n<\/tr>\n<tr style=\"height: 24px;\">\n<td style=\"width: 50%; height: 24px; text-align: right;\"><strong>Dur\u00e9e :<br \/>\n<\/strong><\/td>\n<td style=\"width: 50%; height: 24px;\"><strong>\u00a015 min<\/strong><\/td>\n<\/tr>\n<\/tbody>\n<\/table>\n<p style=\"text-align: center;\"><a href=\"https:\/\/www3.poitiers-jeunes.com\/telechargements\/plan-expressifs-2023.jpg\">Lien vers le plan du festival.<\/a><\/p>\n","protected":false},"excerpt":{"rendered":"<p>Regarde, y\u2019a comme un bruit qui court Danse contemporaine Poitiers (86) Tendons l&rsquo;oreille et ouvrons les yeux : de bouche \u00e0 oreille, de main \u00e0 pied, de l&rsquo;une \u00e0 l&rsquo;autre, [&hellip;]<\/p>\n","protected":false},"featured_media":189,"template":"","meta":[],"product_brand":[],"product_cat":[22,19],"product_tag":[24],"class_list":{"0":"post-95","1":"product","2":"type-product","3":"status-publish","4":"has-post-thumbnail","6":"product_cat-accessible-aux-personnes-sourdes-et-malentendantes","7":"product_cat-danse","8":"product_tag-samedi","10":"first","11":"instock","12":"shipping-taxable","13":"product-type-simple"},"_links":{"self":[{"href":"https:\/\/www3.poitiers-jeunes.com\/lesexpressifs2023\/wp-json\/wp\/v2\/product\/95","targetHints":{"allow":["GET"]}}],"collection":[{"href":"https:\/\/www3.poitiers-jeunes.com\/lesexpressifs2023\/wp-json\/wp\/v2\/product"}],"about":[{"href":"https:\/\/www3.poitiers-jeunes.com\/lesexpressifs2023\/wp-json\/wp\/v2\/types\/product"}],"wp:featuredmedia":[{"embeddable":true,"href":"https:\/\/www3.poitiers-jeunes.com\/lesexpressifs2023\/wp-json\/wp\/v2\/media\/189"}],"wp:attachment":[{"href":"https:\/\/www3.poitiers-jeunes.com\/lesexpressifs2023\/wp-json\/wp\/v2\/media?parent=95"}],"wp:term":[{"taxonomy":"product_brand","embeddable":true,"href":"https:\/\/www3.poitiers-jeunes.com\/lesexpressifs2023\/wp-json\/wp\/v2\/product_brand?post=95"},{"taxonomy":"product_cat","embeddable":true,"href":"https:\/\/www3.poitiers-jeunes.com\/lesexpressifs2023\/wp-json\/wp\/v2\/product_cat?post=95"},{"taxonomy":"product_tag","embeddable":true,"href":"https:\/\/www3.poitiers-jeunes.com\/lesexpressifs2023\/wp-json\/wp\/v2\/product_tag?post=95"}],"curies":[{"name":"wp","href":"https:\/\/api.w.org\/{rel}","templated":true}]}}