{"id":200,"date":"2023-09-06T15:57:32","date_gmt":"2023-09-06T13:57:32","guid":{"rendered":"https:\/\/www3.poitiers-jeunes.com\/lesexpressifs2023\/?post_type=product&#038;p=200"},"modified":"2023-09-13T12:23:35","modified_gmt":"2023-09-13T10:23:35","slug":"zoprod-2","status":"publish","type":"product","link":"https:\/\/www3.poitiers-jeunes.com\/lesexpressifs2023\/spectacle\/zoprod-2\/","title":{"rendered":"Zoprod"},"content":{"rendered":"<p>Le Solastarium<br \/>\nExp\u00e9rience interstellaire<br \/>\nPoitiers (86)<br \/>\nCr\u00e9ation 2023<\/p>\n<p>C&rsquo;est un entresort intimiste, un dr\u00f4le d\u2019objet rempli d&rsquo;\u00e9toiles et de pens\u00e9es r\u00e9tro-futuro-contemporaines. A la mani\u00e8re d\u2019un plan\u00e9tarium dont le principe ici d\u00e9tourn\u00e9 s\u2019inspire des angoisses existentielles de ses cr\u00e9ateurs, il t\u2019emm\u00e8ne en voyage \u00e0 travers des constellations improbables et absurdes. Pour d\u00e9passer notre solastalgie* rien de tel qu&rsquo;une vir\u00e9e doucement ironique allong\u00e9-e sous la vo\u00fbte c\u00e9leste de cette installation singuli\u00e8re.<\/p>\n<p>C\u2019est par le biais d\u2019une cr\u00e9ation plastique originale et humoristique que le th\u00e8me du changement climatique et soci\u00e9tale qui en d\u00e9coule est abord\u00e9 ici. Le public est allong\u00e9 confortablement dans le noir d\u2019une nuit \u00e9toil\u00e9e invent\u00e9e dans une \u00e9poque future proche.<\/p>\n<p>Une balade interstellaire unique de 12 minutes qui peut provoquer des envies de sauver le monde\u00a0!<\/p>\n<p>*Solastalgie : Ce n\u00e9ologisme se compose du mot anglais \u00ab solace \u00bb qui signifie \u00ab r\u00e9confort \u00bb et du mot grec \u00ab algie \u00bb qui veut dire \u00ab douleur \u00bb. On pourrait le d\u00e9finir par une souffrance psychique li\u00e9e \u00e0 la perte de ce qui nous r\u00e9conforte\u00a0: notre cocon, notre habitat, notre plan\u00e8te. Notre environnement se d\u00e9grade, nos paysages se modifient, notre climat change et cela nous affecte. C\u2019est un concept \u00e9tabli en 2007 par Glenn Albrecht, philosophe de l&rsquo;environnement.<\/p>\n<p>&nbsp;<\/p>\n<p>Cr\u00e9ation\u00a0: Benjamin LADJADJ, Caroline BILLAUD &amp; Fabrice GIRAUD.<\/p>\n<p>Produit par le collectif ZoProd.<\/p>\n<p>Soutenu par la Cie Arlette Moreau et la DRAC Nouvelle Aquitaine.<\/p>\n<p>&nbsp;<\/p>\n<p><a href=\"https:\/\/www.zoprod.net\/general-8\">https:\/\/www.zoprod.net\/general-8<\/a><\/p>\n<p>&nbsp;<\/p>\n<table style=\"border-collapse: collapse; width: 100%; height: 72px;\">\n<tbody>\n<tr style=\"height: 24px;\">\n<td style=\"width: 50%; text-align: right; height: 24px;\"><strong>Horaire :<br \/>\n<\/strong><\/td>\n<td style=\"width: 50%; height: 24px;\"><strong>\u00a0Vendredi, Samedi et Dimanche<br \/>\n<\/strong><\/td>\n<\/tr>\n<tr style=\"height: 24px;\">\n<td style=\"width: 50%; height: 24px; text-align: right;\"><strong>Lieu : <\/strong><\/td>\n<td style=\"width: 50%; height: 24px;\"><strong>\u00a03<\/strong><\/td>\n<\/tr>\n<tr style=\"height: 24px;\">\n<td style=\"width: 50%; height: 24px; text-align: right;\"><strong>Dur\u00e9e :<br \/>\n<\/strong><\/td>\n<td style=\"width: 50%; height: 24px;\"><strong>\u00a0En continu<br \/>\n<\/strong><\/td>\n<\/tr>\n<\/tbody>\n<\/table>\n<p style=\"text-align: center;\"><a href=\"https:\/\/www3.poitiers-jeunes.com\/telechargements\/plan-expressifs-2023.jpg\">Lien vers le plan du festival.<\/a><\/p>\n","protected":false},"excerpt":{"rendered":"<p>Le Solastarium Exp\u00e9rience interstellaire Poitiers (86) Cr\u00e9ation 2023 C&rsquo;est un entresort intimiste, un dr\u00f4le d\u2019objet rempli d&rsquo;\u00e9toiles et de pens\u00e9es r\u00e9tro-futuro-contemporaines. A la mani\u00e8re d\u2019un plan\u00e9tarium dont le principe ici [&hellip;]<\/p>\n","protected":false},"featured_media":231,"template":"","meta":[],"product_brand":[],"product_cat":[15],"product_tag":[25,24,26],"class_list":{"0":"post-200","1":"product","2":"type-product","3":"status-publish","4":"has-post-thumbnail","6":"product_cat-non-classe","7":"product_tag-dimanche","8":"product_tag-samedi","9":"product_tag-vendredi","11":"first","12":"instock","13":"shipping-taxable","14":"product-type-simple"},"_links":{"self":[{"href":"https:\/\/www3.poitiers-jeunes.com\/lesexpressifs2023\/wp-json\/wp\/v2\/product\/200","targetHints":{"allow":["GET"]}}],"collection":[{"href":"https:\/\/www3.poitiers-jeunes.com\/lesexpressifs2023\/wp-json\/wp\/v2\/product"}],"about":[{"href":"https:\/\/www3.poitiers-jeunes.com\/lesexpressifs2023\/wp-json\/wp\/v2\/types\/product"}],"wp:featuredmedia":[{"embeddable":true,"href":"https:\/\/www3.poitiers-jeunes.com\/lesexpressifs2023\/wp-json\/wp\/v2\/media\/231"}],"wp:attachment":[{"href":"https:\/\/www3.poitiers-jeunes.com\/lesexpressifs2023\/wp-json\/wp\/v2\/media?parent=200"}],"wp:term":[{"taxonomy":"product_brand","embeddable":true,"href":"https:\/\/www3.poitiers-jeunes.com\/lesexpressifs2023\/wp-json\/wp\/v2\/product_brand?post=200"},{"taxonomy":"product_cat","embeddable":true,"href":"https:\/\/www3.poitiers-jeunes.com\/lesexpressifs2023\/wp-json\/wp\/v2\/product_cat?post=200"},{"taxonomy":"product_tag","embeddable":true,"href":"https:\/\/www3.poitiers-jeunes.com\/lesexpressifs2023\/wp-json\/wp\/v2\/product_tag?post=200"}],"curies":[{"name":"wp","href":"https:\/\/api.w.org\/{rel}","templated":true}]}}