{"id":174,"date":"2023-09-06T12:24:02","date_gmt":"2023-09-06T10:24:02","guid":{"rendered":"https:\/\/www3.poitiers-jeunes.com\/lesexpressifs2023\/?post_type=product&#038;p=174"},"modified":"2023-09-29T15:18:36","modified_gmt":"2023-09-29T13:18:36","slug":"balade-botanique","status":"publish","type":"product","link":"https:\/\/www3.poitiers-jeunes.com\/lesexpressifs2023\/spectacle\/balade-botanique\/","title":{"rendered":"Balade botanique"},"content":{"rendered":"<p>Exploration<br \/>\nPoitiers (86)<\/p>\n<p>La ville m\u00e9nage des oasis de verdure propices aux vagabondages\u00a0: de la simple fl\u00e2nerie r\u00eaveuse \u00e0 l\u2019autodiscipline de s\u2019imposer la marche r\u00e9guli\u00e8re comme exercice physique, en passant par la promenade du chien, les raisons sont nombreuses de respirer le grand air, m\u00eame en milieu urbain. Machinalement, le regard se pose parfois sur les touches vertes offertes par la v\u00e9g\u00e9tation spontan\u00e9e qui s\u2019est immisc\u00e9e dans la fissure d\u2019un trottoir, ou bien sur les fleurs sauvages des bords de chemin. Mais quels secrets portent ces herbes \u00e0 l\u2019apparence banale\u00a0? La botanique est une science multisensorielle, car l\u2019identification des herbes sauvages fait appel \u00e0 la vue, parfois au toucher, ou \u00e0 l\u2019odorat. Pour m\u00e9moriser leurs noms, il faut leur donner un sens : quelle est l&rsquo;origine de ce nom, son \u00e9tymologie ? Quel fut\u00a0(ou est encore !) l&rsquo;usage traditionnel de ces plantes sauvages rencontr\u00e9es ? Ont-elles un int\u00e9r\u00eat m\u00e9dicinal, aromatiques, comestible \u2026 ?<\/p>\n<p>Avec Jean-Pierre Scherer, formateur en agronomie et botanique.<\/p>\n<p>Dans le cadre du partenariat avec la F\u00eate de la science 2023 et l\u2019EMF.<\/p>\n<p><a href=\"https:\/\/www.fetedelascience.fr\/\"><img loading=\"lazy\" decoding=\"async\" class=\"wp-image-177 alignleft\" src=\"http:\/\/www3.poitiers-jeunes.com\/lesexpressifs2023\/files\/2023\/09\/Fete-de-la-science-e1676284993267.jpg\" alt=\"\" width=\"126\" height=\"66\" srcset=\"https:\/\/www3.poitiers-jeunes.com\/lesexpressifs2023\/files\/2023\/09\/Fete-de-la-science-e1676284993267.jpg 1000w, https:\/\/www3.poitiers-jeunes.com\/lesexpressifs2023\/files\/2023\/09\/Fete-de-la-science-e1676284993267-300x158.jpg 300w, https:\/\/www3.poitiers-jeunes.com\/lesexpressifs2023\/files\/2023\/09\/Fete-de-la-science-e1676284993267-768x403.jpg 768w, https:\/\/www3.poitiers-jeunes.com\/lesexpressifs2023\/files\/2023\/09\/Fete-de-la-science-e1676284993267-600x315.jpg 600w, https:\/\/www3.poitiers-jeunes.com\/lesexpressifs2023\/files\/2023\/09\/Fete-de-la-science-e1676284993267-221x116.jpg 221w\" sizes=\"auto, (max-width: 126px) 100vw, 126px\" \/><\/a><a href=\"https:\/\/emf.fr\/\"><img loading=\"lazy\" decoding=\"async\" class=\"wp-image-165 alignleft\" src=\"http:\/\/www3.poitiers-jeunes.com\/lesexpressifs2023\/files\/2023\/09\/EMF_NB.jpg\" alt=\"\" width=\"79\" height=\"79\" srcset=\"https:\/\/www3.poitiers-jeunes.com\/lesexpressifs2023\/files\/2023\/09\/EMF_NB.jpg 480w, https:\/\/www3.poitiers-jeunes.com\/lesexpressifs2023\/files\/2023\/09\/EMF_NB-300x300.jpg 300w, https:\/\/www3.poitiers-jeunes.com\/lesexpressifs2023\/files\/2023\/09\/EMF_NB-150x150.jpg 150w, https:\/\/www3.poitiers-jeunes.com\/lesexpressifs2023\/files\/2023\/09\/EMF_NB-90x90.jpg 90w, https:\/\/www3.poitiers-jeunes.com\/lesexpressifs2023\/files\/2023\/09\/EMF_NB-100x100.jpg 100w, https:\/\/www3.poitiers-jeunes.com\/lesexpressifs2023\/files\/2023\/09\/EMF_NB-116x116.jpg 116w, https:\/\/www3.poitiers-jeunes.com\/lesexpressifs2023\/files\/2023\/09\/EMF_NB-50x50.jpg 50w\" sizes=\"auto, (max-width: 79px) 100vw, 79px\" \/><\/a><\/p>\n<p>&nbsp;<\/p>\n<p>&nbsp;<\/p>\n<p>&nbsp;<\/p>\n<p style=\"text-align: center;\"><span style=\"font-size: 14pt;\"><strong>30 PERSONNES MAXIMUM <\/strong><\/span><\/p>\n<p style=\"text-align: center;\"><span style=\"font-size: 14pt;\"><strong>R\u00c9SERVATION EN LIGNE OBLIGATOIRE CI-DESSOUS<br \/>\nOuverture de la billetterie: 29 septembre \u00e0 16h00<br \/>\n<\/strong><\/span><br \/>\n<iframe id=\"haWidget\" style=\"width: 350px; height: 700px; border: none;\" src=\"https:\/\/www.helloasso.com\/associations\/poitiers-jeunes\/evenements\/sortie-botanique-les-expressifs-2023\/widget-vignette\"><span style=\"display: inline-block; width: 0px; overflow: hidden; line-height: 0;\" data-mce-type=\"bookmark\" class=\"mce_SELRES_start\">\ufeff<\/span><span style=\"display: inline-block; width: 0px; overflow: hidden; line-height: 0;\" data-mce-type=\"bookmark\" class=\"mce_SELRES_start\">\ufeff<\/span><span style=\"display: inline-block; width: 0px; overflow: hidden; line-height: 0;\" data-mce-type=\"bookmark\" class=\"mce_SELRES_start\">\ufeff<\/span><\/iframe><br \/>\n<iframe id=\"haWidget\" style=\"width: 350px; height: 700px; border: none;\" src=\"https:\/\/www.helloasso.com\/associations\/poitiers-jeunes\/evenements\/sortie-botanique-dimanche-8-octobre-les-expressifs-2023\/widget-vignette\"><span style=\"display: inline-block; width: 0px; overflow: hidden; line-height: 0;\" data-mce-type=\"bookmark\" class=\"mce_SELRES_start\">\ufeff<\/span><\/iframe>&gt;<\/p>\n<p>&nbsp;<\/p>\n<table style=\"border-collapse: collapse; width: 100%; height: 72px;\">\n<tbody>\n<tr style=\"height: 24px;\">\n<td style=\"width: 50%; text-align: right; height: 24px;\"><strong>Horaire :<br \/>\n<\/strong><\/td>\n<td style=\"width: 50%; height: 24px;\"><strong>\u00a0Samedi et Dimanche 11h00<br \/>\n<\/strong><\/td>\n<\/tr>\n<tr style=\"height: 24px;\">\n<td style=\"width: 50%; height: 24px; text-align: right;\"><strong>Lieu : <\/strong><\/td>\n<td style=\"width: 50%; height: 24px;\"><strong>\u00a05<\/strong><\/td>\n<\/tr>\n<tr style=\"height: 24px;\">\n<td style=\"width: 50%; height: 24px; text-align: right;\"><strong>Dur\u00e9e :<br \/>\n<\/strong><\/td>\n<td style=\"width: 50%; height: 24px;\"><strong>\u00a01h00<\/strong><\/td>\n<\/tr>\n<\/tbody>\n<\/table>\n<p style=\"text-align: center;\"><a href=\"https:\/\/www3.poitiers-jeunes.com\/telechargements\/plan-expressifs-2023.jpg\">Lien vers le plan du festival.<\/a><\/p>\n","protected":false},"excerpt":{"rendered":"<p>Exploration Poitiers (86) La ville m\u00e9nage des oasis de verdure propices aux vagabondages\u00a0: de la simple fl\u00e2nerie r\u00eaveuse \u00e0 l\u2019autodiscipline de s\u2019imposer la marche r\u00e9guli\u00e8re comme exercice physique, en passant [&hellip;]<\/p>\n","protected":false},"featured_media":176,"template":"","meta":[],"product_brand":[],"product_cat":[15],"product_tag":[25,24],"class_list":{"0":"post-174","1":"product","2":"type-product","3":"status-publish","4":"has-post-thumbnail","6":"product_cat-non-classe","7":"product_tag-dimanche","8":"product_tag-samedi","10":"first","11":"instock","12":"shipping-taxable","13":"product-type-simple"},"_links":{"self":[{"href":"https:\/\/www3.poitiers-jeunes.com\/lesexpressifs2023\/wp-json\/wp\/v2\/product\/174","targetHints":{"allow":["GET"]}}],"collection":[{"href":"https:\/\/www3.poitiers-jeunes.com\/lesexpressifs2023\/wp-json\/wp\/v2\/product"}],"about":[{"href":"https:\/\/www3.poitiers-jeunes.com\/lesexpressifs2023\/wp-json\/wp\/v2\/types\/product"}],"wp:featuredmedia":[{"embeddable":true,"href":"https:\/\/www3.poitiers-jeunes.com\/lesexpressifs2023\/wp-json\/wp\/v2\/media\/176"}],"wp:attachment":[{"href":"https:\/\/www3.poitiers-jeunes.com\/lesexpressifs2023\/wp-json\/wp\/v2\/media?parent=174"}],"wp:term":[{"taxonomy":"product_brand","embeddable":true,"href":"https:\/\/www3.poitiers-jeunes.com\/lesexpressifs2023\/wp-json\/wp\/v2\/product_brand?post=174"},{"taxonomy":"product_cat","embeddable":true,"href":"https:\/\/www3.poitiers-jeunes.com\/lesexpressifs2023\/wp-json\/wp\/v2\/product_cat?post=174"},{"taxonomy":"product_tag","embeddable":true,"href":"https:\/\/www3.poitiers-jeunes.com\/lesexpressifs2023\/wp-json\/wp\/v2\/product_tag?post=174"}],"curies":[{"name":"wp","href":"https:\/\/api.w.org\/{rel}","templated":true}]}}