{"id":169,"date":"2023-09-04T15:51:39","date_gmt":"2023-09-04T13:51:39","guid":{"rendered":"https:\/\/www3.poitiers-jeunes.com\/lesexpressifs2023\/?post_type=product&#038;p=169"},"modified":"2023-09-13T12:11:11","modified_gmt":"2023-09-13T10:11:11","slug":"scalp-collectif-mechant-machin","status":"publish","type":"product","link":"https:\/\/www3.poitiers-jeunes.com\/lesexpressifs2023\/spectacle\/scalp-collectif-mechant-machin\/","title":{"rendered":"Scalp ! Collectif M\u00e9chant Machin"},"content":{"rendered":"<p><strong>Cauchemar burlesque<\/strong><\/p>\n<p>Bordeaux (33)<br \/>\nCr\u00e9ation 2023<\/p>\n<p>Michel Machin a toujours eu une vie tranquille.<\/p>\n<p>Cette nuit, une \u00e9trange cr\u00e9ature chevelue est venue le visiter. Un monstre mal\u00e9fique qui d&rsquo;un coup de griffe a d\u00e9chir\u00e9 le tissu de ses r\u00eaves.<\/p>\n<p>Depuis, il assiste impuissant \u00e0 la lente d\u00e9gradation de son quotidien. Sa r\u00e9alit\u00e9 se fissure peu \u00e0 peu et ses d\u00e9mons int\u00e9rieurs s&rsquo;engouffrent par la br\u00e8che.<\/p>\n<p>Dans un huis-clos d\u00e9jant\u00e9, fantastique et absurde, le collectif M\u00e9chant Machin tente un grand \u00e9cart entre l&rsquo;univers de David Lynch et des Monthy Python. Attention \u00e0 la d\u00e9chirure\u2026<\/p>\n<p>Scalp ! Un cauchemar burlesque tir\u00e9 par les cheveux.<\/p>\n<p>&nbsp;<\/p>\n<p>Quand les cr\u00e9ateurs et interpr\u00e8tes de Mike Starnight, Starsky Minute et Typhus Bronx se r\u00e9unissent, c\u2019est \u00e9videmment pour se donner en spectacle\u2026 et requestionner la folie.<\/p>\n<p>De la fusion de leurs univers polymorphes est n\u00e9 Scalp !, la premi\u00e8re cr\u00e9ation hybride et inclassable du collectif M\u00e9chant Machin.<\/p>\n<p>A partir de 12 ans.<\/p>\n<p>&nbsp;<\/p>\n<p>Mentions obligatoires :<\/p>\n<p>Coproduction : DRAC Nouvelle Aquitaine \/ OARA \/ IDDAC \/ Mairie de Bordeaux \/ Centre Culturel de<\/p>\n<p>Sarlat \/ Verrerie Pole National Cirque, Al\u00e8s \/ CCRLCM, L\u00e9zignan Corbi\u00e8res \/ Pal\u00e8ne, Rouillac \/ L\u2019UPPA,<\/p>\n<p>Centrifugeuse, Pau \/ Commanderie, Et\u00e9 de Vaour \/ Ars\u00e9nic, Gindou (CdC Cazals-Salviac) \/ M270, Floirac<\/p>\n<p>Avec le soutien de : La Grainerie, Toulouse \/ La Petite Pierre, J\u00e9gun \/ Daki Ling, Marseille \/ La Forge, Portets<\/p>\n<p>Production : Art en Production<\/p>\n<p>&nbsp;<\/p>\n<p>Distribution :<\/p>\n<p>De et avec : Emmanuel Gil, Marek Kastelnik, Antoine Nicaud<\/p>\n<p>Regard ext\u00e9rieur : Agn\u00e8s Tihov<\/p>\n<p>D\u00e9cors et accessoires : Lisa Peyron et Martin Martin<\/p>\n<p>Cr\u00e9ation lumi\u00e8re : Marco Simon<\/p>\n<p>Composition et arrangements musicaux : Marek Kastelnik<\/p>\n<p>Technique : Martin Martin<\/p>\n<p>Costumes : Karine Delaunay<\/p>\n<p>Production, diffusion : Am\u00e9lie Godet<\/p>\n<p>&nbsp;<\/p>\n<p>En cor\u00e9alisation avec<\/p>\n<p><a href=\"https:\/\/oara.fr\/\"><img loading=\"lazy\" decoding=\"async\" class=\"wp-image-122 alignleft\" src=\"http:\/\/www3.poitiers-jeunes.com\/lesexpressifs2023\/files\/2023\/09\/OARA_NB-01-1-1024x569.png\" alt=\"\" width=\"146\" height=\"81\" srcset=\"https:\/\/www3.poitiers-jeunes.com\/lesexpressifs2023\/files\/2023\/09\/OARA_NB-01-1-1024x569.png 1024w, https:\/\/www3.poitiers-jeunes.com\/lesexpressifs2023\/files\/2023\/09\/OARA_NB-01-1-300x167.png 300w, https:\/\/www3.poitiers-jeunes.com\/lesexpressifs2023\/files\/2023\/09\/OARA_NB-01-1-768x427.png 768w, https:\/\/www3.poitiers-jeunes.com\/lesexpressifs2023\/files\/2023\/09\/OARA_NB-01-1-1536x854.png 1536w, https:\/\/www3.poitiers-jeunes.com\/lesexpressifs2023\/files\/2023\/09\/OARA_NB-01-1-2048x1139.png 2048w, https:\/\/www3.poitiers-jeunes.com\/lesexpressifs2023\/files\/2023\/09\/OARA_NB-01-1-600x334.png 600w, https:\/\/www3.poitiers-jeunes.com\/lesexpressifs2023\/files\/2023\/09\/OARA_NB-01-1-209x116.png 209w\" sizes=\"auto, (max-width: 146px) 100vw, 146px\" \/><\/a><\/p>\n<p>&nbsp;<\/p>\n<p>&nbsp;<\/p>\n<p>&nbsp;<\/p>\n<p><a href=\"http:\/\/www.artenprod.fr\/compagnies\/scalp\/\">&lt;http:\/\/www.artenprod.fr\/compagnies\/scalp\/&gt;<\/a><\/p>\n<p>&nbsp;<\/p>\n<p><iframe loading=\"lazy\" title=\"Teaser Scalp ! Collectif M\u00e9chant Machin\" src=\"https:\/\/player.vimeo.com\/video\/504709347?dnt=1&amp;app_id=122963\" width=\"1170\" height=\"496\" frameborder=\"0\" allow=\"autoplay; fullscreen; picture-in-picture\"><\/iframe><\/p>\n<p>&nbsp;<\/p>\n<p style=\"text-align: center;\"><strong>400 PERSONNES MAXIMUM<\/strong><\/p>\n<table style=\"border-collapse: collapse; width: 100%; height: 72px;\">\n<tbody>\n<tr style=\"height: 24px;\">\n<td style=\"width: 50%; text-align: right; height: 24px;\"><strong>Horaire :<br \/>\n<\/strong><\/td>\n<td style=\"width: 50%; height: 24px;\"><strong>\u00a0Samedi 20h00<br \/>\n<\/strong><\/td>\n<\/tr>\n<tr style=\"height: 24px;\">\n<td style=\"width: 50%; height: 24px; text-align: right;\"><strong>Lieu : <\/strong><\/td>\n<td style=\"width: 50%; height: 24px;\"><strong>\u00a08<\/strong><\/td>\n<\/tr>\n<tr style=\"height: 24px;\">\n<td style=\"width: 50%; height: 24px; text-align: right;\"><strong>Dur\u00e9e :<br \/>\n<\/strong><\/td>\n<td style=\"width: 50%; height: 24px;\"><strong>\u00a01h20<\/strong><\/td>\n<\/tr>\n<\/tbody>\n<\/table>\n<p style=\"text-align: center;\"><a href=\"https:\/\/www3.poitiers-jeunes.com\/telechargements\/plan-expressifs-2023.jpg\">Lien vers le plan du festival.<\/a><\/p>\n","protected":false},"excerpt":{"rendered":"<p>Cauchemar burlesque Bordeaux (33) Cr\u00e9ation 2023 Michel Machin a toujours eu une vie tranquille. Cette nuit, une \u00e9trange cr\u00e9ature chevelue est venue le visiter. Un monstre mal\u00e9fique qui d&rsquo;un coup [&hellip;]<\/p>\n","protected":false},"featured_media":170,"template":"","meta":[],"product_brand":[],"product_cat":[21],"product_tag":[24],"class_list":{"0":"post-169","1":"product","2":"type-product","3":"status-publish","4":"has-post-thumbnail","6":"product_cat-theatre-performance","7":"product_tag-samedi","9":"first","10":"instock","11":"shipping-taxable","12":"product-type-simple"},"_links":{"self":[{"href":"https:\/\/www3.poitiers-jeunes.com\/lesexpressifs2023\/wp-json\/wp\/v2\/product\/169","targetHints":{"allow":["GET"]}}],"collection":[{"href":"https:\/\/www3.poitiers-jeunes.com\/lesexpressifs2023\/wp-json\/wp\/v2\/product"}],"about":[{"href":"https:\/\/www3.poitiers-jeunes.com\/lesexpressifs2023\/wp-json\/wp\/v2\/types\/product"}],"wp:featuredmedia":[{"embeddable":true,"href":"https:\/\/www3.poitiers-jeunes.com\/lesexpressifs2023\/wp-json\/wp\/v2\/media\/170"}],"wp:attachment":[{"href":"https:\/\/www3.poitiers-jeunes.com\/lesexpressifs2023\/wp-json\/wp\/v2\/media?parent=169"}],"wp:term":[{"taxonomy":"product_brand","embeddable":true,"href":"https:\/\/www3.poitiers-jeunes.com\/lesexpressifs2023\/wp-json\/wp\/v2\/product_brand?post=169"},{"taxonomy":"product_cat","embeddable":true,"href":"https:\/\/www3.poitiers-jeunes.com\/lesexpressifs2023\/wp-json\/wp\/v2\/product_cat?post=169"},{"taxonomy":"product_tag","embeddable":true,"href":"https:\/\/www3.poitiers-jeunes.com\/lesexpressifs2023\/wp-json\/wp\/v2\/product_tag?post=169"}],"curies":[{"name":"wp","href":"https:\/\/api.w.org\/{rel}","templated":true}]}}