{"id":158,"date":"2023-09-04T15:05:31","date_gmt":"2023-09-04T13:05:31","guid":{"rendered":"https:\/\/www3.poitiers-jeunes.com\/lesexpressifs2023\/?post_type=product&#038;p=158"},"modified":"2023-10-07T10:47:42","modified_gmt":"2023-10-07T08:47:42","slug":"orchestre-des-champs-elysees","status":"publish","type":"product","link":"https:\/\/www3.poitiers-jeunes.com\/lesexpressifs2023\/spectacle\/orchestre-des-champs-elysees\/","title":{"rendered":"Orchestre des Champs-\u00c9lys\u00e9es"},"content":{"rendered":"<p><strong>Cin\u00e9 concert interactif<\/strong><\/p>\n<p>Poitiers (86) Paris (75)<br \/>\nCr\u00e9ation 2023<\/p>\n<p>Un cin\u00e9 concert o\u00f9 le public est acteur et d\u00e9cideur\u00a0!<\/p>\n<p>1 &#8211; Vous visionnez 4 extraits de dessins anim\u00e9s.<\/p>\n<p>2 &#8211; Vous \u00e9coutez de 5 \u00e0 6 extraits musicaux interpr\u00e9t\u00e9s en direct par 4 musicien-nes.<\/p>\n<p>3 -Vous r\u00e9attribuez \u00e0 chaque extrait de film un extrait musical pr\u00e9c\u00e9demment entendu en live.<\/p>\n<p>4 \u2013 Les musicien-nes interpr\u00e8tent votre choix.<\/p>\n<p>Enfant accompagn\u00e9 uniquement.<\/p>\n<p>&nbsp;<\/p>\n<p>Musiciens\u00a0: Charles Quentin de Gromard (Poitiers), Elo\u00efse Gomez (Poitiers), Benoit Weeger (Poitiers), Louise Audubert (Paris)<\/p>\n<p>Spectacle en partenariat avec l\u2019Orchestre des Champs Elys\u00e9es.<\/p>\n<p><a href=\"https:\/\/orchestredeschampselysees.com\/\"><img loading=\"lazy\" decoding=\"async\" class=\"wp-image-159 alignleft\" src=\"http:\/\/www3.poitiers-jeunes.com\/lesexpressifs2023\/files\/2023\/09\/OCE-2.png\" alt=\"\" width=\"98\" height=\"99\" srcset=\"https:\/\/www3.poitiers-jeunes.com\/lesexpressifs2023\/files\/2023\/09\/OCE-2.png 500w, https:\/\/www3.poitiers-jeunes.com\/lesexpressifs2023\/files\/2023\/09\/OCE-2-298x300.png 298w, https:\/\/www3.poitiers-jeunes.com\/lesexpressifs2023\/files\/2023\/09\/OCE-2-150x150.png 150w, https:\/\/www3.poitiers-jeunes.com\/lesexpressifs2023\/files\/2023\/09\/OCE-2-90x90.png 90w, https:\/\/www3.poitiers-jeunes.com\/lesexpressifs2023\/files\/2023\/09\/OCE-2-300x300.png 300w, https:\/\/www3.poitiers-jeunes.com\/lesexpressifs2023\/files\/2023\/09\/OCE-2-100x100.png 100w, https:\/\/www3.poitiers-jeunes.com\/lesexpressifs2023\/files\/2023\/09\/OCE-2-115x116.png 115w, https:\/\/www3.poitiers-jeunes.com\/lesexpressifs2023\/files\/2023\/09\/OCE-2-50x50.png 50w\" sizes=\"auto, (max-width: 98px) 100vw, 98px\" \/><\/a><\/p>\n<p>&nbsp;<\/p>\n<p>&nbsp;<\/p>\n<table style=\"border-collapse: collapse; width: 100%; height: 72px;\">\n<tbody>\n<tr style=\"height: 24px;\">\n<td style=\"width: 50%; text-align: right; height: 24px;\"><strong>Horaire :<br \/>\n<\/strong><\/td>\n<td style=\"width: 50%; height: 24px;\"><strong>\u00a0Samedi 11h00, 14h00 et 16h00<br \/>\n<\/strong><\/td>\n<\/tr>\n<tr style=\"height: 24px;\">\n<td style=\"width: 50%; height: 24px; text-align: right;\"><strong>Lieu : <\/strong><\/td>\n<td style=\"width: 50%; height: 24px;\"><strong>\u00a01<\/strong><\/td>\n<\/tr>\n<tr style=\"height: 24px;\">\n<td style=\"width: 50%; height: 24px; text-align: right;\"><strong>Dur\u00e9e :<br \/>\n<\/strong><\/td>\n<td style=\"width: 50%; height: 24px;\"><strong>\u00a040 min<br \/>\n<\/strong><\/td>\n<\/tr>\n<\/tbody>\n<\/table>\n<p style=\"text-align: center;\"><a href=\"https:\/\/www3.poitiers-jeunes.com\/telechargements\/plan-expressifs-2023.jpg\">Lien vers le plan du festival.<\/a><\/p>\n","protected":false},"excerpt":{"rendered":"<p>Cin\u00e9 concert interactif Poitiers (86) Paris (75) Cr\u00e9ation 2023 Un cin\u00e9 concert o\u00f9 le public est acteur et d\u00e9cideur\u00a0! 1 &#8211; Vous visionnez 4 extraits de dessins anim\u00e9s. 2 &#8211; [&hellip;]<\/p>\n","protected":false},"featured_media":160,"template":"","meta":[],"product_brand":[],"product_cat":[15,20],"product_tag":[24],"class_list":{"0":"post-158","1":"product","2":"type-product","3":"status-publish","4":"has-post-thumbnail","6":"product_cat-non-classe","7":"product_cat-musique","8":"product_tag-samedi","10":"first","11":"instock","12":"shipping-taxable","13":"product-type-simple"},"_links":{"self":[{"href":"https:\/\/www3.poitiers-jeunes.com\/lesexpressifs2023\/wp-json\/wp\/v2\/product\/158","targetHints":{"allow":["GET"]}}],"collection":[{"href":"https:\/\/www3.poitiers-jeunes.com\/lesexpressifs2023\/wp-json\/wp\/v2\/product"}],"about":[{"href":"https:\/\/www3.poitiers-jeunes.com\/lesexpressifs2023\/wp-json\/wp\/v2\/types\/product"}],"wp:featuredmedia":[{"embeddable":true,"href":"https:\/\/www3.poitiers-jeunes.com\/lesexpressifs2023\/wp-json\/wp\/v2\/media\/160"}],"wp:attachment":[{"href":"https:\/\/www3.poitiers-jeunes.com\/lesexpressifs2023\/wp-json\/wp\/v2\/media?parent=158"}],"wp:term":[{"taxonomy":"product_brand","embeddable":true,"href":"https:\/\/www3.poitiers-jeunes.com\/lesexpressifs2023\/wp-json\/wp\/v2\/product_brand?post=158"},{"taxonomy":"product_cat","embeddable":true,"href":"https:\/\/www3.poitiers-jeunes.com\/lesexpressifs2023\/wp-json\/wp\/v2\/product_cat?post=158"},{"taxonomy":"product_tag","embeddable":true,"href":"https:\/\/www3.poitiers-jeunes.com\/lesexpressifs2023\/wp-json\/wp\/v2\/product_tag?post=158"}],"curies":[{"name":"wp","href":"https:\/\/api.w.org\/{rel}","templated":true}]}}