{"id":156,"date":"2023-09-04T14:56:04","date_gmt":"2023-09-04T12:56:04","guid":{"rendered":"https:\/\/www3.poitiers-jeunes.com\/lesexpressifs2023\/?post_type=product&#038;p=156"},"modified":"2023-09-13T12:07:20","modified_gmt":"2023-09-13T10:07:20","slug":"nod","status":"publish","type":"product","link":"https:\/\/www3.poitiers-jeunes.com\/lesexpressifs2023\/spectacle\/nod\/","title":{"rendered":"NOD"},"content":{"rendered":"<p><strong>De la transe et du dada !!<\/strong><\/p>\n<p>Transe tropicale<br \/>\nPoitiers (86)<br \/>\nCr\u00e9ation 2023<\/p>\n<p>Danse, danse, danse et transpire dans la transe&#8230; Tu aimes les rythmes d\u2019Afrique centrale et des cara\u00efbes, tu aimes le monde\u00a0? Alors viens te dandiner sans pudeur\u00a0!<\/p>\n<p>Ces cinq musiciens poitevins ont d\u00e9cid\u00e9 de se retrouver autour de la danse. Leur truc, coller et superposer diff\u00e9rents motifs afin de cr\u00e9er une surtension \u00e9lectrique. Les rythmes fous et leurs sons puissamment inclassables qui forment l\u2019ADN du groupe transportent le public dans une folle chaleur de la d\u00e9cadence nocturne.<\/p>\n<p>Ils portent une musique positivement \u00e9nerv\u00e9e, chaude, qui transpire. Influenc\u00e9s de claves tropicales et populaires, ils vont progressivement transformer cette ambiance chaleureuse en soir\u00e9e clubbing.<\/p>\n<p>NOD \u00e7a s\u2019\u00e9coute debout, tard, longtemps\u2026<\/p>\n<p>Paul Weeger \u2013 trompette, claviers<\/p>\n<p>Fred Meyer \u2013 guitare \u00e9lectrique<\/p>\n<p>Alain Josu\u00e9 \u2013 batterie<\/p>\n<p>Maxime Dancre \u2013 percussions<\/p>\n<p>Mathieu Bachelier \u2013 basse \u00e9lectrique<\/p>\n<p>&nbsp;<\/p>\n<p><a href=\"https:\/\/www.facebook.com\/profile.php?id=100065099914979\">https:\/\/www.facebook.com\/profile.php?id=100065099914979<\/a><\/p>\n<p>&nbsp;<\/p>\n<p><iframe loading=\"lazy\" src=\"\/\/www.youtube.com\/embed\/T1V-V6LJ-58?ab_channel=NOD\" width=\"560\" height=\"314\" allowfullscreen=\"allowfullscreen\"><\/iframe><\/p>\n<p>&nbsp;<\/p>\n<table style=\"border-collapse: collapse; width: 100%; height: 72px;\">\n<tbody>\n<tr style=\"height: 24px;\">\n<td style=\"width: 50%; text-align: right; height: 24px;\"><strong>Horaire :<br \/>\n<\/strong><\/td>\n<td style=\"width: 50%; height: 24px;\"><strong>\u00a0Samedi 23h00<br \/>\n<\/strong><\/td>\n<\/tr>\n<tr style=\"height: 24px;\">\n<td style=\"width: 50%; height: 24px; text-align: right;\"><strong>Lieu : <\/strong><\/td>\n<td style=\"width: 50%; height: 24px;\"><strong>\u00a02<\/strong><\/td>\n<\/tr>\n<tr style=\"height: 24px;\">\n<td style=\"width: 50%; height: 24px; text-align: right;\"><strong>Dur\u00e9e :<br \/>\n<\/strong><\/td>\n<td style=\"width: 50%; height: 24px;\"><strong>\u00a01h30<br \/>\n<\/strong><\/td>\n<\/tr>\n<\/tbody>\n<\/table>\n<p style=\"text-align: center;\"><a href=\"https:\/\/www3.poitiers-jeunes.com\/telechargements\/plan-expressifs-2023.jpg\">Lien vers le plan du festival.<\/a><\/p>\n","protected":false},"excerpt":{"rendered":"<p>De la transe et du dada !! Transe tropicale Poitiers (86) Cr\u00e9ation 2023 Danse, danse, danse et transpire dans la transe&#8230; Tu aimes les rythmes d\u2019Afrique centrale et des cara\u00efbes, [&hellip;]<\/p>\n","protected":false},"featured_media":157,"template":"","meta":[],"product_brand":[],"product_cat":[20],"product_tag":[24],"class_list":{"0":"post-156","1":"product","2":"type-product","3":"status-publish","4":"has-post-thumbnail","6":"product_cat-musique","7":"product_tag-samedi","9":"first","10":"instock","11":"shipping-taxable","12":"product-type-simple"},"_links":{"self":[{"href":"https:\/\/www3.poitiers-jeunes.com\/lesexpressifs2023\/wp-json\/wp\/v2\/product\/156","targetHints":{"allow":["GET"]}}],"collection":[{"href":"https:\/\/www3.poitiers-jeunes.com\/lesexpressifs2023\/wp-json\/wp\/v2\/product"}],"about":[{"href":"https:\/\/www3.poitiers-jeunes.com\/lesexpressifs2023\/wp-json\/wp\/v2\/types\/product"}],"wp:featuredmedia":[{"embeddable":true,"href":"https:\/\/www3.poitiers-jeunes.com\/lesexpressifs2023\/wp-json\/wp\/v2\/media\/157"}],"wp:attachment":[{"href":"https:\/\/www3.poitiers-jeunes.com\/lesexpressifs2023\/wp-json\/wp\/v2\/media?parent=156"}],"wp:term":[{"taxonomy":"product_brand","embeddable":true,"href":"https:\/\/www3.poitiers-jeunes.com\/lesexpressifs2023\/wp-json\/wp\/v2\/product_brand?post=156"},{"taxonomy":"product_cat","embeddable":true,"href":"https:\/\/www3.poitiers-jeunes.com\/lesexpressifs2023\/wp-json\/wp\/v2\/product_cat?post=156"},{"taxonomy":"product_tag","embeddable":true,"href":"https:\/\/www3.poitiers-jeunes.com\/lesexpressifs2023\/wp-json\/wp\/v2\/product_tag?post=156"}],"curies":[{"name":"wp","href":"https:\/\/api.w.org\/{rel}","templated":true}]}}