{"id":153,"date":"2023-09-04T14:48:51","date_gmt":"2023-09-04T12:48:51","guid":{"rendered":"https:\/\/www3.poitiers-jeunes.com\/lesexpressifs2023\/?post_type=product&#038;p=153"},"modified":"2023-10-02T11:46:01","modified_gmt":"2023-10-02T09:46:01","slug":"midi-a-louest-cie","status":"publish","type":"product","link":"https:\/\/www3.poitiers-jeunes.com\/lesexpressifs2023\/spectacle\/midi-a-louest-cie\/","title":{"rendered":"Midi \u00e0 l&rsquo;Ouest (Cie)"},"content":{"rendered":"<p><strong>Le Tarot de la Nuit<\/strong><\/p>\n<p>Th\u00e9\u00e2tre forain psychog\u00e9ographique<br \/>\nMarans (17)<br \/>\nCr\u00e9ation 2023<\/p>\n<p>Martine Tarot est la Madame Soleil de vos villes et de vos villages. Et en ces temps agit\u00e9s, elle est r\u00e9guli\u00e8rement consult\u00e9e*. Dans cette nouvelle bonne aventure, la truculente Martine est appel\u00e9e d&rsquo;urgence par un club d&rsquo;astronomes amateurs. L&rsquo;avenir de la Nuit est sombre pour cause de pollution lumineuse ! Un comble !<\/p>\n<p>Apr\u00e8s avoir tir\u00e9 les cartes du Tarot de la Nuit et men\u00e9 ses gu\u00eatres en ville et en campagne \u00e0 la recherche de preuves, d&rsquo;experts et de t\u00e9moins pour \u00e9clairer ses visions, Martine vous livre aujourd&rsquo;hui les r\u00e9sultats prospectifs de son enqu\u00eate tarologique. Demain, de quoi la Nuit sera faite, elle seule le sait !<\/p>\n<p>Une veill\u00e9e philosophique et joviale, un moment s\u00e9rieusement humoristique.<\/p>\n<p>\u00c0 partir de 10 ans.<\/p>\n<p>Soutien CNAREP sur le Pont dans le cadre des Fabriques R\u00e9unies.<\/p>\n<p><a href=\"http:\/\/www3.poitiers-jeunes.com\/lesexpressifs2023\/files\/2023\/09\/Logo-\u2022-Sur-le-Pont_sansfondHD.png\"><img loading=\"lazy\" decoding=\"async\" class=\"alignleft wp-image-352\" src=\"http:\/\/www3.poitiers-jeunes.com\/lesexpressifs2023\/files\/2023\/09\/Logo-\u2022-Sur-le-Pont_sansfondHD-1024x940.png\" alt=\"\" width=\"72\" height=\"66\" srcset=\"https:\/\/www3.poitiers-jeunes.com\/lesexpressifs2023\/files\/2023\/09\/Logo-\u2022-Sur-le-Pont_sansfondHD-1024x940.png 1024w, https:\/\/www3.poitiers-jeunes.com\/lesexpressifs2023\/files\/2023\/09\/Logo-\u2022-Sur-le-Pont_sansfondHD-300x275.png 300w, https:\/\/www3.poitiers-jeunes.com\/lesexpressifs2023\/files\/2023\/09\/Logo-\u2022-Sur-le-Pont_sansfondHD-768x705.png 768w, https:\/\/www3.poitiers-jeunes.com\/lesexpressifs2023\/files\/2023\/09\/Logo-\u2022-Sur-le-Pont_sansfondHD-1536x1410.png 1536w, https:\/\/www3.poitiers-jeunes.com\/lesexpressifs2023\/files\/2023\/09\/Logo-\u2022-Sur-le-Pont_sansfondHD-2048x1880.png 2048w, https:\/\/www3.poitiers-jeunes.com\/lesexpressifs2023\/files\/2023\/09\/Logo-\u2022-Sur-le-Pont_sansfondHD-600x551.png 600w, https:\/\/www3.poitiers-jeunes.com\/lesexpressifs2023\/files\/2023\/09\/Logo-\u2022-Sur-le-Pont_sansfondHD-126x116.png 126w\" sizes=\"auto, (max-width: 72px) 100vw, 72px\" \/><\/a><\/p>\n<p>&nbsp;<\/p>\n<p>&nbsp;<\/p>\n<p><em>* Voir les diff\u00e9rents Tarots r\u00e9alis\u00e9s sur les routes de France et de Navarre : La Rochelle, Pays-Basque, Marais poitevin&#8230;.<\/em><\/p>\n<p>&nbsp;<\/p>\n<p>Ecriture et jeu : Emilie Olivier<\/p>\n<p>Oeil ext\u00e9rieur : Elodie Reti\u00e8re<\/p>\n<p>Dramaturgie : Caroline Masini<\/p>\n<p>Illustrations : Am\u00e9lie Jackowski<\/p>\n<p>Cr\u00e9ation lumi\u00e8re et r\u00e9gie : Christophe Rouffy<\/p>\n<p>Production : Julie Potier \/ Cie Midi \u00e0 l&rsquo;Ouest<\/p>\n<p>Enqu\u00eates de terrain : PNR Landes de Gascogne, PNR P\u00e9rigord Limousin, La Rochelle.<\/p>\n<p>&nbsp;<\/p>\n<p>Partenaires et soutiens :<\/p>\n<p>Sur le Pont, CNAREP en Nouvelle- Aquitaine, OARA, PNR Landes de Gascogne, PNR Marais poitevin, Th\u00e9\u00e2tre Onyx-St Herblain, PNR P\u00e9rigord-Limousin (enqu\u00eate 2020), CDC Aunis-Atlantique, Fabriques R\u00e9UniEs.<\/p>\n<p>Avec le soutien de Sur le Pont, CNAREP en Nouvelle-Aquitaine, des Fabriques R\u00e9unies, du festival Les Expressifs et de la Ville de Poitiers.<\/p>\n<p><a href=\"https:\/\/ciemidialouest.jimdofree.com\/\">https:\/\/ciemidialouest.jimdofree.com\/<\/a><\/p>\n<p>&nbsp;<\/p>\n<p>Emission Champs Libres, le magazine TV :<\/p>\n<p><iframe loading=\"lazy\" src=\"\/\/www.youtube.com\/embed\/EukOwby-Dlc\" width=\"560\" height=\"314\" allowfullscreen=\"allowfullscreen\"><\/iframe><\/p>\n<p>&nbsp;<\/p>\n<p style=\"text-align: center;\"><strong>200 PERSONNES MAXIMUM<\/strong><\/p>\n<table style=\"border-collapse: collapse; width: 100%; height: 72px;\">\n<tbody>\n<tr style=\"height: 24px;\">\n<td style=\"width: 50%; text-align: right; height: 24px;\"><strong>Horaire :<br \/>\n<\/strong><\/td>\n<td style=\"width: 50%; height: 24px;\"><strong>\u00a0Vendredi 20h00 et Samedi 19h30<br \/>\n<\/strong><\/td>\n<\/tr>\n<tr style=\"height: 24px;\">\n<td style=\"width: 50%; height: 24px; text-align: right;\"><strong>Lieu : <\/strong><\/td>\n<td style=\"width: 50%; height: 24px;\"><strong>\u00a06<\/strong><\/td>\n<\/tr>\n<tr style=\"height: 24px;\">\n<td style=\"width: 50%; height: 24px; text-align: right;\"><strong>Dur\u00e9e :<br \/>\n<\/strong><\/td>\n<td style=\"width: 50%; height: 24px;\"><strong>\u00a01h15<br \/>\n<\/strong><\/td>\n<\/tr>\n<\/tbody>\n<\/table>\n<p style=\"text-align: center;\"><a href=\"https:\/\/www3.poitiers-jeunes.com\/telechargements\/plan-expressifs-2023.jpg\">Lien vers le plan du festival.<\/a><\/p>\n","protected":false},"excerpt":{"rendered":"<p>Le Tarot de la Nuit Th\u00e9\u00e2tre forain psychog\u00e9ographique Marans (17) Cr\u00e9ation 2023 Martine Tarot est la Madame Soleil de vos villes et de vos villages. Et en ces temps agit\u00e9s, [&hellip;]<\/p>\n","protected":false},"featured_media":155,"template":"","meta":[],"product_brand":[],"product_cat":[21],"product_tag":[24,26],"class_list":{"0":"post-153","1":"product","2":"type-product","3":"status-publish","4":"has-post-thumbnail","6":"product_cat-theatre-performance","7":"product_tag-samedi","8":"product_tag-vendredi","10":"first","11":"instock","12":"shipping-taxable","13":"product-type-simple"},"_links":{"self":[{"href":"https:\/\/www3.poitiers-jeunes.com\/lesexpressifs2023\/wp-json\/wp\/v2\/product\/153","targetHints":{"allow":["GET"]}}],"collection":[{"href":"https:\/\/www3.poitiers-jeunes.com\/lesexpressifs2023\/wp-json\/wp\/v2\/product"}],"about":[{"href":"https:\/\/www3.poitiers-jeunes.com\/lesexpressifs2023\/wp-json\/wp\/v2\/types\/product"}],"wp:featuredmedia":[{"embeddable":true,"href":"https:\/\/www3.poitiers-jeunes.com\/lesexpressifs2023\/wp-json\/wp\/v2\/media\/155"}],"wp:attachment":[{"href":"https:\/\/www3.poitiers-jeunes.com\/lesexpressifs2023\/wp-json\/wp\/v2\/media?parent=153"}],"wp:term":[{"taxonomy":"product_brand","embeddable":true,"href":"https:\/\/www3.poitiers-jeunes.com\/lesexpressifs2023\/wp-json\/wp\/v2\/product_brand?post=153"},{"taxonomy":"product_cat","embeddable":true,"href":"https:\/\/www3.poitiers-jeunes.com\/lesexpressifs2023\/wp-json\/wp\/v2\/product_cat?post=153"},{"taxonomy":"product_tag","embeddable":true,"href":"https:\/\/www3.poitiers-jeunes.com\/lesexpressifs2023\/wp-json\/wp\/v2\/product_tag?post=153"}],"curies":[{"name":"wp","href":"https:\/\/api.w.org\/{rel}","templated":true}]}}