{"id":144,"date":"2023-09-04T12:21:11","date_gmt":"2023-09-04T10:21:11","guid":{"rendered":"https:\/\/www3.poitiers-jeunes.com\/lesexpressifs2023\/?post_type=product&#038;p=144"},"modified":"2023-09-13T12:04:41","modified_gmt":"2023-09-13T10:04:41","slug":"marzouk-machine","status":"publish","type":"product","link":"https:\/\/www3.poitiers-jeunes.com\/lesexpressifs2023\/spectacle\/marzouk-machine\/","title":{"rendered":"Marzouk Machine"},"content":{"rendered":"<p><strong>Apocalypse<\/strong><\/p>\n<p>Science-fiction de rue<br \/>\nLyon (69)<\/p>\n<p>Ch\u00e8res \u00eatres vivantes ! C\u2019est avec une immense honneur que nous vous invitons ces 7 et 8 octobre 2053 \u00e0 comm\u00e9morer pour la premi\u00e8re fois depuis 50 ans l\u2019Apocalypse. Une r\u00e9trospective th\u00e9\u00e2trale retracera les \u00e9v\u00e9nements qui ont fait basculer la destin de l\u2019humanit\u00e9. Nous vous attendons nombreuses pour cette jour de f\u00eate. Vive la terre.<\/p>\n<p>La compagnie Marzouk Machine se donne pour mission de sauver l&rsquo;humanit\u00e9 en cr\u00e9ant des spectacles \u00e0 la fois populaires et insolents. C&rsquo;est dur, mais elle ne l\u00e2che rien ! Car pour elle un monde meilleur est possible. Gros bisous.<\/p>\n<p>Dur\u00e9e : 1h45<\/p>\n<p>A partir de 10 ans.<\/p>\n<p>&nbsp;<\/p>\n<p><a href=\"http:\/\/www3.poitiers-jeunes.com\/lesexpressifs2023\/files\/2023\/09\/\u00a9-Loic-Nys-1-scaled.jpg\"><img loading=\"lazy\" decoding=\"async\" class=\"aligncenter size-large wp-image-146\" src=\"http:\/\/www3.poitiers-jeunes.com\/lesexpressifs2023\/files\/2023\/09\/\u00a9-Loic-Nys-1-1024x683.jpg\" alt=\"\" width=\"1024\" height=\"683\" srcset=\"https:\/\/www3.poitiers-jeunes.com\/lesexpressifs2023\/files\/2023\/09\/\u00a9-Loic-Nys-1-1024x683.jpg 1024w, https:\/\/www3.poitiers-jeunes.com\/lesexpressifs2023\/files\/2023\/09\/\u00a9-Loic-Nys-1-300x200.jpg 300w, https:\/\/www3.poitiers-jeunes.com\/lesexpressifs2023\/files\/2023\/09\/\u00a9-Loic-Nys-1-768x512.jpg 768w, https:\/\/www3.poitiers-jeunes.com\/lesexpressifs2023\/files\/2023\/09\/\u00a9-Loic-Nys-1-1536x1024.jpg 1536w, https:\/\/www3.poitiers-jeunes.com\/lesexpressifs2023\/files\/2023\/09\/\u00a9-Loic-Nys-1-2048x1365.jpg 2048w, https:\/\/www3.poitiers-jeunes.com\/lesexpressifs2023\/files\/2023\/09\/\u00a9-Loic-Nys-1-275x184.jpg 275w, https:\/\/www3.poitiers-jeunes.com\/lesexpressifs2023\/files\/2023\/09\/\u00a9-Loic-Nys-1-244x164.jpg 244w, https:\/\/www3.poitiers-jeunes.com\/lesexpressifs2023\/files\/2023\/09\/\u00a9-Loic-Nys-1-600x400.jpg 600w, https:\/\/www3.poitiers-jeunes.com\/lesexpressifs2023\/files\/2023\/09\/\u00a9-Loic-Nys-1-174x116.jpg 174w\" sizes=\"auto, (max-width: 1024px) 100vw, 1024px\" \/><\/a><\/p>\n<p>&nbsp;<\/p>\n<p><u>Distribution <\/u>:<\/p>\n<p>Cr\u00e9ation collective dirig\u00e9e par Sarah Daugas Marzouk<\/p>\n<p>\u00c9criture et mise en sc\u00e8ne :\u00a0 Sarah Daugas Marzouk<\/p>\n<p>Avec Th\u00e9odore Carriqui, Ana\u00efs Petitjean et Marl\u00e8ne Serluppus<\/p>\n<p>R\u00e9gie son et plateau (en alternance) : Brice Lagen\u00e8bre\/Sarah Daugas Marzouk et Nicolas Douchet\/Marie Bernardin<\/p>\n<p>R\u00e9gie g\u00e9n\u00e9rale : Nicolas Douchet<\/p>\n<p>Assistant \u00e0 la mise en sc\u00e8ne : Brice Lagen\u00e8bre<\/p>\n<p>Technique et construction : L\u00e9a Sabot, Marie Bernardin et J\u00e9r\u00f4me Champlet<\/p>\n<p>Cr\u00e9ation musicale : Th\u00e9odore Carriqui et Marc Pr\u00e9pus<\/p>\n<p>Costumes : Julie Honor\u00e9 et Thierry Simounet<\/p>\n<p>Production : Natahlie Diebold<\/p>\n<p>Diffusion : Esther H\u00e9lias<\/p>\n<p>Remerciements pour leurs regards et conseils : Nicolas Granet, Charlotte Meurisse et Alexandre Pavlata<\/p>\n<p>Production : Association Marzouk Machine<\/p>\n<p><u>\u00a0<\/u><\/p>\n<p><u>Soutiens financiers :<\/u><br \/>\nR\u00e9gion Auvergne Rh\u00f4ne-Alpes \/ Direction G\u00e9n\u00e9rale de la Cr\u00e9ation Artistique \/ DRAC Auvergne Rh\u00f4ne-Alpes \/ L&rsquo;ADAMI \/ La SPEDIDAM \/ M\u00e9tropole de Lyon \/ R\u00e9sidences et aides \u00e0 la cr\u00e9ation : Atelier 231, Centre National des Arts de la Rue et de l\u2019Espace Public \u00e0 Sotteville-l\u00e8s-Rouen (76) \/ Superstrat &#8211; Parcours d&rsquo;exp\u00e9riences artistiques (Saint-Bonnet-le-Ch\u00e2teau, 42) en partenariat avec les Ateliers Frappaz &#8211;\u00a0 Centre National des Arts de la Rue et de l&rsquo;Espace Public de Villeurbanne (69) et la Ferme de Neulise (42) \/ Th\u00e9\u00e2tre de Givors &#8211; Festival Les Hommes Forts, Givors (69) \/ L&rsquo;association ALARUE et Le Club des 6, Nevers (58) \/ Quelques p\u2019Arts\u2026 Centre National des Arts de la Rue et de l\u2019Espace Public, Boulieu-l\u00e8s-Annonay (07) \/ La Laverie, St-\u00c9tienne (42) \/ La Dame d\u2019Angleterre, Brignon (30) \/ La Vache Qui Rue, Lieu de Fabrique des Arts de la Rue, Moirans en Montagne (39) \/ Accueils en r\u00e9sidence : L&rsquo;Abattoir &#8211; CNAREP, Chalon-sur-Sa\u00f4ne (71) \/ La Bobine, Grenoble (38) \/ Le Th\u00e9\u00e2tre de l&rsquo;Unit\u00e9, Audincourt (25) \/ La Friche Lamartine, Lyon (69), avec la complicit\u00e9 de KompleX Kapharna\u00fcM, Vaulx-en-Velin (69).<\/p>\n<p>&nbsp;<\/p>\n<p><a href=\"https:\/\/marzoukmachine.wixsite.com\/marzoukmachine\">https:\/\/marzoukmachine.wixsite.com\/marzoukmachine<\/a><\/p>\n<p>&nbsp;<\/p>\n<p><iframe loading=\"lazy\" src=\"\/\/www.youtube.com\/embed\/XsEstVICan0\" width=\"560\" height=\"314\" allowfullscreen=\"allowfullscreen\"><\/iframe><\/p>\n<p>&nbsp;<\/p>\n<table style=\"border-collapse: collapse; width: 100%; height: 72px;\">\n<tbody>\n<tr style=\"height: 24px;\">\n<td style=\"width: 50%; text-align: right; height: 24px;\"><strong>Horaire :<br \/>\n<\/strong><\/td>\n<td style=\"width: 50%; height: 24px;\"><strong>\u00a0Samedi 16h00 et Dimanche 16h30<br \/>\n<\/strong><\/td>\n<\/tr>\n<tr style=\"height: 24px;\">\n<td style=\"width: 50%; height: 24px; text-align: right;\"><strong>Lieu : <\/strong><\/td>\n<td style=\"width: 50%; height: 24px;\"><strong>\u00a09<\/strong><\/td>\n<\/tr>\n<tr style=\"height: 24px;\">\n<td style=\"width: 50%; height: 24px; text-align: right;\"><strong>Dur\u00e9e :<br \/>\n<\/strong><\/td>\n<td style=\"width: 50%; height: 24px;\"><strong>\u00a01h45<\/strong><\/td>\n<\/tr>\n<\/tbody>\n<\/table>\n<p style=\"text-align: center;\"><a href=\"https:\/\/www3.poitiers-jeunes.com\/telechargements\/plan-expressifs-2023.jpg\">Lien vers le plan du festival.<\/a><\/p>\n","protected":false},"excerpt":{"rendered":"<p>Apocalypse Science-fiction de rue Lyon (69) Ch\u00e8res \u00eatres vivantes ! C\u2019est avec une immense honneur que nous vous invitons ces 7 et 8 octobre 2053 \u00e0 comm\u00e9morer pour la premi\u00e8re [&hellip;]<\/p>\n","protected":false},"featured_media":145,"template":"","meta":[],"product_brand":[],"product_cat":[21],"product_tag":[25,24],"class_list":{"0":"post-144","1":"product","2":"type-product","3":"status-publish","4":"has-post-thumbnail","6":"product_cat-theatre-performance","7":"product_tag-dimanche","8":"product_tag-samedi","10":"first","11":"instock","12":"shipping-taxable","13":"product-type-simple"},"_links":{"self":[{"href":"https:\/\/www3.poitiers-jeunes.com\/lesexpressifs2023\/wp-json\/wp\/v2\/product\/144","targetHints":{"allow":["GET"]}}],"collection":[{"href":"https:\/\/www3.poitiers-jeunes.com\/lesexpressifs2023\/wp-json\/wp\/v2\/product"}],"about":[{"href":"https:\/\/www3.poitiers-jeunes.com\/lesexpressifs2023\/wp-json\/wp\/v2\/types\/product"}],"wp:featuredmedia":[{"embeddable":true,"href":"https:\/\/www3.poitiers-jeunes.com\/lesexpressifs2023\/wp-json\/wp\/v2\/media\/145"}],"wp:attachment":[{"href":"https:\/\/www3.poitiers-jeunes.com\/lesexpressifs2023\/wp-json\/wp\/v2\/media?parent=144"}],"wp:term":[{"taxonomy":"product_brand","embeddable":true,"href":"https:\/\/www3.poitiers-jeunes.com\/lesexpressifs2023\/wp-json\/wp\/v2\/product_brand?post=144"},{"taxonomy":"product_cat","embeddable":true,"href":"https:\/\/www3.poitiers-jeunes.com\/lesexpressifs2023\/wp-json\/wp\/v2\/product_cat?post=144"},{"taxonomy":"product_tag","embeddable":true,"href":"https:\/\/www3.poitiers-jeunes.com\/lesexpressifs2023\/wp-json\/wp\/v2\/product_tag?post=144"}],"curies":[{"name":"wp","href":"https:\/\/api.w.org\/{rel}","templated":true}]}}