{"id":139,"date":"2023-09-04T11:37:59","date_gmt":"2023-09-04T09:37:59","guid":{"rendered":"https:\/\/www3.poitiers-jeunes.com\/lesexpressifs2023\/?post_type=product&#038;p=139"},"modified":"2023-09-13T12:04:23","modified_gmt":"2023-09-13T10:04:23","slug":"les-freres-jacquard","status":"publish","type":"product","link":"https:\/\/www3.poitiers-jeunes.com\/lesexpressifs2023\/spectacle\/les-freres-jacquard\/","title":{"rendered":"Les Fr\u00e8res Jacquard"},"content":{"rendered":"<p><strong>Ze New Bamboche<\/strong><\/p>\n<p>Show musical burlesque<br \/>\nGenolhac (30)<br \/>\nCr\u00e9ation 2023<\/p>\n<p>Et c&rsquo;est reparti pour un tour en Jacquaravane avec un nouveau spectacle : Ze New Bamboche !<\/p>\n<p>Nouveau look pour les Jacquard, toujours un peu en avance sur la mode. Nouveaux am\u00e9nagements pour leur \u00ab Olympia sur roulettes \u00bb, toujours au top du caravaning.<\/p>\n<p>Il n&rsquo;en fallait pas moins pour pr\u00e9senter leur tout nouveau r\u00e9pertoire :\u00a0 un hommage vibrant \u00e0 ces titres incontournables de la bamboche \u00e0 la fran\u00e7aise : \u00ab Viens boire un p\u2019tit coup en September \u00bb d\u2019Earth, Wind and Licence IV, ou encore \u00ab Au Bal Myself \u00bb de La Compagnie Dion, ainsi que des morceaux choisis de Village Gainsbourg, Queen Cordy et un tas d\u2019autres in\u00e9dits.<\/p>\n<p>C&rsquo;est avec une v\u00e9ritable volont\u00e9 de r\u00e9habilitation que les 3 fr\u00e8res vous interpr\u00e9teront les textes des plus grands auteurs francophones, injustement class\u00e9s \u00ab\u00a0ringards\u00a0\u00bb, sur les plus belles musiques disco\/pop\/rock des ann\u00e9es 70\/80.<\/p>\n<p>Tout \u00e7a \u00e0 la sauce Jacquard ; un floril\u00e8ge de mash-up de haut vol relev\u00e9 \u00e0 l\u2019huile essentielle de Bashung, Renaud ou Balavoine, avec vraiment plein de fum\u00e9e et de lumi\u00e8res qui clignotent pour faire comme au Z\u00e9nith, des karaok\u00e9s d\u2019anthologie et des chor\u00e9graphies&#8230; heu, comment dire \u2026 particuli\u00e8res !<\/p>\n<p>De l\u2019humour, de la musique, 3 personnages hors du temps, pour une bamboche interg\u00e9n\u00e9rationnelle inoubliable (sauf pour les personnes tr\u00e8s \u00e2g\u00e9es&#8230; \u00e9videmment.)<\/p>\n<p>&nbsp;<\/p>\n<p>Distribution :<\/p>\n<p>Musiciens : Les Fr\u00e8res Jacquard (Jean Michel, Jean-St\u00e9phane et Jean-Corentin)<\/p>\n<p>Mise en son : Jean-S\u00e9bastien Gratas<\/p>\n<p>Administration et production : Cambou Sophie<\/p>\n<p>Production :\u00a0 En Voiture Monique Scop ARL<\/p>\n<p>Coproductions et accueils en r\u00e9sidence : La maison de l\u2019eau &#8211; (30), Akwaba (84), Le Crat\u00e8re- sc\u00e8ne nationale Al\u00e8s (30) \u2013 La Dame d\u2019Angleterre (30)<\/p>\n<p>Soutiens : La R\u00e9gion Occitanie, D\u00e9partement du Gard , Spedidam.<\/p>\n<p>&nbsp;<\/p>\n<p><a href=\"https:\/\/3615freresjacquard.com\/\">https:\/\/3615freresjacquard.com\/<\/a><\/p>\n<p>&nbsp;<\/p>\n<table style=\"border-collapse: collapse; width: 100%; height: 72px;\">\n<tbody>\n<tr style=\"height: 24px;\">\n<td style=\"width: 50%; text-align: right; height: 24px;\"><strong>Horaire :<br \/>\n<\/strong><\/td>\n<td style=\"width: 50%; height: 24px;\"><strong>\u00a0Dimanche 18h45<br \/>\n<\/strong><\/td>\n<\/tr>\n<tr style=\"height: 24px;\">\n<td style=\"width: 50%; height: 24px; text-align: right;\"><strong>Lieu : <\/strong><\/td>\n<td style=\"width: 50%; height: 24px;\"><strong>\u00a05<\/strong><\/td>\n<\/tr>\n<tr style=\"height: 24px;\">\n<td style=\"width: 50%; height: 24px; text-align: right;\"><strong>Dur\u00e9e :<br \/>\n<\/strong><\/td>\n<td style=\"width: 50%; height: 24px;\"><strong>\u00a01h20<br \/>\n<\/strong><\/td>\n<\/tr>\n<\/tbody>\n<\/table>\n<p style=\"text-align: center;\"><a href=\"https:\/\/www3.poitiers-jeunes.com\/telechargements\/plan-expressifs-2023.jpg\">Lien vers le plan du festival.<\/a><\/p>\n","protected":false},"excerpt":{"rendered":"<p>Ze New Bamboche Show musical burlesque Genolhac (30) Cr\u00e9ation 2023 Et c&rsquo;est reparti pour un tour en Jacquaravane avec un nouveau spectacle : Ze New Bamboche ! Nouveau look pour [&hellip;]<\/p>\n","protected":false},"featured_media":140,"template":"","meta":[],"product_brand":[],"product_cat":[20,21],"product_tag":[25],"class_list":{"0":"post-139","1":"product","2":"type-product","3":"status-publish","4":"has-post-thumbnail","6":"product_cat-musique","7":"product_cat-theatre-performance","8":"product_tag-dimanche","10":"first","11":"instock","12":"shipping-taxable","13":"product-type-simple"},"_links":{"self":[{"href":"https:\/\/www3.poitiers-jeunes.com\/lesexpressifs2023\/wp-json\/wp\/v2\/product\/139","targetHints":{"allow":["GET"]}}],"collection":[{"href":"https:\/\/www3.poitiers-jeunes.com\/lesexpressifs2023\/wp-json\/wp\/v2\/product"}],"about":[{"href":"https:\/\/www3.poitiers-jeunes.com\/lesexpressifs2023\/wp-json\/wp\/v2\/types\/product"}],"wp:featuredmedia":[{"embeddable":true,"href":"https:\/\/www3.poitiers-jeunes.com\/lesexpressifs2023\/wp-json\/wp\/v2\/media\/140"}],"wp:attachment":[{"href":"https:\/\/www3.poitiers-jeunes.com\/lesexpressifs2023\/wp-json\/wp\/v2\/media?parent=139"}],"wp:term":[{"taxonomy":"product_brand","embeddable":true,"href":"https:\/\/www3.poitiers-jeunes.com\/lesexpressifs2023\/wp-json\/wp\/v2\/product_brand?post=139"},{"taxonomy":"product_cat","embeddable":true,"href":"https:\/\/www3.poitiers-jeunes.com\/lesexpressifs2023\/wp-json\/wp\/v2\/product_cat?post=139"},{"taxonomy":"product_tag","embeddable":true,"href":"https:\/\/www3.poitiers-jeunes.com\/lesexpressifs2023\/wp-json\/wp\/v2\/product_tag?post=139"}],"curies":[{"name":"wp","href":"https:\/\/api.w.org\/{rel}","templated":true}]}}