{"id":132,"date":"2023-09-04T11:11:47","date_gmt":"2023-09-04T09:11:47","guid":{"rendered":"https:\/\/www3.poitiers-jeunes.com\/lesexpressifs2023\/?post_type=product&#038;p=132"},"modified":"2023-09-21T17:28:39","modified_gmt":"2023-09-21T15:28:39","slug":"la-patte-folle-zo-prod-cie","status":"publish","type":"product","link":"https:\/\/www3.poitiers-jeunes.com\/lesexpressifs2023\/spectacle\/la-patte-folle-zo-prod-cie\/","title":{"rendered":"La Patte Folle\/Zo Prod (Cie)"},"content":{"rendered":"<p><strong>Feu Follet<\/strong><\/p>\n<p>Marionnette<br \/>\nPoitiers (86)<br \/>\nCr\u00e9ation 2023<\/p>\n<p>Se trame la rencontre entre un corps, dont la m\u00e9canique lourde et froide est difficile \u00e0 mouvoir, et les trois flammes de son esprit, qui vont peu \u00e0 peu l\u2019approcher, le r\u00e9chauffer et l\u2019apprivoiser. Ensemble, ils vont chercher un \u00e9quilibre, trouver un rythme et comprendre l\u2019influence qu\u2019ils ont les un-es sur les autres. C\u2019est la d\u00e9couverte d\u2019une nouvelle libert\u00e9 : celle d\u2019un corps en mouvement, qui s\u2019agite et qui danse. Port\u00e9 par la musique et aid\u00e9 par ses manipulateur.ices, ce squelette va surmonter une grande peur commune \u00e0 tous.tes, celle du regard des autres, pour enfin s\u2019affirmer et devenir pleinement lui-m\u00eame.<\/p>\n<p>C\u2019est un spectacle pluridisciplinaire, m\u00ealant manipulation de marionnette et chor\u00e9graphie de la marionnette et de ses manipulateur.ice.s \u00e0 travers un syst\u00e8me d\u2019attache de fil, directement reli\u00e9s au corps des manipulateur.ices permettant des mouvements synchronis\u00e9s. De plus, le jeu des manipulateur.ice.s fait sens dans la trame du spectacle, il n\u2019est donc plus question uniquement de l\u2019histoire d\u2019Enclume mais aussi de celle de ses feux follets.<\/p>\n<p>Ce spectacle aborde des probl\u00e9matiques contemporaines et soci\u00e9tales li\u00e9es au monde de l\u2019image auquel nous appartenons tous.tes, malgr\u00e9 nous. Il parle de la peur des autres, du manque de confiance, mais aussi du d\u00e9passement de soi pour aller au-del\u00e0 des a priori qui nous collent \u00e0 la peau pour enfin r\u00e9v\u00e9ler et lib\u00e9rer nos squelettes que nous contraignons sans cesse. A partir de\u00a04 ans.<\/p>\n<p>&nbsp;<\/p>\n<p><u>Distribution :<\/u><\/p>\n<p>Manipulation et danse :<\/p>\n<p>CAMILLE BERTUOL &#8211; VALENTIN MARNAY &#8211; ANNE MARQUIS<\/p>\n<p>+ 1 Technicien-ne : MATIS PICHON \/ PAUL LEVRAULT \/ MARVIN HAY<\/p>\n<p>&nbsp;<\/p>\n<p>Accompagnant.e.s Artistiques<\/p>\n<p>Regard g\u00e9n\u00e9ral, chor\u00e9graphie et mise en mouvement :<\/p>\n<p>JULIE DOSSAVI (Cie Julie Dossavi)<\/p>\n<p>&nbsp;<\/p>\n<p>Regard \u00e9criture et dramaturgique :<\/p>\n<p>SEBASTIEN GUILLET (Cie Les Humains Gauches)<\/p>\n<p>&nbsp;<\/p>\n<p>Chasseur de son et composition :<\/p>\n<p>PIERRE HUGINN DABEK<\/p>\n<p>&nbsp;<\/p>\n<p>Cr\u00e9ation lumi\u00e8re :<\/p>\n<p>FLORENT JADAUD<\/p>\n<p>&nbsp;<\/p>\n<p>Costumi\u00e8re :<\/p>\n<p>CLARISSE BAUDINI\u00c8RE (Artiste costumi\u00e8re)<\/p>\n<p>&nbsp;<\/p>\n<p>Construction :<\/p>\n<p>CAMILLE BERTUOL &#8211; VALENTIN MARNAY &#8211; ANNE MARQUIS &#8211; LYDIE HERMENT &#8211; MARIO COUTANT<\/p>\n<p>&nbsp;<\/p>\n<p>Photographie, vid\u00e9o :<\/p>\n<p>ANNE SOPHIE PYVKA (TOUM)<\/p>\n<p>MARVIN HAY<\/p>\n<p>&nbsp;<\/p>\n<p>Soutiens : ville de Poitiers, DRAC, sc\u00e8ne nationale d&rsquo;Aubusson, centre de la marionnette Bruxelles-Wallonie.<\/p>\n<p><a href=\"https:\/\/www.prefectures-regions.gouv.fr\/nouvelle-aquitaine\"><img loading=\"lazy\" decoding=\"async\" class=\"wp-image-127 alignleft\" src=\"http:\/\/www3.poitiers-jeunes.com\/lesexpressifs2023\/files\/2023\/09\/PREFETE_region_Nouvelle_Aquitaine_Couleurs-1024x644.jpg\" alt=\"\" width=\"149\" height=\"94\" srcset=\"https:\/\/www3.poitiers-jeunes.com\/lesexpressifs2023\/files\/2023\/09\/PREFETE_region_Nouvelle_Aquitaine_Couleurs-1024x644.jpg 1024w, https:\/\/www3.poitiers-jeunes.com\/lesexpressifs2023\/files\/2023\/09\/PREFETE_region_Nouvelle_Aquitaine_Couleurs-300x189.jpg 300w, https:\/\/www3.poitiers-jeunes.com\/lesexpressifs2023\/files\/2023\/09\/PREFETE_region_Nouvelle_Aquitaine_Couleurs-768x483.jpg 768w, https:\/\/www3.poitiers-jeunes.com\/lesexpressifs2023\/files\/2023\/09\/PREFETE_region_Nouvelle_Aquitaine_Couleurs-1536x966.jpg 1536w, https:\/\/www3.poitiers-jeunes.com\/lesexpressifs2023\/files\/2023\/09\/PREFETE_region_Nouvelle_Aquitaine_Couleurs-2048x1288.jpg 2048w, https:\/\/www3.poitiers-jeunes.com\/lesexpressifs2023\/files\/2023\/09\/PREFETE_region_Nouvelle_Aquitaine_Couleurs-600x377.jpg 600w, https:\/\/www3.poitiers-jeunes.com\/lesexpressifs2023\/files\/2023\/09\/PREFETE_region_Nouvelle_Aquitaine_Couleurs-184x116.jpg 184w\" sizes=\"auto, (max-width: 149px) 100vw, 149px\" \/><\/a><a href=\"https:\/\/www.poitiers.fr\/\"><img loading=\"lazy\" decoding=\"async\" class=\"wp-image-133 alignleft\" src=\"http:\/\/www3.poitiers-jeunes.com\/lesexpressifs2023\/files\/2023\/09\/logo_ville_poitiers_0.jpg\" alt=\"\" width=\"147\" height=\"84\" srcset=\"https:\/\/www3.poitiers-jeunes.com\/lesexpressifs2023\/files\/2023\/09\/logo_ville_poitiers_0.jpg 990w, https:\/\/www3.poitiers-jeunes.com\/lesexpressifs2023\/files\/2023\/09\/logo_ville_poitiers_0-300x172.jpg 300w, https:\/\/www3.poitiers-jeunes.com\/lesexpressifs2023\/files\/2023\/09\/logo_ville_poitiers_0-768x439.jpg 768w, https:\/\/www3.poitiers-jeunes.com\/lesexpressifs2023\/files\/2023\/09\/logo_ville_poitiers_0-600x343.jpg 600w, https:\/\/www3.poitiers-jeunes.com\/lesexpressifs2023\/files\/2023\/09\/logo_ville_poitiers_0-203x116.jpg 203w\" sizes=\"auto, (max-width: 147px) 100vw, 147px\" \/><\/a><\/p>\n<p>&nbsp;<\/p>\n<p>&nbsp;<\/p>\n<p>&nbsp;<\/p>\n<p>&nbsp;<\/p>\n<p><a href=\"https:\/\/cielapattefolle.wixsite.com\/home\">https:\/\/cielapattefolle.wixsite.com\/home<\/a><\/p>\n<p>&nbsp;<\/p>\n<p>Teaser du spectacle :<\/p>\n<p><iframe loading=\"lazy\" src=\"\/\/www.youtube.com\/embed\/fIVCq9C5Jkg\" width=\"560\" height=\"314\" allowfullscreen=\"allowfullscreen\"><\/iframe><\/p>\n<p>&nbsp;<\/p>\n<p>Extraits du spectacle :<\/p>\n<p><iframe loading=\"lazy\" src=\"\/\/www.youtube.com\/embed\/IMU9ssqZY6c?list=PLfnacezdV9Kldx9yn6pgmE8j9yywk8OyS&amp;index=3\" width=\"560\" height=\"314\" allowfullscreen=\"allowfullscreen\"><\/iframe><\/p>\n<p>&nbsp;<\/p>\n<p><strong>Accessible aux personnes sourdes et malentendantes.<\/strong><\/p>\n<p>&nbsp;<\/p>\n<p style=\"text-align: center;\"><strong>250 PERSONNES MAXIMUM<\/strong><\/p>\n<table style=\"border-collapse: collapse; width: 100%; height: 72px;\">\n<tbody>\n<tr style=\"height: 24px;\">\n<td style=\"width: 50%; text-align: right; height: 24px;\"><strong>Horaire :<br \/>\n<\/strong><\/td>\n<td style=\"width: 50%; height: 24px;\"><strong>\u00a0Dimanche 16h30<br \/>\n<\/strong><\/td>\n<\/tr>\n<tr style=\"height: 24px;\">\n<td style=\"width: 50%; height: 24px; text-align: right;\"><strong>Lieu : <\/strong><\/td>\n<td style=\"width: 50%; height: 24px;\"><strong>\u00a01<\/strong><\/td>\n<\/tr>\n<tr style=\"height: 24px;\">\n<td style=\"width: 50%; height: 24px; text-align: right;\"><strong>Dur\u00e9e :<br \/>\n<\/strong><\/td>\n<td style=\"width: 50%; height: 24px;\"><strong>\u00a045 min<br \/>\n<\/strong><\/td>\n<\/tr>\n<\/tbody>\n<\/table>\n<p style=\"text-align: center;\"><a href=\"https:\/\/www3.poitiers-jeunes.com\/telechargements\/plan-expressifs-2023.jpg\">Lien vers le plan du festival.<\/a><\/p>\n","protected":false},"excerpt":{"rendered":"<p>Feu Follet Marionnette Poitiers (86) Cr\u00e9ation 2023 Se trame la rencontre entre un corps, dont la m\u00e9canique lourde et froide est difficile \u00e0 mouvoir, et les trois flammes de son [&hellip;]<\/p>\n","protected":false},"featured_media":143,"template":"","meta":[],"product_brand":[],"product_cat":[22,15,21],"product_tag":[25],"class_list":{"0":"post-132","1":"product","2":"type-product","3":"status-publish","4":"has-post-thumbnail","6":"product_cat-accessible-aux-personnes-sourdes-et-malentendantes","7":"product_cat-non-classe","8":"product_cat-theatre-performance","9":"product_tag-dimanche","11":"first","12":"instock","13":"shipping-taxable","14":"product-type-simple"},"_links":{"self":[{"href":"https:\/\/www3.poitiers-jeunes.com\/lesexpressifs2023\/wp-json\/wp\/v2\/product\/132","targetHints":{"allow":["GET"]}}],"collection":[{"href":"https:\/\/www3.poitiers-jeunes.com\/lesexpressifs2023\/wp-json\/wp\/v2\/product"}],"about":[{"href":"https:\/\/www3.poitiers-jeunes.com\/lesexpressifs2023\/wp-json\/wp\/v2\/types\/product"}],"wp:featuredmedia":[{"embeddable":true,"href":"https:\/\/www3.poitiers-jeunes.com\/lesexpressifs2023\/wp-json\/wp\/v2\/media\/143"}],"wp:attachment":[{"href":"https:\/\/www3.poitiers-jeunes.com\/lesexpressifs2023\/wp-json\/wp\/v2\/media?parent=132"}],"wp:term":[{"taxonomy":"product_brand","embeddable":true,"href":"https:\/\/www3.poitiers-jeunes.com\/lesexpressifs2023\/wp-json\/wp\/v2\/product_brand?post=132"},{"taxonomy":"product_cat","embeddable":true,"href":"https:\/\/www3.poitiers-jeunes.com\/lesexpressifs2023\/wp-json\/wp\/v2\/product_cat?post=132"},{"taxonomy":"product_tag","embeddable":true,"href":"https:\/\/www3.poitiers-jeunes.com\/lesexpressifs2023\/wp-json\/wp\/v2\/product_tag?post=132"}],"curies":[{"name":"wp","href":"https:\/\/api.w.org\/{rel}","templated":true}]}}