{"id":129,"date":"2023-09-04T10:53:11","date_gmt":"2023-09-04T08:53:11","guid":{"rendered":"https:\/\/www3.poitiers-jeunes.com\/lesexpressifs2023\/?post_type=product&#038;p=129"},"modified":"2023-09-19T12:09:21","modified_gmt":"2023-09-19T10:09:21","slug":"la-fausse-compagnie","status":"publish","type":"product","link":"https:\/\/www3.poitiers-jeunes.com\/lesexpressifs2023\/spectacle\/la-fausse-compagnie\/","title":{"rendered":"La fausse compagnie"},"content":{"rendered":"<p><strong>Sama Le\u00ef<\/strong><\/p>\n<p>Aventure po\u00e9tique intuitive<br \/>\nLa Roche Posay (86)<br \/>\nCr\u00e9ation 2023<\/p>\n<p>En 1900, pendant les premiers balbutiements des enregistrements sonores, Augustus Stroh, ing\u00e9nieur des t\u00e9l\u00e9graphes, adapte les instruments \u00e0 cordes en les dotant d\u2019un syst\u00e8me d\u2019amplification m\u00e9canique avec une membrane et un pavillon (pour remplacer la caisse de r\u00e9sonance classique).<\/p>\n<p>Un si\u00e8cle plus tard, La Fausse Compagnie se lance dans la reconstruction de ces instruments : Stroh-violin, Stroh-cello et Stroh-bass (violon, violoncelle, contrebasse) et d\u00e9cline trois cr\u00e9ations faisant partie du \u00abProjet Stroh\u00bb (Le Chant des Pavillons, VibratO, Sama Le\u00ef). Dot\u00e9s de leurs instruments r\u00e9invent\u00e9s et de leurs cordes vocales, les artistes partagent une musique douce et sensible, librement inspir\u00e9e de musiques d\u2019ici et d\u2019ailleurs.<\/p>\n<p>Pendant l\u2019\u00e9t\u00e9 2020, les membres du Chant des Pavillons croisent Lior Shoov, musicienne inclassable \u00e0 l\u2019univers tendre et vuln\u00e9rable. Multi-instrumentiste, elle pratique aussi bien le ukul\u00e9l\u00e9 (Stroh pour l\u2019occasion) et le chant intime que la percussion sur herbe mouill\u00e9e et le cri du monde.<\/p>\n<p>Sama Le\u00ef est le fruit de cette rencontre hors des sentiers battus. Ensemble, ces 4 artistes cultivent l\u2019instant pr\u00e9sent et le font vibrer pour le plus grand bonheur de public invit\u00e9 \u00e0 se laisser transe-porter l\u2019espace d\u2019un moment partag\u00e9.<\/p>\n<p>&nbsp;<\/p>\n<p>En partenariat avec le CHU et un H\u00f4pital pour les enfants, plusieurs interventions entre le jeudi 5 et vendredi 6 octobre sont organis\u00e9es pour le personnel soignant, les b\u00e9n\u00e9voles, les patient-es et les accompagnant.es.<\/p>\n<p>&nbsp;<\/p>\n<p>Pr\u00e9cisions horaires\u00a0:<br \/>\nJeudi 5.10 de 14h \u00e0 16h au 5<sup>\u00e8me<\/sup> \u00e9tage du CHU d\u00e9ambulation dans les chambres et salle conviviale de l\u2019association un H\u00f4pital pour les enfants et de 17h \u00e0 18h dans le hall d\u2019accueil de la Tour Jean Bernard.<br \/>\nVendredi 6.10 de 12h30 \u00e0 14h30, d\u00e9ambulation dans le Hall d\u2019accueil de la Tour Jean Bernard.<\/p>\n<p>&nbsp;<\/p>\n<p>DISTRIBUTION<\/p>\n<p>Claire-No\u00ebl Le Saulnier Stroh-bass et voix<\/p>\n<p>Thomas Le Saulnier Stroh-cello, Stroh mandole<\/p>\n<p>Samuel Tailliez Stroh-violin, percussions<\/p>\n<p>Lior Shoov Stroh-ukul\u00e9l\u00e9, brindilles et voix<\/p>\n<p>Laurent Cadilhac Sculpture d\u2019instruments<\/p>\n<p>Alain Pignoux Lutherie<\/p>\n<p>Bruno Torr\u00e8s Lutherie<\/p>\n<p>Robert Kieffer Aide \u00e0 la construction<\/p>\n<p>Marie Labidoire Production et plus<\/p>\n<p>Laure Sornique Graphisme<\/p>\n<p>Anne-Sophie Hansch Administration<\/p>\n<p>Audrey Gendre Production<\/p>\n<p>Collaborateurs complices :<\/p>\n<p>J\u00e9r\u00f4me Bouvet, Laurent Cadilhac, Marie Labidoire,<\/p>\n<p>Paul Collignon, Christophe Boutin<\/p>\n<p>&nbsp;<\/p>\n<p><u>Soutiens<\/u><\/p>\n<p>Partenariat avec l\u2019OARA dans le cadre de r\u00e9sidences r\u00e9mun\u00e9r\u00e9es.<\/p>\n<p>Avec le soutien de la R\u00e9gion Nouvelle-Aquitaine.<\/p>\n<p><a href=\"https:\/\/www.nouvelle-aquitaine.fr\/\"><img loading=\"lazy\" decoding=\"async\" class=\"wp-image-130 alignleft\" src=\"http:\/\/www3.poitiers-jeunes.com\/lesexpressifs2023\/files\/2023\/09\/logo_na_horiz_QUADRI_2019-1024x475.png\" alt=\"\" width=\"140\" height=\"65\" srcset=\"https:\/\/www3.poitiers-jeunes.com\/lesexpressifs2023\/files\/2023\/09\/logo_na_horiz_QUADRI_2019-1024x475.png 1024w, https:\/\/www3.poitiers-jeunes.com\/lesexpressifs2023\/files\/2023\/09\/logo_na_horiz_QUADRI_2019-300x139.png 300w, https:\/\/www3.poitiers-jeunes.com\/lesexpressifs2023\/files\/2023\/09\/logo_na_horiz_QUADRI_2019-768x356.png 768w, https:\/\/www3.poitiers-jeunes.com\/lesexpressifs2023\/files\/2023\/09\/logo_na_horiz_QUADRI_2019-600x278.png 600w, https:\/\/www3.poitiers-jeunes.com\/lesexpressifs2023\/files\/2023\/09\/logo_na_horiz_QUADRI_2019-228x106.png 228w, https:\/\/www3.poitiers-jeunes.com\/lesexpressifs2023\/files\/2023\/09\/logo_na_horiz_QUADRI_2019.png 1404w\" sizes=\"auto, (max-width: 140px) 100vw, 140px\" \/><\/a><\/p>\n<p>&nbsp;<\/p>\n<p>&nbsp;<\/p>\n<p><u>\u00a0<\/u><\/p>\n<p><u>Coproductions <\/u><\/p>\n<p>Larural, sc\u00e8ne de territoire en Cr\u00e9onnais<\/p>\n<p>Domaine D\u00e9partemental de Chamarande<\/p>\n<p><u>\u00a0<\/u><\/p>\n<p><u>Accueil en r\u00e9sidence <\/u><\/p>\n<p>Lacaze aux sottises, Salies-de-B\u00e9arn (64)<\/p>\n<p>&nbsp;<\/p>\n<p>En cor\u00e9alisation avec<\/p>\n<p><a href=\"https:\/\/oara.fr\/\"><img loading=\"lazy\" decoding=\"async\" class=\"wp-image-122 alignleft\" src=\"http:\/\/www3.poitiers-jeunes.com\/lesexpressifs2023\/files\/2023\/09\/OARA_NB-01-1-1024x569.png\" alt=\"\" width=\"135\" height=\"75\" srcset=\"https:\/\/www3.poitiers-jeunes.com\/lesexpressifs2023\/files\/2023\/09\/OARA_NB-01-1-1024x569.png 1024w, https:\/\/www3.poitiers-jeunes.com\/lesexpressifs2023\/files\/2023\/09\/OARA_NB-01-1-300x167.png 300w, https:\/\/www3.poitiers-jeunes.com\/lesexpressifs2023\/files\/2023\/09\/OARA_NB-01-1-768x427.png 768w, https:\/\/www3.poitiers-jeunes.com\/lesexpressifs2023\/files\/2023\/09\/OARA_NB-01-1-1536x854.png 1536w, https:\/\/www3.poitiers-jeunes.com\/lesexpressifs2023\/files\/2023\/09\/OARA_NB-01-1-2048x1139.png 2048w, https:\/\/www3.poitiers-jeunes.com\/lesexpressifs2023\/files\/2023\/09\/OARA_NB-01-1-600x334.png 600w, https:\/\/www3.poitiers-jeunes.com\/lesexpressifs2023\/files\/2023\/09\/OARA_NB-01-1-209x116.png 209w\" sizes=\"auto, (max-width: 135px) 100vw, 135px\" \/><\/a><\/p>\n<p>&nbsp;<\/p>\n<p>&nbsp;<\/p>\n<p>&nbsp;<\/p>\n<p><a href=\"https:\/\/www.lafaussecompagnie.fr\/\">https:\/\/www.lafaussecompagnie.fr\/<\/a><\/p>\n<p>&nbsp;<\/p>\n<p><iframe loading=\"lazy\" src=\"\/\/www.youtube.com\/embed\/8owo78qQG0I\" width=\"560\" height=\"314\" allowfullscreen=\"allowfullscreen\"><\/iframe><\/p>\n<p>&nbsp;<\/p>\n<p style=\"text-align: center;\"><strong>200 PERSONNES MAXIMUM<\/strong><\/p>\n<table style=\"border-collapse: collapse; width: 100%; height: 72px;\">\n<tbody>\n<tr style=\"height: 24px;\">\n<td style=\"width: 50%; text-align: right; height: 24px;\"><strong>Horaire :<br \/>\n<\/strong><\/td>\n<td style=\"width: 50%; height: 24px;\"><strong>\u00a0Samedi 11h30 &amp; Dimanche 12h00<br \/>\n<\/strong><\/td>\n<\/tr>\n<tr style=\"height: 24px;\">\n<td style=\"width: 50%; height: 24px; text-align: right;\"><strong>Lieu : <\/strong><\/td>\n<td style=\"width: 50%; height: 24px;\"><strong>\u00a06<\/strong><\/td>\n<\/tr>\n<tr style=\"height: 24px;\">\n<td style=\"width: 50%; height: 24px; text-align: right;\"><strong>Dur\u00e9e :<br \/>\n<\/strong><\/td>\n<td style=\"width: 50%; height: 24px;\"><strong>\u00a01h00<\/strong><\/td>\n<\/tr>\n<\/tbody>\n<\/table>\n<p style=\"text-align: center;\"><a href=\"https:\/\/www3.poitiers-jeunes.com\/telechargements\/plan-expressifs-2023.jpg\">Lien vers le plan du festival.<\/a><\/p>\n","protected":false},"excerpt":{"rendered":"<p>Sama Le\u00ef Aventure po\u00e9tique intuitive La Roche Posay (86) Cr\u00e9ation 2023 En 1900, pendant les premiers balbutiements des enregistrements sonores, Augustus Stroh, ing\u00e9nieur des t\u00e9l\u00e9graphes, adapte les instruments \u00e0 cordes [&hellip;]<\/p>\n","protected":false},"featured_media":131,"template":"","meta":[],"product_brand":[],"product_cat":[20],"product_tag":[25,24],"class_list":{"0":"post-129","1":"product","2":"type-product","3":"status-publish","4":"has-post-thumbnail","6":"product_cat-musique","7":"product_tag-dimanche","8":"product_tag-samedi","10":"first","11":"instock","12":"shipping-taxable","13":"product-type-simple"},"_links":{"self":[{"href":"https:\/\/www3.poitiers-jeunes.com\/lesexpressifs2023\/wp-json\/wp\/v2\/product\/129","targetHints":{"allow":["GET"]}}],"collection":[{"href":"https:\/\/www3.poitiers-jeunes.com\/lesexpressifs2023\/wp-json\/wp\/v2\/product"}],"about":[{"href":"https:\/\/www3.poitiers-jeunes.com\/lesexpressifs2023\/wp-json\/wp\/v2\/types\/product"}],"wp:featuredmedia":[{"embeddable":true,"href":"https:\/\/www3.poitiers-jeunes.com\/lesexpressifs2023\/wp-json\/wp\/v2\/media\/131"}],"wp:attachment":[{"href":"https:\/\/www3.poitiers-jeunes.com\/lesexpressifs2023\/wp-json\/wp\/v2\/media?parent=129"}],"wp:term":[{"taxonomy":"product_brand","embeddable":true,"href":"https:\/\/www3.poitiers-jeunes.com\/lesexpressifs2023\/wp-json\/wp\/v2\/product_brand?post=129"},{"taxonomy":"product_cat","embeddable":true,"href":"https:\/\/www3.poitiers-jeunes.com\/lesexpressifs2023\/wp-json\/wp\/v2\/product_cat?post=129"},{"taxonomy":"product_tag","embeddable":true,"href":"https:\/\/www3.poitiers-jeunes.com\/lesexpressifs2023\/wp-json\/wp\/v2\/product_tag?post=129"}],"curies":[{"name":"wp","href":"https:\/\/api.w.org\/{rel}","templated":true}]}}