{"id":117,"date":"2023-09-01T17:22:47","date_gmt":"2023-09-01T15:22:47","guid":{"rendered":"https:\/\/www3.poitiers-jeunes.com\/lesexpressifs2023\/?post_type=product&#038;p=117"},"modified":"2023-09-13T11:59:21","modified_gmt":"2023-09-13T09:59:21","slug":"gogo-loco","status":"publish","type":"product","link":"https:\/\/www3.poitiers-jeunes.com\/lesexpressifs2023\/spectacle\/gogo-loco\/","title":{"rendered":"GoGo Loco"},"content":{"rendered":"<p>Rock &amp; pastiche<br \/>\nNorthhampton (GB)<\/p>\n<p>GoGo Loco est un duo maraca shakin&rsquo;rattle&rsquo;n&rsquo;roll bas\u00e9 \u00e0 Northampton au Royaume-Uni. Sur sc\u00e8ne, Joe Go Loco au chant, \u00e0 la guitare rythmique et aux cabrioles, et Cheadle a &lsquo;GoGo aux maracas percussives, aux ch\u0153urs et au rictus malicieux. Entre rock garage et rythmes syncop\u00e9s \u00e0 la Bo Diddley, attendez-vous \u00e0 des airs accrocheurs, des paroles idiotes et un concert explosif qu&rsquo;il serait encore plus idiot de manquer !<\/p>\n<p>Dans le cadre de l\u2019\u00e9change musical avec Twinfest \u2013 Festival de musique \u00e0 Northampton.<\/p>\n<p>En partenariat avec le Crous, s\u00e9ance le vendredi 06.10 de 12h30 \u00e0 13h15 \u00e0 l\u2019attention des \u00e9tudiant.es du Campus.<\/p>\n<p><a href=\"https:\/\/www.crous-poitiers.fr\/\"><img loading=\"lazy\" decoding=\"async\" class=\"wp-image-118 alignleft\" src=\"http:\/\/www3.poitiers-jeunes.com\/lesexpressifs2023\/files\/2023\/09\/crous_png-1024x1024.png\" alt=\"\" width=\"82\" height=\"82\" srcset=\"https:\/\/www3.poitiers-jeunes.com\/lesexpressifs2023\/files\/2023\/09\/crous_png-1024x1024.png 1024w, https:\/\/www3.poitiers-jeunes.com\/lesexpressifs2023\/files\/2023\/09\/crous_png-300x300.png 300w, https:\/\/www3.poitiers-jeunes.com\/lesexpressifs2023\/files\/2023\/09\/crous_png-150x150.png 150w, https:\/\/www3.poitiers-jeunes.com\/lesexpressifs2023\/files\/2023\/09\/crous_png-768x768.png 768w, https:\/\/www3.poitiers-jeunes.com\/lesexpressifs2023\/files\/2023\/09\/crous_png-90x90.png 90w, https:\/\/www3.poitiers-jeunes.com\/lesexpressifs2023\/files\/2023\/09\/crous_png-600x600.png 600w, https:\/\/www3.poitiers-jeunes.com\/lesexpressifs2023\/files\/2023\/09\/crous_png-100x100.png 100w, https:\/\/www3.poitiers-jeunes.com\/lesexpressifs2023\/files\/2023\/09\/crous_png-116x116.png 116w, https:\/\/www3.poitiers-jeunes.com\/lesexpressifs2023\/files\/2023\/09\/crous_png-50x50.png 50w, https:\/\/www3.poitiers-jeunes.com\/lesexpressifs2023\/files\/2023\/09\/crous_png.png 1134w\" sizes=\"auto, (max-width: 82px) 100vw, 82px\" \/><\/a><\/p>\n<p>&nbsp;<\/p>\n<p>&nbsp;<\/p>\n<p>&nbsp;<\/p>\n<p><a href=\"https:\/\/gogoloco.bandcamp.com\/music\">https:\/\/gogoloco.bandcamp.com\/music<\/a><\/p>\n<p><a href=\"https:\/\/www.youtube.com\/watch?v=383E88CZi5o\">https:\/\/www.youtube.com\/watch?v=383E88CZi5o<\/a><\/p>\n<p>&nbsp;<\/p>\n<table style=\"border-collapse: collapse; width: 100%; height: 72px;\">\n<tbody>\n<tr style=\"height: 24px;\">\n<td style=\"width: 50%; text-align: right; height: 24px;\"><strong>Horaire :<br \/>\n<\/strong><\/td>\n<td style=\"width: 50%; height: 24px;\"><strong>\u00a0Vendredi 18h30<br \/>\n<\/strong><\/td>\n<\/tr>\n<tr style=\"height: 24px;\">\n<td style=\"width: 50%; height: 24px; text-align: right;\"><strong>Lieu : <\/strong><\/td>\n<td style=\"width: 50%; height: 24px;\"><strong>\u00a02<\/strong><\/td>\n<\/tr>\n<tr style=\"height: 24px;\">\n<td style=\"width: 50%; height: 24px; text-align: right;\"><strong>Dur\u00e9e :<br \/>\n<\/strong><\/td>\n<td style=\"width: 50%; height: 24px;\"><strong>\u00a045 min<br \/>\n<\/strong><\/td>\n<\/tr>\n<\/tbody>\n<\/table>\n<p style=\"text-align: center;\"><a href=\"https:\/\/www3.poitiers-jeunes.com\/telechargements\/plan-expressifs-2023.jpg\">Lien vers le plan du festival.<\/a><\/p>\n","protected":false},"excerpt":{"rendered":"<p>Rock &amp; pastiche Northhampton (GB) GoGo Loco est un duo maraca shakin&rsquo;rattle&rsquo;n&rsquo;roll bas\u00e9 \u00e0 Northampton au Royaume-Uni. Sur sc\u00e8ne, Joe Go Loco au chant, \u00e0 la guitare rythmique et aux [&hellip;]<\/p>\n","protected":false},"featured_media":120,"template":"","meta":[],"product_brand":[],"product_cat":[20],"product_tag":[26],"class_list":{"0":"post-117","1":"product","2":"type-product","3":"status-publish","4":"has-post-thumbnail","6":"product_cat-musique","7":"product_tag-vendredi","9":"first","10":"instock","11":"shipping-taxable","12":"product-type-simple"},"_links":{"self":[{"href":"https:\/\/www3.poitiers-jeunes.com\/lesexpressifs2023\/wp-json\/wp\/v2\/product\/117","targetHints":{"allow":["GET"]}}],"collection":[{"href":"https:\/\/www3.poitiers-jeunes.com\/lesexpressifs2023\/wp-json\/wp\/v2\/product"}],"about":[{"href":"https:\/\/www3.poitiers-jeunes.com\/lesexpressifs2023\/wp-json\/wp\/v2\/types\/product"}],"wp:featuredmedia":[{"embeddable":true,"href":"https:\/\/www3.poitiers-jeunes.com\/lesexpressifs2023\/wp-json\/wp\/v2\/media\/120"}],"wp:attachment":[{"href":"https:\/\/www3.poitiers-jeunes.com\/lesexpressifs2023\/wp-json\/wp\/v2\/media?parent=117"}],"wp:term":[{"taxonomy":"product_brand","embeddable":true,"href":"https:\/\/www3.poitiers-jeunes.com\/lesexpressifs2023\/wp-json\/wp\/v2\/product_brand?post=117"},{"taxonomy":"product_cat","embeddable":true,"href":"https:\/\/www3.poitiers-jeunes.com\/lesexpressifs2023\/wp-json\/wp\/v2\/product_cat?post=117"},{"taxonomy":"product_tag","embeddable":true,"href":"https:\/\/www3.poitiers-jeunes.com\/lesexpressifs2023\/wp-json\/wp\/v2\/product_tag?post=117"}],"curies":[{"name":"wp","href":"https:\/\/api.w.org\/{rel}","templated":true}]}}