{"id":292,"date":"2023-09-18T11:24:55","date_gmt":"2023-09-18T09:24:55","guid":{"rendered":"https:\/\/www3.poitiers-jeunes.com\/lesexpressifs2023\/?page_id=292"},"modified":"2024-02-27T11:06:18","modified_gmt":"2024-02-27T10:06:18","slug":"lequipe","status":"publish","type":"page","link":"https:\/\/www3.poitiers-jeunes.com\/lesexpressifs2023\/lequipe\/","title":{"rendered":"L&rsquo;\u00e9quipe"},"content":{"rendered":"\n<p class=\"has-text-align-center\">Le festival est organis\u00e9 par l&rsquo;association<\/p>\n\n\n<div class=\"wp-block-image\">\n<figure class=\"aligncenter\"><a href=\"http:\/\/www3.poitiers-jeunes.com\/\"><img decoding=\"async\" class=\"wp-image-55 aligncenter\" src=\"http:\/\/www3.poitiers-jeunes.com\/lesexpressifs2022\/files\/2022\/07\/Poitiers-jeunes-logoweb-noir.jpg\" alt=\"\" \/><\/a><\/figure><\/div>\n\n<p>Membres du Conseil d\u2019administration : Nicolas ANTOINE, Martia CHAPELON, Julie LE BIHEN, Agathe MIREBEAU, Alexandre OSTROVENOK, C\u00e9cile RABILLER, Boris SENON, Germain URIEN<br \/>Salari\u00e9-es: Karine ABEL (Co-directrice &amp; programmatrice), Rob BARTON (R\u00e9gisseur g\u00e9n\u00e9ral), Micka\u00ebl BUNO (Charg\u00e9 de communication), Sabrina CAILLETON (M\u00e9diatrice culturelle), Cindy CLECH (Co-directrice), Aline LEROY (Responsable des loges), No\u00e9mie MAGNANT (Accompagnatrice de projets amateurs), Mathieu MARQUIS (R\u00e9gisseur g\u00e9n\u00e9ral), Floriane SAISON (Accueil des compagnies), Charlotte TALBOT (Responsable b\u00e9n\u00e9voles), Xavier WOERLY (Responsable bar) et tous les technicien-nes qui les accompagnent. Volontaire en Service civique: Camille JOSEPH (Assistante Responsable b\u00e9n\u00e9voles). Stagiaire : Ma\u00eblle CHATEL (Assistante communication).<\/p>","protected":false},"excerpt":{"rendered":"<p>Le festival est organis\u00e9 par l&rsquo;association Membres du Conseil d\u2019administration : Nicolas ANTOINE, Martia CHAPELON, Julie LE BIHEN, Agathe MIREBEAU, Alexandre OSTROVENOK, C\u00e9cile RABILLER, Boris SENON, Germain URIENSalari\u00e9-es: Karine ABEL [&hellip;]<\/p>\n","protected":false},"author":1,"featured_media":0,"parent":0,"menu_order":0,"comment_status":"closed","ping_status":"closed","template":"","meta":{"footnotes":""},"class_list":["post-292","page","type-page","status-publish","hentry"],"_links":{"self":[{"href":"https:\/\/www3.poitiers-jeunes.com\/lesexpressifs2023\/wp-json\/wp\/v2\/pages\/292","targetHints":{"allow":["GET"]}}],"collection":[{"href":"https:\/\/www3.poitiers-jeunes.com\/lesexpressifs2023\/wp-json\/wp\/v2\/pages"}],"about":[{"href":"https:\/\/www3.poitiers-jeunes.com\/lesexpressifs2023\/wp-json\/wp\/v2\/types\/page"}],"author":[{"embeddable":true,"href":"https:\/\/www3.poitiers-jeunes.com\/lesexpressifs2023\/wp-json\/wp\/v2\/users\/1"}],"replies":[{"embeddable":true,"href":"https:\/\/www3.poitiers-jeunes.com\/lesexpressifs2023\/wp-json\/wp\/v2\/comments?post=292"}],"version-history":[{"count":3,"href":"https:\/\/www3.poitiers-jeunes.com\/lesexpressifs2023\/wp-json\/wp\/v2\/pages\/292\/revisions"}],"predecessor-version":[{"id":389,"href":"https:\/\/www3.poitiers-jeunes.com\/lesexpressifs2023\/wp-json\/wp\/v2\/pages\/292\/revisions\/389"}],"wp:attachment":[{"href":"https:\/\/www3.poitiers-jeunes.com\/lesexpressifs2023\/wp-json\/wp\/v2\/media?parent=292"}],"curies":[{"name":"wp","href":"https:\/\/api.w.org\/{rel}","templated":true}]}}