{"id":286,"date":"2023-09-18T11:01:36","date_gmt":"2023-09-18T09:01:36","guid":{"rendered":"https:\/\/www3.poitiers-jeunes.com\/lesexpressifs2023\/?page_id=286"},"modified":"2023-09-18T11:01:36","modified_gmt":"2023-09-18T09:01:36","slug":"partenaires","status":"publish","type":"page","link":"https:\/\/www3.poitiers-jeunes.com\/lesexpressifs2023\/partenaires\/","title":{"rendered":"Partenaires"},"content":{"rendered":"\r\n<h1 class=\"wp-block-heading\"><strong>PARTENAIRES DU FESTIVAL<\/strong><\/h1>\r\n<figure class=\"wp-block-image size-large\"><a href=\"http:\/\/www3.poitiers-jeunes.com\/lesexpressifs2023\/files\/2023\/09\/partenaires.jpg\"><img loading=\"lazy\" decoding=\"async\" class=\"size-full wp-image-287 alignleft\" src=\"http:\/\/www3.poitiers-jeunes.com\/lesexpressifs2023\/files\/2023\/09\/partenaires.jpg\" alt=\"\" width=\"892\" height=\"199\" srcset=\"https:\/\/www3.poitiers-jeunes.com\/lesexpressifs2023\/files\/2023\/09\/partenaires.jpg 892w, https:\/\/www3.poitiers-jeunes.com\/lesexpressifs2023\/files\/2023\/09\/partenaires-300x67.jpg 300w, https:\/\/www3.poitiers-jeunes.com\/lesexpressifs2023\/files\/2023\/09\/partenaires-768x171.jpg 768w, https:\/\/www3.poitiers-jeunes.com\/lesexpressifs2023\/files\/2023\/09\/partenaires-600x134.jpg 600w, https:\/\/www3.poitiers-jeunes.com\/lesexpressifs2023\/files\/2023\/09\/partenaires-228x51.jpg 228w\" sizes=\"auto, (max-width: 892px) 100vw, 892px\" \/><\/a><\/figure>\r\n \r\n<h2 class=\"wp-block-heading\"><\/h2>\r\n<h2><\/h2>\r\n<h2><\/h2>\r\n<h2><\/h2>\r\n<h2>POITIERS JEUNES TIENT \u00c0 REMERCIER :<\/h2>\r\n \r\n\r\nVille de Poitiers, Grand Poitiers, Conseil D\u00e9partemental de la Vienne, R\u00e9gion Nouvelle-Aquitaine, DRAC Nouvelle-Aquitaine, OARA, SDEJES de la Vienne, DRAJES Nouvelle-Aquitaine, Cirque Octave Singulier, CNAREP sur le Pont, CHU de Poitiers, Un H\u00f4pital pour les enfants, CROUS, Universit\u00e9 de Poitiers, Radio Pulsar, Fanzinoth\u00e8que, Jazz \u00e0 Poitiers, F\u00eate de la Science, Lieu Multiple, EMF, Orchestre des Champs Elys\u00e9es, Poitiers Film Festival-TAP Castille, les festivals Twinfest et Mano, Vitalis, RIM, AMPS, M\u00e9ta-CDN, Le Palais, Cie La Martingale, Cie l\u2019Homme debout, Guinguette Pictave, Xavier Woerly, EMI 79, Prisme, F\u00e9d\u00e9ration R\u00e9gionale des arts de la rue, Ekinox, Action Sauvetage, FCF, EESI-Ecole des Beaux-Arts, M\u00e9GO!, Biscuiterie Augereau, David Bonenfant-ADSL Expert Family, Frank Soyer-SYSTEA IG, Le March\u00e9 de L\u00e9opold, Gargamelle, Toilettes&amp;Co, Confort Moderne, les Maisons de quartier (Cap Sud, CAC Couronneries, CSC la Blaiserie), Jeremy Graphic, les services de la Ville de Poitiers et de Grand Poitiers, les artistes, les technicien-nes, les h\u00e9bergeur-euses, les salari\u00e9-es, la stagiaire Ma\u00eblle, la volontaire en service civique Camille, le Conseil d\u2019Administration de Poitiers Jeunes, les participant-es amateurs aux spectacles du festival et les b\u00e9n\u00e9voles sans qui rien ne serait possible.","protected":false},"excerpt":{"rendered":"<p>PARTENAIRES DU FESTIVAL POITIERS JEUNES TIENT \u00c0 REMERCIER : Ville de Poitiers, Grand Poitiers, Conseil D\u00e9partemental de la Vienne, R\u00e9gion Nouvelle-Aquitaine, DRAC Nouvelle-Aquitaine, OARA, SDEJES de la Vienne, DRAJES Nouvelle-Aquitaine, [&hellip;]<\/p>\n","protected":false},"author":1,"featured_media":0,"parent":0,"menu_order":0,"comment_status":"closed","ping_status":"closed","template":"","meta":{"footnotes":""},"class_list":["post-286","page","type-page","status-publish","hentry"],"_links":{"self":[{"href":"https:\/\/www3.poitiers-jeunes.com\/lesexpressifs2023\/wp-json\/wp\/v2\/pages\/286","targetHints":{"allow":["GET"]}}],"collection":[{"href":"https:\/\/www3.poitiers-jeunes.com\/lesexpressifs2023\/wp-json\/wp\/v2\/pages"}],"about":[{"href":"https:\/\/www3.poitiers-jeunes.com\/lesexpressifs2023\/wp-json\/wp\/v2\/types\/page"}],"author":[{"embeddable":true,"href":"https:\/\/www3.poitiers-jeunes.com\/lesexpressifs2023\/wp-json\/wp\/v2\/users\/1"}],"replies":[{"embeddable":true,"href":"https:\/\/www3.poitiers-jeunes.com\/lesexpressifs2023\/wp-json\/wp\/v2\/comments?post=286"}],"version-history":[{"count":2,"href":"https:\/\/www3.poitiers-jeunes.com\/lesexpressifs2023\/wp-json\/wp\/v2\/pages\/286\/revisions"}],"predecessor-version":[{"id":392,"href":"https:\/\/www3.poitiers-jeunes.com\/lesexpressifs2023\/wp-json\/wp\/v2\/pages\/286\/revisions\/392"}],"wp:attachment":[{"href":"https:\/\/www3.poitiers-jeunes.com\/lesexpressifs2023\/wp-json\/wp\/v2\/media?parent=286"}],"curies":[{"name":"wp","href":"https:\/\/api.w.org\/{rel}","templated":true}]}}