{"id":99,"date":"2022-09-05T10:56:54","date_gmt":"2022-09-05T08:56:54","guid":{"rendered":"https:\/\/www3.poitiers-jeunes.com\/lesexpressifs2022\/?post_type=product&#038;p=99"},"modified":"2022-09-27T15:40:55","modified_gmt":"2022-09-27T13:40:55","slug":"chiller-jam","status":"publish","type":"product","link":"https:\/\/www3.poitiers-jeunes.com\/lesexpressifs2022\/spectacle\/chiller-jam\/","title":{"rendered":"CHILLER JAM"},"content":{"rendered":"<h2>L\u00e8ve-toi et l\u00e2che<\/h2>\n<p>Danse hip hop<\/p>\n<p>Biard (86)<\/p>\n<p>L\u00e8ve-toi et l\u00e2che! Ne reste plus enferm\u00e9-e, brise les murs, sors du cadre, marche, cours, sois libre&#8230;Danse. Dix jeunes danseurs-euses expriment leur libert\u00e9 de se retrouver sur sc\u00e8ne.<\/p>\n<p>&nbsp;<\/p>\n<p style=\"text-align: center;\"><span style=\"font-size: 18pt;\"><strong>\/\/ ANNUL\u00c9\/\/<\/strong><\/span><\/p>\n","protected":false},"excerpt":{"rendered":"<p>L\u00e8ve-toi et l\u00e2che Danse hip hop Biard (86) L\u00e8ve-toi et l\u00e2che! Ne reste plus enferm\u00e9-e, brise les murs, sors du cadre, marche, cours, sois libre&#8230;Danse. Dix jeunes danseurs-euses expriment leur [&hellip;]<\/p>\n","protected":false},"featured_media":117,"template":"","meta":[],"product_brand":[],"product_cat":[19],"product_tag":[],"class_list":{"0":"post-99","1":"product","2":"type-product","3":"status-publish","4":"has-post-thumbnail","6":"product_cat-danse","8":"first","9":"instock","10":"shipping-taxable","11":"product-type-simple"},"_links":{"self":[{"href":"https:\/\/www3.poitiers-jeunes.com\/lesexpressifs2022\/wp-json\/wp\/v2\/product\/99","targetHints":{"allow":["GET"]}}],"collection":[{"href":"https:\/\/www3.poitiers-jeunes.com\/lesexpressifs2022\/wp-json\/wp\/v2\/product"}],"about":[{"href":"https:\/\/www3.poitiers-jeunes.com\/lesexpressifs2022\/wp-json\/wp\/v2\/types\/product"}],"wp:featuredmedia":[{"embeddable":true,"href":"https:\/\/www3.poitiers-jeunes.com\/lesexpressifs2022\/wp-json\/wp\/v2\/media\/117"}],"wp:attachment":[{"href":"https:\/\/www3.poitiers-jeunes.com\/lesexpressifs2022\/wp-json\/wp\/v2\/media?parent=99"}],"wp:term":[{"taxonomy":"product_brand","embeddable":true,"href":"https:\/\/www3.poitiers-jeunes.com\/lesexpressifs2022\/wp-json\/wp\/v2\/product_brand?post=99"},{"taxonomy":"product_cat","embeddable":true,"href":"https:\/\/www3.poitiers-jeunes.com\/lesexpressifs2022\/wp-json\/wp\/v2\/product_cat?post=99"},{"taxonomy":"product_tag","embeddable":true,"href":"https:\/\/www3.poitiers-jeunes.com\/lesexpressifs2022\/wp-json\/wp\/v2\/product_tag?post=99"}],"curies":[{"name":"wp","href":"https:\/\/api.w.org\/{rel}","templated":true}]}}