{"id":185,"date":"2022-09-06T09:19:35","date_gmt":"2022-09-06T07:19:35","guid":{"rendered":"https:\/\/www3.poitiers-jeunes.com\/lesexpressifs2022\/?post_type=product&#038;p=185"},"modified":"2022-09-12T11:03:07","modified_gmt":"2022-09-12T09:03:07","slug":"time-out","status":"publish","type":"product","link":"https:\/\/www3.poitiers-jeunes.com\/lesexpressifs2022\/spectacle\/time-out\/","title":{"rendered":"Time Out"},"content":{"rendered":"<p>Rock \/ punk-rock<\/p>\n<p>Mignaloux-Beauvoir (86)<\/p>\n<p>&nbsp;<\/p>\n<p>Le groupe Time Out joue un punk rock m\u00e2tin\u00e9 de hardcore et de grunge. Des gros riffs et des belles m\u00e9lodies envoy\u00e9s avec une \u00e9nergie communicative ! Ayant fait leurs armes sur diverses sc\u00e8nes r\u00e9gionales, 2022 sera l\u2019ann\u00e9e du live pour promouvoir Nothing To Lose, leur premier E.P.<\/p>\n<p>&nbsp;<\/p>\n<p><span style=\"color: #3366ff;\"><a style=\"color: #3366ff;\" href=\"https:\/\/soundcloud.com\/user-616570927\/sets\/nothing-to-lose\">https:\/\/soundcloud.com\/user-616570927\/sets\/nothing-to-lose<\/a><\/span><\/p>\n<p><a href=\"https:\/\/www.youtube.com\/watch?v=5J9RJBt48h4\"><span style=\"color: #3366ff;\">https:\/\/www.youtube.com\/watch?v=5J9RJBt48h4<\/span><\/a><\/p>\n<p>&nbsp;<\/p>\n<table style=\"border-collapse: collapse; width: 100%;\">\n<tbody>\n<tr>\n<td style=\"width: 49.9637%; text-align: right;\"><strong> Horaire :<\/strong><\/td>\n<td style=\"width: 50.0363%;\"><strong>Vendredi 21h<\/strong><\/td>\n<\/tr>\n<tr>\n<td style=\"width: 49.9637%; text-align: right;\"><strong> Lieu :<\/strong><\/td>\n<td style=\"width: 50.0363%;\"><strong>Parvis du March\u00e9 &#8211; Pl. Charles de Gaulle<\/strong><\/td>\n<\/tr>\n<tr>\n<td style=\"width: 49.9637%; text-align: right;\"><strong> Dur\u00e9e :<\/strong><\/td>\n<td style=\"width: 50.0363%;\"><strong>45 min<\/strong><\/td>\n<\/tr>\n<\/tbody>\n<\/table>\n","protected":false},"excerpt":{"rendered":"<p>Rock \/ punk-rock Mignaloux-Beauvoir (86) &nbsp; Le groupe Time Out joue un punk rock m\u00e2tin\u00e9 de hardcore et de grunge. Des gros riffs et des belles m\u00e9lodies envoy\u00e9s avec une [&hellip;]<\/p>\n","protected":false},"featured_media":186,"template":"","meta":[],"product_brand":[],"product_cat":[20],"product_tag":[25],"class_list":{"0":"post-185","1":"product","2":"type-product","3":"status-publish","4":"has-post-thumbnail","6":"product_cat-musique","7":"product_tag-vendredi","9":"first","10":"instock","11":"shipping-taxable","12":"product-type-simple"},"_links":{"self":[{"href":"https:\/\/www3.poitiers-jeunes.com\/lesexpressifs2022\/wp-json\/wp\/v2\/product\/185","targetHints":{"allow":["GET"]}}],"collection":[{"href":"https:\/\/www3.poitiers-jeunes.com\/lesexpressifs2022\/wp-json\/wp\/v2\/product"}],"about":[{"href":"https:\/\/www3.poitiers-jeunes.com\/lesexpressifs2022\/wp-json\/wp\/v2\/types\/product"}],"wp:featuredmedia":[{"embeddable":true,"href":"https:\/\/www3.poitiers-jeunes.com\/lesexpressifs2022\/wp-json\/wp\/v2\/media\/186"}],"wp:attachment":[{"href":"https:\/\/www3.poitiers-jeunes.com\/lesexpressifs2022\/wp-json\/wp\/v2\/media?parent=185"}],"wp:term":[{"taxonomy":"product_brand","embeddable":true,"href":"https:\/\/www3.poitiers-jeunes.com\/lesexpressifs2022\/wp-json\/wp\/v2\/product_brand?post=185"},{"taxonomy":"product_cat","embeddable":true,"href":"https:\/\/www3.poitiers-jeunes.com\/lesexpressifs2022\/wp-json\/wp\/v2\/product_cat?post=185"},{"taxonomy":"product_tag","embeddable":true,"href":"https:\/\/www3.poitiers-jeunes.com\/lesexpressifs2022\/wp-json\/wp\/v2\/product_tag?post=185"}],"curies":[{"name":"wp","href":"https:\/\/api.w.org\/{rel}","templated":true}]}}