{"id":181,"date":"2022-09-05T17:28:26","date_gmt":"2022-09-05T15:28:26","guid":{"rendered":"https:\/\/www3.poitiers-jeunes.com\/lesexpressifs2022\/?post_type=product&#038;p=181"},"modified":"2022-09-15T15:19:39","modified_gmt":"2022-09-15T13:19:39","slug":"sous-larc-en-ciel","status":"publish","type":"product","link":"https:\/\/www3.poitiers-jeunes.com\/lesexpressifs2022\/spectacle\/sous-larc-en-ciel\/","title":{"rendered":"Sous l&rsquo;arc en ciel"},"content":{"rendered":"<p>Jeux et pr\u00e9vention<\/p>\n<p>Poitiers (86)<\/p>\n<p><strong>Le festival Les Expressifs invite deux associations de d\u00e9fense des droits LGBTI+(*). Qui que tu sois, tu es lea bienvenu.e dans cet espace. Viens \u00e9changer autour de jeux \u00e9ducatifs !<\/strong><\/p>\n<p>&nbsp;<\/p>\n<p><strong>Transmission 86<\/strong> accompagne les personnes transgenre et r\u00e9alise des animations \u00e9ducatives afin de pr\u00e9venir la transphobie. Tu pourras tester tes connaissances gr\u00e2ce \u00e0 notre quizz LGBTI+(*), renverser les pr\u00e9jug\u00e9s de notre Molkky un peu sp\u00e9cial, ou mettre \u00e0 l&rsquo;\u00e9preuve tes capacit\u00e9s de d\u00e9duction dans notre version revisit\u00e9e du c\u00e9l\u00e8bre jeu du loup garou.<\/p>\n<p><a href=\"https:\/\/www.instagram.com\/transmission.86\/\"><span style=\"color: #3366ff;\">https:\/\/www.instagram.com\/transmission.86\/<\/span><\/a><\/p>\n<p>&nbsp;<\/p>\n<p><strong>SOS Homophobie<\/strong>, association de lutte contre les LGBTIphobies (*), t\u2019accueillera autour d&rsquo;une partie de jeu de 7 familles arc en ciel.<\/p>\n<p><a href=\"https:\/\/www.sos-homophobie.org\/\"><span style=\"color: #3366ff;\">https:\/\/www.sos-homophobie.org\/<\/span><\/a><\/p>\n<p><em>(*) LGBTI+ : se dit des personnes se reconnaissant dans l&rsquo;un des termes lesbienne, gay, bisexuel, transgenre ou intersexe. Le + indique une volont\u00e9 d\u2019inclure les autres identit\u00e9s.<\/em><\/p>\n<p>&nbsp;<\/p>\n<table style=\"border-collapse: collapse; width: 100%;\">\n<tbody>\n<tr>\n<td style=\"width: 49.9637%; text-align: right;\"><strong> Horaire :<\/strong><\/td>\n<td style=\"width: 50.0363%;\"><strong>Samedi 14h<\/strong><\/td>\n<\/tr>\n<tr>\n<td style=\"width: 49.9637%; text-align: right;\"><strong> Lieu :<\/strong><\/td>\n<td style=\"width: 50.0363%;\"><strong>Accueil Pl. Mal Leclerc<\/strong><\/td>\n<\/tr>\n<tr>\n<td style=\"width: 49.9637%; text-align: right;\"><strong> Dur\u00e9e :<\/strong><\/td>\n<td style=\"width: 50.0363%;\"><strong>4h en continu<\/strong><\/td>\n<\/tr>\n<\/tbody>\n<\/table>\n","protected":false},"excerpt":{"rendered":"<p>Jeux et pr\u00e9vention Poitiers (86) Le festival Les Expressifs invite deux associations de d\u00e9fense des droits LGBTI+(*). Qui que tu sois, tu es lea bienvenu.e dans cet espace. Viens \u00e9changer [&hellip;]<\/p>\n","protected":false},"featured_media":182,"template":"","meta":[],"product_brand":[],"product_cat":[21],"product_tag":[23],"class_list":{"0":"post-181","1":"product","2":"type-product","3":"status-publish","4":"has-post-thumbnail","6":"product_cat-autre","7":"product_tag-samedi","9":"first","10":"instock","11":"shipping-taxable","12":"product-type-simple"},"_links":{"self":[{"href":"https:\/\/www3.poitiers-jeunes.com\/lesexpressifs2022\/wp-json\/wp\/v2\/product\/181","targetHints":{"allow":["GET"]}}],"collection":[{"href":"https:\/\/www3.poitiers-jeunes.com\/lesexpressifs2022\/wp-json\/wp\/v2\/product"}],"about":[{"href":"https:\/\/www3.poitiers-jeunes.com\/lesexpressifs2022\/wp-json\/wp\/v2\/types\/product"}],"wp:featuredmedia":[{"embeddable":true,"href":"https:\/\/www3.poitiers-jeunes.com\/lesexpressifs2022\/wp-json\/wp\/v2\/media\/182"}],"wp:attachment":[{"href":"https:\/\/www3.poitiers-jeunes.com\/lesexpressifs2022\/wp-json\/wp\/v2\/media?parent=181"}],"wp:term":[{"taxonomy":"product_brand","embeddable":true,"href":"https:\/\/www3.poitiers-jeunes.com\/lesexpressifs2022\/wp-json\/wp\/v2\/product_brand?post=181"},{"taxonomy":"product_cat","embeddable":true,"href":"https:\/\/www3.poitiers-jeunes.com\/lesexpressifs2022\/wp-json\/wp\/v2\/product_cat?post=181"},{"taxonomy":"product_tag","embeddable":true,"href":"https:\/\/www3.poitiers-jeunes.com\/lesexpressifs2022\/wp-json\/wp\/v2\/product_tag?post=181"}],"curies":[{"name":"wp","href":"https:\/\/api.w.org\/{rel}","templated":true}]}}