{"id":167,"date":"2022-09-05T15:41:25","date_gmt":"2022-09-05T13:41:25","guid":{"rendered":"https:\/\/www3.poitiers-jeunes.com\/lesexpressifs2022\/?post_type=product&#038;p=167"},"modified":"2022-09-13T15:58:04","modified_gmt":"2022-09-13T13:58:04","slug":"phantom-isle","status":"publish","type":"product","link":"https:\/\/www3.poitiers-jeunes.com\/lesexpressifs2022\/spectacle\/phantom-isle\/","title":{"rendered":"Phantom Isle"},"content":{"rendered":"<p>Psychedelic Indie\/Dreampop<\/p>\n<p>Northampton (GB)<\/p>\n<p>&nbsp;<\/p>\n<p>Originaire de Northampton (ville jumel\u00e9e avec Poitiers et Marbourg !), Phantom Isle cr\u00e9\u00e9 un son innovant influenc\u00e9 par l&rsquo;acid house, l&rsquo;indie rock et l&rsquo;indus des ann\u00e9es 90. Le groupe cultive une \u00e9nergie brute et \u00e9trange, avec un m\u00e9lange de guitares lourdes, de voix sombres et planantes et de synth\u00e9 hypnotique. Des chansons visc\u00e9rales et m\u00e9morables sur lesquelles vous ne pourrez rien faire d&rsquo;autre que danser !<\/p>\n<p>&nbsp;<\/p>\n<p><span style=\"color: #3366ff;\"><a style=\"color: #3366ff;\" href=\"http:\/\/www.phantomisle.com\">www.phantomisle.com<\/a>\u00a0\u00a0\u00a0\u00a0\u00a0\u00a0\u00a0<\/span><\/p>\n<p><a href=\"https:\/\/www.youtube.com\/watch?v=LSIDkLI-yR8\"><iframe loading=\"lazy\" src=\"\/\/www.youtube.com\/embed\/LSIDkLI-yR8\" width=\"560\" height=\"314\" allowfullscreen=\"allowfullscreen\"><\/iframe><\/a><\/p>\n<p><iframe loading=\"lazy\" src=\"\/\/www.youtube.com\/embed\/YRpljGcwCcU\" width=\"560\" height=\"314\" allowfullscreen=\"allowfullscreen\"><\/iframe><\/p>\n<p><iframe loading=\"lazy\" title=\"MUSICAL TWINNING - Marburg, Poitiers &amp; Northampton 2022 - TEASER\" width=\"1170\" height=\"658\" src=\"https:\/\/www.youtube.com\/embed\/-AL4VcUf_1Y?feature=oembed\" frameborder=\"0\" allow=\"accelerometer; autoplay; clipboard-write; encrypted-media; gyroscope; picture-in-picture\" allowfullscreen><\/iframe><\/p>\n<p>&nbsp;<\/p>\n<p>&nbsp;<\/p>\n<table style=\"border-collapse: collapse; width: 100%;\">\n<tbody>\n<tr>\n<td style=\"width: 49.9637%; text-align: right;\"><strong> Horaire :<\/strong><\/td>\n<td style=\"width: 50.0363%;\"><strong>Jeudi 21h45<\/strong><\/p>\n<p><strong>Vendredi 18h15<\/strong><\/p>\n<p><strong>Samedi 22h45<\/strong><\/td>\n<\/tr>\n<tr>\n<td style=\"width: 49.9637%; text-align: right;\"><strong> Lieu :<\/strong><\/td>\n<td style=\"width: 50.0363%;\"><strong>Bar le Cluricaume<\/strong><\/p>\n<p><strong>Square de la R\u00e9publique<\/strong><\/p>\n<p><strong>Parvis du March\u00e9 &#8211; Pl. Charles de Gaulle<\/strong><\/td>\n<\/tr>\n<tr>\n<td style=\"width: 49.9637%; text-align: right;\"><strong> Dur\u00e9e :<\/strong><\/td>\n<td style=\"width: 50.0363%;\"><strong>45 min<\/strong><\/td>\n<\/tr>\n<\/tbody>\n<\/table>\n","protected":false},"excerpt":{"rendered":"<p>Psychedelic Indie\/Dreampop Northampton (GB) &nbsp; Originaire de Northampton (ville jumel\u00e9e avec Poitiers et Marbourg !), Phantom Isle cr\u00e9\u00e9 un son innovant influenc\u00e9 par l&rsquo;acid house, l&rsquo;indie rock et l&rsquo;indus des [&hellip;]<\/p>\n","protected":false},"featured_media":180,"template":"","meta":[],"product_brand":[],"product_cat":[20],"product_tag":[22,23,25],"class_list":{"0":"post-167","1":"product","2":"type-product","3":"status-publish","4":"has-post-thumbnail","6":"product_cat-musique","7":"product_tag-jeudi","8":"product_tag-samedi","9":"product_tag-vendredi","11":"first","12":"instock","13":"shipping-taxable","14":"product-type-simple"},"_links":{"self":[{"href":"https:\/\/www3.poitiers-jeunes.com\/lesexpressifs2022\/wp-json\/wp\/v2\/product\/167","targetHints":{"allow":["GET"]}}],"collection":[{"href":"https:\/\/www3.poitiers-jeunes.com\/lesexpressifs2022\/wp-json\/wp\/v2\/product"}],"about":[{"href":"https:\/\/www3.poitiers-jeunes.com\/lesexpressifs2022\/wp-json\/wp\/v2\/types\/product"}],"wp:featuredmedia":[{"embeddable":true,"href":"https:\/\/www3.poitiers-jeunes.com\/lesexpressifs2022\/wp-json\/wp\/v2\/media\/180"}],"wp:attachment":[{"href":"https:\/\/www3.poitiers-jeunes.com\/lesexpressifs2022\/wp-json\/wp\/v2\/media?parent=167"}],"wp:term":[{"taxonomy":"product_brand","embeddable":true,"href":"https:\/\/www3.poitiers-jeunes.com\/lesexpressifs2022\/wp-json\/wp\/v2\/product_brand?post=167"},{"taxonomy":"product_cat","embeddable":true,"href":"https:\/\/www3.poitiers-jeunes.com\/lesexpressifs2022\/wp-json\/wp\/v2\/product_cat?post=167"},{"taxonomy":"product_tag","embeddable":true,"href":"https:\/\/www3.poitiers-jeunes.com\/lesexpressifs2022\/wp-json\/wp\/v2\/product_tag?post=167"}],"curies":[{"name":"wp","href":"https:\/\/api.w.org\/{rel}","templated":true}]}}