{"id":164,"date":"2022-09-05T15:33:15","date_gmt":"2022-09-05T13:33:15","guid":{"rendered":"https:\/\/www3.poitiers-jeunes.com\/lesexpressifs2022\/?post_type=product&#038;p=164"},"modified":"2022-09-08T11:44:37","modified_gmt":"2022-09-08T09:44:37","slug":"mash-up-production","status":"publish","type":"product","link":"https:\/\/www3.poitiers-jeunes.com\/lesexpressifs2022\/spectacle\/mash-up-production\/","title":{"rendered":"Mash-Up Production"},"content":{"rendered":"<h2>Chroniques Extra&rsquo;ordinaires<\/h2>\n<p>Conte musical<\/p>\n<p>Poitiers (86)<\/p>\n<p>La qu\u00eate de soi dans le passage initiatique du monde de l\u2019enfant \u00e0 celui de l\u2019adulte, la part monstrueuse de chacun cach\u00e9e au c\u0153ur de nos labyrinthes intimes, la place de la femme dans une soci\u00e9t\u00e9 d\u2019hommes, le conflit guerrier pour r\u00e9parer les blessures d&rsquo;orgueil, l\u2019appel de l\u2019aventure et le besoin d\u2019\u00e9chapper au connu pour se confronter \u00e0 soi-m\u00eame, la trahison et la cupidit\u00e9, la soif de pouvoir, les relations de possession, l\u2019amour passionnel, la fid\u00e9lit\u00e9 : les grands mythes comme des miroirs individuels et soci\u00e9taux, comme des clefs de lecture pour mieux regarder le monde.<\/p>\n<p>La mythologie abonde de th\u00e9matiques qui ont travers\u00e9 les \u00e2ges. Elle nous parle de l&rsquo;Homme et de sa fa\u00e7on de s\u2019inscrire en soci\u00e9t\u00e9, de soi-m\u00eame jusqu\u2019\u00e0 l\u2019autre\u2026 En cela, elle est initiatique. En cela, elle a toujours \u00e9t\u00e9 transmise. Tradition orale puis tradition \u00e9crite, aujourd\u2019hui maintes fois reprise dans les formats modernes de transmission : cin\u00e9ma, op\u00e9ra, litt\u00e9rature\u2026 La mythologie continue de nous fasciner parce qu\u2019elle vient nous parler de nous.<\/p>\n<p>Si les femmes ont toujours \u00e9t\u00e9 celles qui racontent les histoires aux enfants le soir pour s\u2019endormir, la transmission des r\u00e9cits mythologiques a bien souvent \u00e9t\u00e9 une affaire d\u2019hommes. Histoires guerri\u00e8res, mues par des principes patriarcaux, histoires de h\u00e9ros et de soldats, histoires d\u2019hommes que l\u2019on raconte principalement aux hommes\u2026Et si les femmes venaient s\u2019emparer de ces grands mythes qui fondent nos civilisations ?<\/p>\n<p>&nbsp;<\/p>\n<p>Les Chroniques Extra\u2019ordinaires reprennent trois \u00e9pisodes mythologiques pour les transmettre avec un nouveau sensible. Les trois conteuses, accompagn\u00e9es d&rsquo;un musicien multi-instrumentiste d\u00e9livrent une parole brute et libre. Elles d\u00e9tricotent la fable pour en retirer des versions dr\u00f4les mais ac\u00e9r\u00e9es, pr\u00e9cises et po\u00e9tiques, fondamentalement actuelles et sans concessions.<\/p>\n<p>La cr\u00e9ation sonore en live d\u00e9ploie un langage cin\u00e9matographique et d\u00e9roule les paysages. De la mandoline \u00e0 la guitare \u00e9lectrique, de l\u2019air traditionnel antique \u00e0 des riffs contemporains, la musique tisse les liens entre hier et aujourd&rsquo;hui, entre l&rsquo;ici et l&rsquo;ailleurs\u2026<\/p>\n<p>Fa\u00e7on thriller ou fa\u00e7on cartoon, avec beaucoup d\u2019humour et de po\u00e9sie, du pittoresque au fantastique, du bouffon au politique, du d\u00e9licat au philosophique\u2026 les conteuses d\u00e9roulent le fil d\u2019Ariane comme des Cassandres que l\u2019on viendrait\u2026 \u00e9couter.<\/p>\n<p>&nbsp;<\/p>\n<p>CREDITS<\/p>\n<p>Textes, mise en sc\u00e8ne et interpr\u00e9tation :<\/p>\n<p>Apolline Fournet, Am\u00e9lie Loudin, Ang\u00e9lique Orvain.<\/p>\n<p>Musique : No\u00e9 Gaillard<\/p>\n<p>&nbsp;<\/p>\n<p>PRODUCTION &amp; SOUTIENS<\/p>\n<p>Co-production : Mash-Up Production, Cie Titartpetit<\/p>\n<p>Soutiens :<\/p>\n<p>Le M\u00e9ta, Centre Dramatique National Poitiers Nouvelle- Aquitaine<\/p>\n<p>Maison des projets, Buxerolles<\/p>\n<p>Ville de Mign\u00e9-Auxances<\/p>\n<p>D\u00e9partement de la Vienne<\/p>\n<p>&nbsp;<\/p>\n<p><a href=\"https:\/\/mashup-production.fr\/\"><span style=\"color: #3366ff;\">https:\/\/mashup-production.fr\/<\/span><\/a><\/p>\n<p><iframe loading=\"lazy\" src=\"\/\/player.vimeo.com\/video\/524977407?title=0&amp;byline=0&amp;portrait=0&amp;color=8dc7dc\" width=\"425\" height=\"350\" allowfullscreen=\"allowfullscreen\"><\/iframe><\/p>\n<p>&nbsp;<\/p>\n<p style=\"text-align: center;\"><strong>Trois parties \u00e0 savourer s\u00e9par\u00e9ment ou \u00e0 la suite<\/strong><\/p>\n<table style=\"border-collapse: collapse; width: 100%;\">\n<tbody>\n<tr>\n<td style=\"width: 49.9637%; text-align: right;\"><strong> Horaire :<\/strong><\/td>\n<td style=\"width: 50.0363%;\"><strong>Samedi 11h30, 14h30, 19h<br \/>\n<\/strong><\/p>\n<p><strong>Dimanche 14h30, 16h, 18h<\/strong><\/td>\n<\/tr>\n<tr>\n<td style=\"width: 49.9637%; text-align: right;\"><strong> Lieu :<\/strong><\/td>\n<td style=\"width: 50.0363%;\"><strong>Cour arri\u00e8re de l\u2019H\u00f4tel de Ville<\/strong><\/p>\n<p><strong>Chapelle Saint-Louis<\/strong><\/td>\n<\/tr>\n<tr>\n<td style=\"width: 49.9637%; text-align: right;\"><strong> Dur\u00e9e :<\/strong><\/td>\n<td style=\"width: 50.0363%;\"><strong>30 min<\/strong><\/td>\n<\/tr>\n<\/tbody>\n<\/table>\n","protected":false},"excerpt":{"rendered":"<p>Chroniques Extra&rsquo;ordinaires Conte musical Poitiers (86) La qu\u00eate de soi dans le passage initiatique du monde de l\u2019enfant \u00e0 celui de l\u2019adulte, la part monstrueuse de chacun cach\u00e9e au c\u0153ur [&hellip;]<\/p>\n","protected":false},"featured_media":177,"template":"","meta":[],"product_brand":[],"product_cat":[20],"product_tag":[24,23],"class_list":{"0":"post-164","1":"product","2":"type-product","3":"status-publish","4":"has-post-thumbnail","6":"product_cat-musique","7":"product_tag-dimanche","8":"product_tag-samedi","10":"first","11":"instock","12":"shipping-taxable","13":"product-type-simple"},"_links":{"self":[{"href":"https:\/\/www3.poitiers-jeunes.com\/lesexpressifs2022\/wp-json\/wp\/v2\/product\/164","targetHints":{"allow":["GET"]}}],"collection":[{"href":"https:\/\/www3.poitiers-jeunes.com\/lesexpressifs2022\/wp-json\/wp\/v2\/product"}],"about":[{"href":"https:\/\/www3.poitiers-jeunes.com\/lesexpressifs2022\/wp-json\/wp\/v2\/types\/product"}],"wp:featuredmedia":[{"embeddable":true,"href":"https:\/\/www3.poitiers-jeunes.com\/lesexpressifs2022\/wp-json\/wp\/v2\/media\/177"}],"wp:attachment":[{"href":"https:\/\/www3.poitiers-jeunes.com\/lesexpressifs2022\/wp-json\/wp\/v2\/media?parent=164"}],"wp:term":[{"taxonomy":"product_brand","embeddable":true,"href":"https:\/\/www3.poitiers-jeunes.com\/lesexpressifs2022\/wp-json\/wp\/v2\/product_brand?post=164"},{"taxonomy":"product_cat","embeddable":true,"href":"https:\/\/www3.poitiers-jeunes.com\/lesexpressifs2022\/wp-json\/wp\/v2\/product_cat?post=164"},{"taxonomy":"product_tag","embeddable":true,"href":"https:\/\/www3.poitiers-jeunes.com\/lesexpressifs2022\/wp-json\/wp\/v2\/product_tag?post=164"}],"curies":[{"name":"wp","href":"https:\/\/api.w.org\/{rel}","templated":true}]}}