{"id":163,"date":"2022-09-05T15:26:30","date_gmt":"2022-09-05T13:26:30","guid":{"rendered":"https:\/\/www3.poitiers-jeunes.com\/lesexpressifs2022\/?post_type=product&#038;p=163"},"modified":"2022-09-12T11:01:44","modified_gmt":"2022-09-12T09:01:44","slug":"le-thyase-cie","status":"publish","type":"product","link":"https:\/\/www3.poitiers-jeunes.com\/lesexpressifs2022\/spectacle\/le-thyase-cie\/","title":{"rendered":"Le Thyase (Cie)"},"content":{"rendered":"<h2>Le\u00e7ons Impertinentes par Zou<\/h2>\n<p>Th\u00e9\u00e2tre<\/p>\n<p>Toulouse (31)<\/p>\n<p>&nbsp;<\/p>\n<p>Le\u00e7on #1 : L\u2019amour en mots<\/p>\n<p>Les histoires d\u2019A. Celui-l\u00e0 avec une majuscule. L\u2019universel ou le sentimental ? Celui que je porte \u00e0 ma famille, celui que je voue aux Paris-Brest, celui que j\u2019ai pour ton corps ou celui en solitaire qui me pousse immanquablement vers les autres ? Il y en a tant et si peu de mots pour les d\u00e9finir tous. Peut-\u00eatre parce que souvent, l\u2019amour s\u2019en passe\u2026<\/p>\n<p>&nbsp;<\/p>\n<p>Le\u00e7on #2 : Drague, consentement et M. Moustache<\/p>\n<p>En filigrane, Zou met en lumi\u00e8re l\u2019arriv\u00e9e des nouvelles technologies dans notre rapport \u00e0 l\u2019autre. L\u2019imm\u00e9diatet\u00e9 qu\u2019elles induisent, les machines \u00e0 fantasmes qu\u2019elles deviennent. Dans une rencontre, il y a d\u00e9sormais toujours un 3<sup>\u00e8me<\/sup> partenaire : le t\u00e9l\u00e9phone cellulaire. C\u2019est sur lui qu\u2019on projette toutes nos attentes, mais c\u2019est aussi le terrible miroir de notre ultra-solitude. En parall\u00e8le, c\u2019est une ode \u00e0 l\u2019anticonformisme, \u00e0 la prise de risque, \u00e0 la place du jeu dans nos vies. En pr\u00e9ambule, c\u2019est un rappel factuel de la distinction entre drague et harc\u00e8lement \u2013 de la n\u00e9cessit\u00e9 d\u2019en prendre conscience, une bonne fois pour toutes.<\/p>\n<p>&nbsp;<\/p>\n<p>Le\u00e7on #3 : La philamatologie<\/p>\n<p>Ici, il s\u2019agit d\u2019une conf\u00e9rence sensorielle s\u2019appuyant sur des travaux de philamatologie (science du baiser et des activit\u00e9s labiales). Retra\u00e7ant l\u2019histoire du baiser \u00e0 travers les \u00e9poques et les cultures, Zou nous questionne sur cette pratique qui nous para\u00eet aujourd\u2019hui si naturelle. Tellement naturelle qu\u2019elle en devient souvent banale et anecdotique. Mais est-ce si simple d\u2019embrasser apr\u00e8s tout ? Le pari de cette le\u00e7on consiste \u00e0 redonner du sens, de la valeur et de la diversit\u00e9 \u00e0 nos baisers ador\u00e9s : ou comment bien b\u00e9coter. Travaux pratiques \u00e0 la clef !<\/p>\n<p>&nbsp;<\/p>\n<p>A partir de 14 ans<\/p>\n<p>&nbsp;<\/p>\n<p><a href=\"https:\/\/lethyase.fr\/\"><span style=\"color: #3366ff;\">https:\/\/lethyase.fr\/<\/span><\/a><\/p>\n<p><iframe loading=\"lazy\" src=\"\/\/www.youtube.com\/embed\/Em9Q35Nq8ak?ab_channel=Ma\" width=\"560\" height=\"314\" allowfullscreen=\"allowfullscreen\"><\/iframe><\/p>\n<p><iframe loading=\"lazy\" src=\"\/\/www.youtube.com\/embed\/X2Z-4hDlHVk?ab_channel=Ma\" width=\"560\" height=\"314\" allowfullscreen=\"allowfullscreen\"><\/iframe><\/p>\n<p>&nbsp;<\/p>\n<p style=\"text-align: center;\"><strong>A savourer s\u00e9par\u00e9ment ou \u00e0 la suite<\/strong><\/p>\n<table style=\"border-collapse: collapse; width: 100%;\">\n<tbody>\n<tr>\n<td style=\"width: 49.9637%; text-align: right;\"><strong> Horaire :<\/strong><\/td>\n<td style=\"width: 50.0363%;\"><strong>Jeudi 20h30<\/strong><\/p>\n<p><strong>Vendredi 21h<\/strong><\/p>\n<p><strong>Samedi17h30<\/strong><\/td>\n<\/tr>\n<tr>\n<td style=\"width: 49.9637%; text-align: right;\"><strong> Lieu :<\/strong><\/td>\n<td style=\"width: 50.0363%;\"><strong>Cour de l\u2019\u00e9cole des Beaux-arts<\/strong><\/td>\n<\/tr>\n<tr>\n<td style=\"width: 49.9637%; text-align: right;\"><strong> Dur\u00e9e :<\/strong><\/td>\n<td style=\"width: 50.0363%;\"><strong>2h<\/strong><\/td>\n<\/tr>\n<\/tbody>\n<\/table>\n","protected":false},"excerpt":{"rendered":"<p>Le\u00e7ons Impertinentes par Zou Th\u00e9\u00e2tre Toulouse (31) &nbsp; Le\u00e7on #1 : L\u2019amour en mots Les histoires d\u2019A. Celui-l\u00e0 avec une majuscule. L\u2019universel ou le sentimental ? Celui que je porte [&hellip;]<\/p>\n","protected":false},"featured_media":176,"template":"","meta":[],"product_brand":[],"product_cat":[18],"product_tag":[22,23,25],"class_list":{"0":"post-163","1":"product","2":"type-product","3":"status-publish","4":"has-post-thumbnail","6":"product_cat-theatre","7":"product_tag-jeudi","8":"product_tag-samedi","9":"product_tag-vendredi","11":"first","12":"instock","13":"shipping-taxable","14":"product-type-simple"},"_links":{"self":[{"href":"https:\/\/www3.poitiers-jeunes.com\/lesexpressifs2022\/wp-json\/wp\/v2\/product\/163","targetHints":{"allow":["GET"]}}],"collection":[{"href":"https:\/\/www3.poitiers-jeunes.com\/lesexpressifs2022\/wp-json\/wp\/v2\/product"}],"about":[{"href":"https:\/\/www3.poitiers-jeunes.com\/lesexpressifs2022\/wp-json\/wp\/v2\/types\/product"}],"wp:featuredmedia":[{"embeddable":true,"href":"https:\/\/www3.poitiers-jeunes.com\/lesexpressifs2022\/wp-json\/wp\/v2\/media\/176"}],"wp:attachment":[{"href":"https:\/\/www3.poitiers-jeunes.com\/lesexpressifs2022\/wp-json\/wp\/v2\/media?parent=163"}],"wp:term":[{"taxonomy":"product_brand","embeddable":true,"href":"https:\/\/www3.poitiers-jeunes.com\/lesexpressifs2022\/wp-json\/wp\/v2\/product_brand?post=163"},{"taxonomy":"product_cat","embeddable":true,"href":"https:\/\/www3.poitiers-jeunes.com\/lesexpressifs2022\/wp-json\/wp\/v2\/product_cat?post=163"},{"taxonomy":"product_tag","embeddable":true,"href":"https:\/\/www3.poitiers-jeunes.com\/lesexpressifs2022\/wp-json\/wp\/v2\/product_tag?post=163"}],"curies":[{"name":"wp","href":"https:\/\/api.w.org\/{rel}","templated":true}]}}