{"id":162,"date":"2022-09-05T15:21:07","date_gmt":"2022-09-05T13:21:07","guid":{"rendered":"https:\/\/www3.poitiers-jeunes.com\/lesexpressifs2022\/?post_type=product&#038;p=162"},"modified":"2022-09-15T14:36:27","modified_gmt":"2022-09-15T12:36:27","slug":"les-fedem","status":"publish","type":"product","link":"https:\/\/www3.poitiers-jeunes.com\/lesexpressifs2022\/spectacle\/les-fedem\/","title":{"rendered":"Les FEDEM"},"content":{"rendered":"<p><strong>Pr\u00e9lude aux saltimbanques<\/strong><\/p>\n<p>Th\u00e9\u00e2tre et Chant<\/p>\n<p>Poitiers (86)<br \/>\ncr\u00e9ation 2022<\/p>\n<p>Apr\u00e8s des ann\u00e9es de tourn\u00e9e \u00e0 travers le monde, des ann\u00e9es de salons, de cocktails et de meetings, les FEDEM, chorale aristocratique prestigieuse, s\u2019invitent chez vous, dans votre lieu, dans vos rues, sur vos pav\u00e9s, afin d\u2019offrir \u00e0 votre public leur illustre r\u00e9cital.<\/p>\n<p>&nbsp;<\/p>\n<p>Partant d\u2019une envie commune de s\u2019adresser au bas peuple, ces femmes unissent religieusement leurs voix pour diffuser un message de paix et de tol\u00e9rance. Ce sacrifice qu\u2019elles font au service du bien commun n\u2019a qu\u2019un modeste but : celui de r\u00e9chauffer les c\u0153urs, purifi\u00e9s des \u00e2mes et surtout donner leurs points de vue, justes et r\u00e9alistes\u2026 mais pas que\u2026<\/p>\n<p>&nbsp;<\/p>\n<p>Les Fedem font preuve d\u2019une r\u00e9elle adaptation en m\u00ealant chants religieux et chor\u00e9graphies, chansons populaires et discours engag\u00e9s, afin que la plus \u00e9gar\u00e9e des brebis puisse enfin retrouver son troupeau.<\/p>\n<p>L\u2019envie de faire une chorale avec ces femmes qu\u2019on \u00ab aime d\u00e9tester \u00bb s\u2019est approfondie gr\u00e2ce aux parcours pluridisciplinaires des artistes. Les FEDEM m\u00ealent donc chant, chor\u00e9graphies, th\u00e9\u00e2tre burlesque et improvisation.<\/p>\n<p>S\u2019inscrivant dans l\u2019actualit\u00e9, les FEDEM sont n\u00e9es d\u2019une envie de traiter d\u2019une r\u00e9alit\u00e9 politique et sociale divis\u00e9e. La mont\u00e9e des in\u00e9galit\u00e9s, les discours x\u00e9nophobes d\u00e9complex\u00e9s ou encore les actes de sexisme et de racisme ordinaires sont des ph\u00e9nom\u00e8nes sociaux inspirant nos personnages.<\/p>\n<p>&nbsp;<\/p>\n<p>Ces cinq femmes sont en effet capables du pire sans penser \u00e0 mal, et du meilleur sans penser \u00e0 bien. Elles abordent des probl\u00e9matiques complexes de mani\u00e8re d\u00e9cal\u00e9e, avec un humour que nous souhaitons aussi l\u00e9ger que tranchant.<\/p>\n<p>&nbsp;<\/p>\n<p>Nous souhaitons pousser les traits de la biens\u00e9ance, du bien para\u00eetre, de codes sociaux stricts, pour amener \u00e0 des situations burlesques. Nous voulons que ces personnages soient clairement d\u00e9testables mais aussi fragiles&#8230; en somme, de curieux monstres sensibles.<\/p>\n<p>&nbsp;<\/p>\n<p>Avec : Marion Delville, Sandrine Petit, Marie Rimbert, Aurore Tabuteau, C\u00e9cile Tr\u00e9hu<\/p>\n<p><a href=\"https:\/\/www.facebook.com\/lesFEDEM\"><span style=\"color: #3366ff;\">https:\/\/www.facebook.com\/lesFEDEM<\/span><\/a><\/p>\n<p><iframe loading=\"lazy\" src=\"\/\/www.youtube.com\/embed\/lj1xBJNUtl8\" width=\"560\" height=\"314\" allowfullscreen=\"allowfullscreen\"><\/iframe><\/p>\n<p>************<\/p>\n<div class=\"post-detail clear\">\n<div class=\"l7ghb35v kjdc1dyq kmwttqpk gh25dzvf jikcssrz n3t5jt4f\">\n<div dir=\"auto\">Les FEDEM\u00a0 recherchent des participant-es pour int\u00e9grer discr\u00e8tement leur Chorale !<\/div>\n<\/div>\n<div dir=\"auto\"><\/div>\n<div class=\"l7ghb35v kjdc1dyq kmwttqpk gh25dzvf jikcssrz n3t5jt4f\">\n<div dir=\"auto\">&gt; Soumettez votre candidature gr\u00e2ce au lien suivant : <a class=\"qi72231t nu7423ey n3hqoq4p r86q59rh b3qcqh3k fq87ekyn bdao358l fsf7x5fv rse6dlih s5oniofx m8h3af8h l7ghb35v kjdc1dyq kmwttqpk srn514ro oxkhqvkx rl78xhln nch0832m cr00lzj9 rn8ck1ys s3jn8y49 icdlwmnq cxfqmxzd ezidihy3\" tabindex=\"0\" role=\"link\" href=\"https:\/\/forms.gle\/dhpwKWYApwNerkXm8?fbclid=IwAR2q6wQaYsnYV0Fm-ii9FiSf7T-6koHHbQV_vATphsve3iJsLOIbWVIb_ko\" target=\"_blank\" rel=\"nofollow noopener\">https:\/\/forms.gle\/dhpwKWYApwNerkXm8<\/a><\/div>\n<\/div>\n<div dir=\"auto\"><\/div>\n<div dir=\"auto\">************<\/div>\n<\/div>\n<table style=\"border-collapse: collapse; width: 100%;\">\n<tbody>\n<tr>\n<td style=\"width: 49.9637%; text-align: right;\"><strong> Horaire :<\/strong><\/td>\n<td style=\"width: 50.0363%;\"><strong>Jeudi 18h30<\/strong><\/td>\n<\/tr>\n<tr>\n<td style=\"width: 49.9637%; text-align: right;\"><strong> Lieu :<\/strong><\/td>\n<td style=\"width: 50.0363%;\"><strong>Pl. du Mal Leclerc<\/strong><\/td>\n<\/tr>\n<tr>\n<td style=\"width: 49.9637%; text-align: right;\"><strong> Dur\u00e9e :<\/strong><\/td>\n<td style=\"width: 50.0363%;\"><strong>1h<\/strong><\/td>\n<\/tr>\n<\/tbody>\n<\/table>\n","protected":false},"excerpt":{"rendered":"<p>Pr\u00e9lude aux saltimbanques Th\u00e9\u00e2tre et Chant Poitiers (86) cr\u00e9ation 2022 Apr\u00e8s des ann\u00e9es de tourn\u00e9e \u00e0 travers le monde, des ann\u00e9es de salons, de cocktails et de meetings, les FEDEM, [&hellip;]<\/p>\n","protected":false},"featured_media":175,"template":"","meta":[],"product_brand":[],"product_cat":[20,18],"product_tag":[22],"class_list":{"0":"post-162","1":"product","2":"type-product","3":"status-publish","4":"has-post-thumbnail","6":"product_cat-musique","7":"product_cat-theatre","8":"product_tag-jeudi","10":"first","11":"instock","12":"shipping-taxable","13":"product-type-simple"},"_links":{"self":[{"href":"https:\/\/www3.poitiers-jeunes.com\/lesexpressifs2022\/wp-json\/wp\/v2\/product\/162","targetHints":{"allow":["GET"]}}],"collection":[{"href":"https:\/\/www3.poitiers-jeunes.com\/lesexpressifs2022\/wp-json\/wp\/v2\/product"}],"about":[{"href":"https:\/\/www3.poitiers-jeunes.com\/lesexpressifs2022\/wp-json\/wp\/v2\/types\/product"}],"wp:featuredmedia":[{"embeddable":true,"href":"https:\/\/www3.poitiers-jeunes.com\/lesexpressifs2022\/wp-json\/wp\/v2\/media\/175"}],"wp:attachment":[{"href":"https:\/\/www3.poitiers-jeunes.com\/lesexpressifs2022\/wp-json\/wp\/v2\/media?parent=162"}],"wp:term":[{"taxonomy":"product_brand","embeddable":true,"href":"https:\/\/www3.poitiers-jeunes.com\/lesexpressifs2022\/wp-json\/wp\/v2\/product_brand?post=162"},{"taxonomy":"product_cat","embeddable":true,"href":"https:\/\/www3.poitiers-jeunes.com\/lesexpressifs2022\/wp-json\/wp\/v2\/product_cat?post=162"},{"taxonomy":"product_tag","embeddable":true,"href":"https:\/\/www3.poitiers-jeunes.com\/lesexpressifs2022\/wp-json\/wp\/v2\/product_tag?post=162"}],"curies":[{"name":"wp","href":"https:\/\/api.w.org\/{rel}","templated":true}]}}