{"id":161,"date":"2022-09-05T15:16:55","date_gmt":"2022-09-05T13:16:55","guid":{"rendered":"https:\/\/www3.poitiers-jeunes.com\/lesexpressifs2022\/?post_type=product&#038;p=161"},"modified":"2022-09-19T10:44:59","modified_gmt":"2022-09-19T08:44:59","slug":"la-toupie-volante","status":"publish","type":"product","link":"https:\/\/www3.poitiers-jeunes.com\/lesexpressifs2022\/spectacle\/la-toupie-volante\/","title":{"rendered":"La Toupie Volante"},"content":{"rendered":"<p>Jeux<\/p>\n<p>Ligug\u00e9 (86)<\/p>\n<p>&nbsp;<\/p>\n<p>Avec pour devise \u00ab\u00a0des jeux partout et pour tous\u00a0\u00bb, La Toupie Volante installe sa ludoth\u00e8que de rue au Festival Les Expressifs\u00a0: des jouets de toutes sortes pour les plus jeunes d\u00e8s 6 mois, et des grands jeux en bois qui plairont aux adultes et aux enfants. Venez faire une pause-jeu entre 2 spectacles\u00a0!<\/p>\n<p>&nbsp;<\/p>\n<p>Depuis 2015, l\u2019association La Toupie Volante est une ludoth\u00e8que itin\u00e9rante qui sillonne la Vienne avec son camion rouge rempli de jeux. Nous avons r\u00e9alis\u00e9 plus de 600 animations autour du jeu aupr\u00e8s d\u2019une soixantaine de structures\u00a0: m\u00e9diath\u00e8ques, centres de loisirs, centres socioculturels, \u00e9coles, associations diverses ou pour des \u00e9v\u00e9nements grand public comme ici au Festival Les Expressifs.<\/p>\n<p>Depuis 2019, nous proposons la location de nos jeux aux structures et aux particuliers.<\/p>\n<p>N\u2019h\u00e9sitez pas \u00e0 venir d\u00e9couvrir notre petit local install\u00e9 aux Usines \u00e0 Ligug\u00e9.<\/p>\n<p>Plaisir, partage, \u00e9galit\u00e9, d\u00e9couverte et r\u00e9cup\u2019 sont au c\u0153ur de notre action\u00a0!<\/p>\n<p>&nbsp;<\/p>\n<p>Soutiens financiers 2022\u00a0: Grand Poitiers et commune de Ligug\u00e9<\/p>\n<p>&nbsp;<\/p>\n<p><a href=\"http:\/\/latoupievolante.fr\"><span style=\"color: #3366ff;\">http:\/\/latoupievolante.fr<\/span><\/a><\/p>\n<p>&nbsp;<\/p>\n<table style=\"border-collapse: collapse; width: 100%;\">\n<tbody>\n<tr>\n<td style=\"width: 49.9637%; text-align: right;\"><strong> Horaire :<\/strong><\/td>\n<td style=\"width: 50.0363%;\"><strong>Samedi et Dimanche \u00e0 partir de 14h<\/strong><\/td>\n<\/tr>\n<tr>\n<td style=\"width: 49.9637%; text-align: right;\"><strong> Lieu :<\/strong><\/td>\n<td style=\"width: 50.0363%;\"><strong>Jardin Simone Veil<\/strong><\/td>\n<\/tr>\n<tr>\n<td style=\"width: 49.9637%; text-align: right;\"><strong> Dur\u00e9e :<\/strong><\/td>\n<td style=\"width: 50.0363%;\"><strong>4h00 en continu<\/strong><\/td>\n<\/tr>\n<\/tbody>\n<\/table>\n","protected":false},"excerpt":{"rendered":"<p>Jeux Ligug\u00e9 (86) &nbsp; Avec pour devise \u00ab\u00a0des jeux partout et pour tous\u00a0\u00bb, La Toupie Volante installe sa ludoth\u00e8que de rue au Festival Les Expressifs\u00a0: des jouets de toutes sortes [&hellip;]<\/p>\n","protected":false},"featured_media":174,"template":"","meta":[],"product_brand":[],"product_cat":[21],"product_tag":[24],"class_list":{"0":"post-161","1":"product","2":"type-product","3":"status-publish","4":"has-post-thumbnail","6":"product_cat-autre","7":"product_tag-dimanche","9":"first","10":"instock","11":"shipping-taxable","12":"product-type-simple"},"_links":{"self":[{"href":"https:\/\/www3.poitiers-jeunes.com\/lesexpressifs2022\/wp-json\/wp\/v2\/product\/161","targetHints":{"allow":["GET"]}}],"collection":[{"href":"https:\/\/www3.poitiers-jeunes.com\/lesexpressifs2022\/wp-json\/wp\/v2\/product"}],"about":[{"href":"https:\/\/www3.poitiers-jeunes.com\/lesexpressifs2022\/wp-json\/wp\/v2\/types\/product"}],"wp:featuredmedia":[{"embeddable":true,"href":"https:\/\/www3.poitiers-jeunes.com\/lesexpressifs2022\/wp-json\/wp\/v2\/media\/174"}],"wp:attachment":[{"href":"https:\/\/www3.poitiers-jeunes.com\/lesexpressifs2022\/wp-json\/wp\/v2\/media?parent=161"}],"wp:term":[{"taxonomy":"product_brand","embeddable":true,"href":"https:\/\/www3.poitiers-jeunes.com\/lesexpressifs2022\/wp-json\/wp\/v2\/product_brand?post=161"},{"taxonomy":"product_cat","embeddable":true,"href":"https:\/\/www3.poitiers-jeunes.com\/lesexpressifs2022\/wp-json\/wp\/v2\/product_cat?post=161"},{"taxonomy":"product_tag","embeddable":true,"href":"https:\/\/www3.poitiers-jeunes.com\/lesexpressifs2022\/wp-json\/wp\/v2\/product_tag?post=161"}],"curies":[{"name":"wp","href":"https:\/\/api.w.org\/{rel}","templated":true}]}}