{"id":160,"date":"2022-09-05T15:13:35","date_gmt":"2022-09-05T13:13:35","guid":{"rendered":"https:\/\/www3.poitiers-jeunes.com\/lesexpressifs2022\/?post_type=product&#038;p=160"},"modified":"2022-09-08T11:26:56","modified_gmt":"2022-09-08T09:26:56","slug":"la-martingale-cie","status":"publish","type":"product","link":"https:\/\/www3.poitiers-jeunes.com\/lesexpressifs2022\/spectacle\/la-martingale-cie\/","title":{"rendered":"La Martingale (Cie)"},"content":{"rendered":"<h2>La Goguette d\u2019enfer<\/h2>\n<p>Cabaret spontan\u00e9 et participatif<\/p>\n<p>Poitiers (86)<\/p>\n<p>Goguette\u00a0: ce nom est un d\u00e9riv\u00e9 de l\u2019ancien fran\u00e7ais gogue, \u201cr\u00e9jouissance\u201d, \u201c bonne humeur \u201d (XIIIe). C\u2019est aussi \u201cfestin o\u00f9 r\u00e8gne la libert\u00e9\u201d et plus tard au XIXe le nom donn\u00e9, \u00e0 Paris, \u00e0 des Soci\u00e9t\u00e9s chantantes, des cabarets r\u00e9publicains.<\/p>\n<p>&nbsp;<\/p>\n<p>&nbsp;<\/p>\n<p>D\u00e9roulement<\/p>\n<p>&nbsp;<\/p>\n<p>Le Grand Orchestre Poitiers Musette 86, compos\u00e9 sp\u00e9cialement pour l&rsquo;occasion, interpr\u00e8te brillamment un premier morceau intitul\u00e9 \u00ab\u00a0joyeux\u00a0\u00bb. D\u00e8s les derni\u00e8res notes de musique, le Ma\u00eetre de Goguette prend la parole pour expliquer ce qui va suivre et invite chaque personne du public \u00e0 venir ex\u00e9cuter un num\u00e9ro de son choix. L\u2019orchestre reprend quelques fleurons de son r\u00e9pertoire \u00e0 danser, pendant que le Ma\u00eetre de Goguette \u00ab recrute \u00bb d\u2019intr\u00e9pides Goguettiers. La suite de la soir\u00e9e est constitu\u00e9e alternativement de sets de prestations de Goguettiers accompagn\u00e9s par l\u2019orchestre et de sets de musiques propos\u00e9es par l\u2019orchestre, ponctu\u00e9s de jingles, d\u2019interventions improvis\u00e9es du Ma\u00eetre de Goguette.<\/p>\n<p>&nbsp;<\/p>\n<p>Toute cette suite d\u2019\u00e9v\u00e8nements disparates trouve sa coh\u00e9sion dans la surprise, l\u2019\u00e9coute, l\u2019audace,<\/p>\n<p>l\u2019\u00e9nergie\u00a0 \u00e9lectrisante\u00a0 de\u00a0 l\u2019orchestre,\u00a0 l\u2019efficace\u00a0 attention\u00a0 du\u00a0 Ma\u00eetre\u00a0 de\u00a0 goguette;\u00a0 et\u00a0 surtout\u00a0 la<\/p>\n<p>sensation de participation active, partageuse et respectueuse de chacune des personnes pr\u00e9sentes.<\/p>\n<p>Il n\u2019est pas rare qu\u2019une Goguette dure quatre heures sans qu\u2019on puisse y d\u00e9celer une once d\u2019ennui.<\/p>\n<p>&nbsp;<\/p>\n<p>Ma\u00eetre de Goguette : J\u00e9r\u00f4me Rouger<\/p>\n<p>Accord\u00e9on : Manou Lefeuvre<\/p>\n<p>Guitare : Nicolas Moreau<\/p>\n<p>Contrebasse : S\u00e9bastien Girard<\/p>\n<p>Saxophone : Patoche Ingueneau<\/p>\n<p>Batterie : Olivier Aucher<\/p>\n<p>&nbsp;<\/p>\n<p><span style=\"color: #3366ff;\"><a style=\"color: #3366ff;\" href=\"https:\/\/www.lamartingale.com\/\">https:\/\/www.lamartingale.com\/<\/a><\/span><\/p>\n<p><iframe loading=\"lazy\" src=\"\/\/www.youtube.com\/embed\/gfftGsfhkCs?ab_channel=LaGoguetted\" width=\"560\" height=\"314\" allowfullscreen=\"allowfullscreen\"><\/iframe><\/p>\n<p>&nbsp;<\/p>\n<table style=\"border-collapse: collapse; width: 100%;\">\n<tbody>\n<tr>\n<td style=\"width: 49.9637%; text-align: right;\"><strong> Horaire :<\/strong><\/td>\n<td style=\"width: 50.0363%;\"><strong>Samedi 21h<\/strong><\/td>\n<\/tr>\n<tr>\n<td style=\"width: 49.9637%; text-align: right;\"><strong> Lieu :<\/strong><\/td>\n<td style=\"width: 50.0363%;\"><strong>Square de la R\u00e9publique<\/strong><\/td>\n<\/tr>\n<tr>\n<td style=\"width: 49.9637%; text-align: right;\"><strong> Dur\u00e9e :<\/strong><\/td>\n<td style=\"width: 50.0363%;\"><strong>3h en continue<br \/>\n<\/strong><\/td>\n<\/tr>\n<\/tbody>\n<\/table>\n","protected":false},"excerpt":{"rendered":"<p>La Goguette d\u2019enfer Cabaret spontan\u00e9 et participatif Poitiers (86) Goguette\u00a0: ce nom est un d\u00e9riv\u00e9 de l\u2019ancien fran\u00e7ais gogue, \u201cr\u00e9jouissance\u201d, \u201c bonne humeur \u201d (XIIIe). C\u2019est aussi \u201cfestin o\u00f9 r\u00e8gne [&hellip;]<\/p>\n","protected":false},"featured_media":173,"template":"","meta":[],"product_brand":[],"product_cat":[20],"product_tag":[23],"class_list":{"0":"post-160","1":"product","2":"type-product","3":"status-publish","4":"has-post-thumbnail","6":"product_cat-musique","7":"product_tag-samedi","9":"first","10":"instock","11":"shipping-taxable","12":"product-type-simple"},"_links":{"self":[{"href":"https:\/\/www3.poitiers-jeunes.com\/lesexpressifs2022\/wp-json\/wp\/v2\/product\/160","targetHints":{"allow":["GET"]}}],"collection":[{"href":"https:\/\/www3.poitiers-jeunes.com\/lesexpressifs2022\/wp-json\/wp\/v2\/product"}],"about":[{"href":"https:\/\/www3.poitiers-jeunes.com\/lesexpressifs2022\/wp-json\/wp\/v2\/types\/product"}],"wp:featuredmedia":[{"embeddable":true,"href":"https:\/\/www3.poitiers-jeunes.com\/lesexpressifs2022\/wp-json\/wp\/v2\/media\/173"}],"wp:attachment":[{"href":"https:\/\/www3.poitiers-jeunes.com\/lesexpressifs2022\/wp-json\/wp\/v2\/media?parent=160"}],"wp:term":[{"taxonomy":"product_brand","embeddable":true,"href":"https:\/\/www3.poitiers-jeunes.com\/lesexpressifs2022\/wp-json\/wp\/v2\/product_brand?post=160"},{"taxonomy":"product_cat","embeddable":true,"href":"https:\/\/www3.poitiers-jeunes.com\/lesexpressifs2022\/wp-json\/wp\/v2\/product_cat?post=160"},{"taxonomy":"product_tag","embeddable":true,"href":"https:\/\/www3.poitiers-jeunes.com\/lesexpressifs2022\/wp-json\/wp\/v2\/product_tag?post=160"}],"curies":[{"name":"wp","href":"https:\/\/api.w.org\/{rel}","templated":true}]}}