{"id":158,"date":"2022-09-05T15:01:34","date_gmt":"2022-09-05T13:01:34","guid":{"rendered":"https:\/\/www3.poitiers-jeunes.com\/lesexpressifs2022\/?post_type=product&#038;p=158"},"modified":"2022-09-12T11:00:48","modified_gmt":"2022-09-12T09:00:48","slug":"la-debordante-cie-2","status":"publish","type":"product","link":"https:\/\/www3.poitiers-jeunes.com\/lesexpressifs2022\/spectacle\/la-debordante-cie-2\/","title":{"rendered":"La D\u00e9bordante (Cie)"},"content":{"rendered":"<h2>Perikopt\u00f4<\/h2>\n<p>Th\u00e9\u00e2tre<\/p>\n<p>Pantin (93)<br \/>\ncr\u00e9ation 2021<\/p>\n<p>&nbsp;<\/p>\n<p>Julia Dantec est une m\u00e8re de famille sans histoire dont la vie bascule lorsqu\u2019elle commet un acte dramatique dans une agence P\u00f4le Emploi. A travers cet acte d\u00e9sesp\u00e9r\u00e9, Julia Dantec va devenir le symbole d\u2019une col\u00e8re populaire qui menace jusqu\u2019\u00e0 la stabilit\u00e9 du pays. Philippe d\u2019Orgeval est un homme politique qui a gravi tous les \u00e9chelons jusqu\u2019\u00e0 devenir premier ministre. A travers ces deux trajectoires qui ne devaient pas se croiser et qui vont pourtant finir par s\u2019entrechoquer, ce spectacle de politique-fiction est une plong\u00e9e au c\u0153ur de la dissolution des solidarit\u00e9s, un r\u00e9veille-m\u00e9ninges caustique pour une \u00e9criture th\u00e9\u00e2trale salutaire.<\/p>\n<p>A partir de 12 ans.<\/p>\n<p>&nbsp;<\/p>\n<p>&nbsp;<\/p>\n<p>Ecriture, et mise en sc\u00e8ne : Antoine Raimondi et H\u00e9lo\u00efse Desfarges<br \/>\nCom\u00e9dien-ne-s : Toma Roche, Audrey Mallada, Julien Prevost, Aline Vaudan<br \/>\nCr\u00e9ation lumi\u00e8re : Herv\u00e9 Dil\u00e9<br \/>\nCr\u00e9ation sonore : Simon Larcher<br \/>\nCostume : Laura Guillot<br \/>\nAdministration : Amandine Bretonni\u00e8re<br \/>\nProduction et diffusion : Alexis Nys et Manon Durieux<\/p>\n<p>R\u00e9sidence et coproductions :<br \/>\nTh\u00e9\u00e2tre Br\u00e9tigny &#8211; Sc\u00e8ne conventionn\u00e9e arts et humanit\u00e9s\u00a0 \/ Mars &#8211; Mons Arts de la Sc\u00e8ne &#8211; centre des arts vivants de Mons Borinage \/ Onyx \u2013 la Carri\u00e8re &#8211; Sc\u00e8ne conventionn\u00e9e danse (Saint Herblain)\u00a0 \/ La Passerelle \u2013 Sc\u00e8ne nationale de Gap \/ Superstrat \u2013 parcours d&rsquo;exp\u00e9rience artistique \/ le Vaisseau \u2013 fabrique artistique au Centre de R\u00e9adaptation de Coubert \/ Th\u00e9\u00e2tre de la Commanderie \u2013 Vaour \/ Th\u00e9\u00e2tre des Franciscains &#8211; Beziers \/ l&rsquo;HAMEKA, Fabrique des Arts de la rue \u00e0 Louhossoa \/ L&rsquo;espace P\u00e9riph\u00e9rique, lieu de cr\u00e9ation co-g\u00e9r\u00e9 par la ville de Paris et l&rsquo;EPPGHV La Villette \/ Le BOULON, Cnarep \u00e0 Vieux-Cond\u00e9 \/ l\u2019ATELIER 231, Cnarep \u00e0 Sotteville-l\u00e8s-Rouen<\/p>\n<p>R\u00e9sidence et pr\u00e9achats : Th\u00e9\u00e2tre Municipal Berthelot &#8211; Jean Guerrin \u2013 Montreuil \/ Festival Sc\u00e8ne de rue &#8211; Mulhouse<\/p>\n<p>Avec le soutien de : DRAC Ile-de-France, R\u00e9gion Ile-de-France, ADAMI, SACD et la Spedidam.<\/p>\n<p>&nbsp;<\/p>\n<p><a href=\"https:\/\/ladebordante.com\/\"><span style=\"color: #3366ff;\">https:\/\/ladebordante.com\/<\/span><\/a><\/p>\n<p>&nbsp;<\/p>\n<table style=\"border-collapse: collapse; width: 100%;\">\n<tbody>\n<tr>\n<td style=\"width: 49.9637%; text-align: right;\"><strong> Horaire :<\/strong><\/td>\n<td style=\"width: 50.0363%;\"><strong>Samedi 21h<br \/>\n<\/strong><strong>Dimanche 14h30<\/strong><\/td>\n<\/tr>\n<tr>\n<td style=\"width: 49.9637%; text-align: right;\"><strong> Lieu :<\/strong><\/td>\n<td style=\"width: 50.0363%;\"><strong>Pl. du Mal Leclerc<\/strong><\/td>\n<\/tr>\n<tr>\n<td style=\"width: 49.9637%; text-align: right;\"><strong> Dur\u00e9e :<\/strong><\/td>\n<td style=\"width: 50.0363%;\"><strong>1h15<\/strong><\/td>\n<\/tr>\n<\/tbody>\n<\/table>\n","protected":false},"excerpt":{"rendered":"<p>Perikopt\u00f4 Th\u00e9\u00e2tre Pantin (93) cr\u00e9ation 2021 &nbsp; Julia Dantec est une m\u00e8re de famille sans histoire dont la vie bascule lorsqu\u2019elle commet un acte dramatique dans une agence P\u00f4le Emploi. [&hellip;]<\/p>\n","protected":false},"featured_media":171,"template":"","meta":[],"product_brand":[],"product_cat":[18],"product_tag":[24,23],"class_list":{"0":"post-158","1":"product","2":"type-product","3":"status-publish","4":"has-post-thumbnail","6":"product_cat-theatre","7":"product_tag-dimanche","8":"product_tag-samedi","10":"first","11":"instock","12":"shipping-taxable","13":"product-type-simple"},"_links":{"self":[{"href":"https:\/\/www3.poitiers-jeunes.com\/lesexpressifs2022\/wp-json\/wp\/v2\/product\/158","targetHints":{"allow":["GET"]}}],"collection":[{"href":"https:\/\/www3.poitiers-jeunes.com\/lesexpressifs2022\/wp-json\/wp\/v2\/product"}],"about":[{"href":"https:\/\/www3.poitiers-jeunes.com\/lesexpressifs2022\/wp-json\/wp\/v2\/types\/product"}],"wp:featuredmedia":[{"embeddable":true,"href":"https:\/\/www3.poitiers-jeunes.com\/lesexpressifs2022\/wp-json\/wp\/v2\/media\/171"}],"wp:attachment":[{"href":"https:\/\/www3.poitiers-jeunes.com\/lesexpressifs2022\/wp-json\/wp\/v2\/media?parent=158"}],"wp:term":[{"taxonomy":"product_brand","embeddable":true,"href":"https:\/\/www3.poitiers-jeunes.com\/lesexpressifs2022\/wp-json\/wp\/v2\/product_brand?post=158"},{"taxonomy":"product_cat","embeddable":true,"href":"https:\/\/www3.poitiers-jeunes.com\/lesexpressifs2022\/wp-json\/wp\/v2\/product_cat?post=158"},{"taxonomy":"product_tag","embeddable":true,"href":"https:\/\/www3.poitiers-jeunes.com\/lesexpressifs2022\/wp-json\/wp\/v2\/product_tag?post=158"}],"curies":[{"name":"wp","href":"https:\/\/api.w.org\/{rel}","templated":true}]}}