{"id":148,"date":"2022-09-05T14:36:54","date_gmt":"2022-09-05T12:36:54","guid":{"rendered":"https:\/\/www3.poitiers-jeunes.com\/lesexpressifs2022\/?post_type=product&#038;p=148"},"modified":"2022-09-15T15:07:44","modified_gmt":"2022-09-15T13:07:44","slug":"kube","status":"publish","type":"product","link":"https:\/\/www3.poitiers-jeunes.com\/lesexpressifs2022\/spectacle\/kube\/","title":{"rendered":"KUBE"},"content":{"rendered":"<p>Rock ind\u00e9 \/ alternatif<\/p>\n<p>Poitiers (86)<\/p>\n<p>&nbsp;<\/p>\n<p>Le groupe de rock Kube d\u00e9barque pour d\u00e9fendre son premier EP \u00ab\u00a0On br\u00fble\u00a0\u00bb. A l\u2019\u00e9coute des morceaux, les influences et les origines se font vite ressentir\u00a0: le rock british des ann\u00e9es 2000 n\u2019est pas loin. Mais Kube c\u2019est bien du rock fran\u00e7ais qui s\u2019acharne \u00e0 faire de chaque concert un moment d\u2019\u00e9vasion brutale pour en d\u00e9coudre avec la sc\u00e8ne!<\/p>\n<p>&nbsp;<\/p>\n<p><a href=\"https:\/\/linktr.ee\/kubeofficialmusic\"><span style=\"color: #3366ff;\">https:\/\/linktr.ee\/kubeofficialmusic<\/span><\/a><\/p>\n<p><a href=\"https:\/\/www.youtube.com\/watch?v=DrMZ0qGF3Ts\"><iframe loading=\"lazy\" src=\"\/\/www.youtube.com\/embed\/DrMZ0qGF3Ts\" width=\"560\" height=\"314\" allowfullscreen=\"allowfullscreen\"><\/iframe><\/a><\/p>\n<p><iframe loading=\"lazy\" src=\"\/\/www.youtube.com\/embed\/OprI6QI2uNI\" width=\"560\" height=\"314\" allowfullscreen=\"allowfullscreen\"><\/iframe><\/p>\n<p><a href=\"https:\/\/www.youtube.com\/watch?v=2NkqbDItMrA\"><iframe loading=\"lazy\" src=\"\/\/www.youtube.com\/embed\/2NkqbDItMrA\" width=\"560\" height=\"314\" allowfullscreen=\"allowfullscreen\"><\/iframe><\/a><\/p>\n<p>&nbsp;<\/p>\n<table style=\"border-collapse: collapse; width: 100%;\">\n<tbody>\n<tr>\n<td style=\"width: 49.9637%; text-align: right;\"><strong> Horaire :<\/strong><\/td>\n<td style=\"width: 50.0363%;\"><strong>Jeudi 21h<br \/>\n<\/strong><\/td>\n<\/tr>\n<tr>\n<td style=\"width: 49.9637%; text-align: right;\"><strong> Lieu :<\/strong><\/td>\n<td style=\"width: 50.0363%;\"><strong>Parvis du March\u00e9 &#8211; Pl. Charles de Gaulle<\/strong><\/td>\n<\/tr>\n<tr>\n<td style=\"width: 49.9637%; text-align: right;\"><strong> Dur\u00e9e :<\/strong><\/td>\n<td style=\"width: 50.0363%;\"><strong>45 min<\/strong><\/td>\n<\/tr>\n<\/tbody>\n<\/table>\n","protected":false},"excerpt":{"rendered":"<p>Rock ind\u00e9 \/ alternatif Poitiers (86) &nbsp; Le groupe de rock Kube d\u00e9barque pour d\u00e9fendre son premier EP \u00ab\u00a0On br\u00fble\u00a0\u00bb. A l\u2019\u00e9coute des morceaux, les influences et les origines se [&hellip;]<\/p>\n","protected":false},"featured_media":149,"template":"","meta":[],"product_brand":[],"product_cat":[20],"product_tag":[22],"class_list":{"0":"post-148","1":"product","2":"type-product","3":"status-publish","4":"has-post-thumbnail","6":"product_cat-musique","7":"product_tag-jeudi","9":"first","10":"instock","11":"shipping-taxable","12":"product-type-simple"},"_links":{"self":[{"href":"https:\/\/www3.poitiers-jeunes.com\/lesexpressifs2022\/wp-json\/wp\/v2\/product\/148","targetHints":{"allow":["GET"]}}],"collection":[{"href":"https:\/\/www3.poitiers-jeunes.com\/lesexpressifs2022\/wp-json\/wp\/v2\/product"}],"about":[{"href":"https:\/\/www3.poitiers-jeunes.com\/lesexpressifs2022\/wp-json\/wp\/v2\/types\/product"}],"wp:featuredmedia":[{"embeddable":true,"href":"https:\/\/www3.poitiers-jeunes.com\/lesexpressifs2022\/wp-json\/wp\/v2\/media\/149"}],"wp:attachment":[{"href":"https:\/\/www3.poitiers-jeunes.com\/lesexpressifs2022\/wp-json\/wp\/v2\/media?parent=148"}],"wp:term":[{"taxonomy":"product_brand","embeddable":true,"href":"https:\/\/www3.poitiers-jeunes.com\/lesexpressifs2022\/wp-json\/wp\/v2\/product_brand?post=148"},{"taxonomy":"product_cat","embeddable":true,"href":"https:\/\/www3.poitiers-jeunes.com\/lesexpressifs2022\/wp-json\/wp\/v2\/product_cat?post=148"},{"taxonomy":"product_tag","embeddable":true,"href":"https:\/\/www3.poitiers-jeunes.com\/lesexpressifs2022\/wp-json\/wp\/v2\/product_tag?post=148"}],"curies":[{"name":"wp","href":"https:\/\/api.w.org\/{rel}","templated":true}]}}