{"id":144,"date":"2022-09-05T14:28:27","date_gmt":"2022-09-05T12:28:27","guid":{"rendered":"https:\/\/www3.poitiers-jeunes.com\/lesexpressifs2022\/?post_type=product&#038;p=144"},"modified":"2022-09-27T15:36:00","modified_gmt":"2022-09-27T13:36:00","slug":"kadanse","status":"publish","type":"product","link":"https:\/\/www3.poitiers-jeunes.com\/lesexpressifs2022\/spectacle\/kadanse\/","title":{"rendered":"KADANSE!"},"content":{"rendered":"<p>Danse<\/p>\n<p>Chasseneuil du Poitou (86)<\/p>\n<p>&nbsp;<\/p>\n<p>Kadanse! propose des cours, ateliers et repr\u00e9sentations de danse Kpop (pop cor\u00e9enne), m\u00e9langeant styles de danse moderne, street-jazz,\u2026. Avec des jeunes &#8211; voire tr\u00e8s jeunes &#8211; danseurs et danseuses (11 \u00e0 30 ans), l&rsquo;association vise \u00e0 partager la passion de la danse mais aussi de la culture asiatique urbaine.<\/p>\n<p>&nbsp;<\/p>\n<p><a href=\"https:\/\/www.instagram.com\/kadanse._\/\"><span style=\"color: #3366ff;\">https:\/\/www.instagram.com\/kadanse._\/<\/span><\/a><\/p>\n<p><span style=\"color: #3366ff;\">\u00a0<a style=\"color: #3366ff;\" href=\"https:\/\/www.instagram.com\/tv\/Cd8WUR_veMb\/?igshid=YmMyMTA2M2Y\">https:\/\/www.instagram.com\/tv\/Cd8WUR_veMb\/?igshid=YmMyMTA2M2Y<\/a>=<\/span><\/p>\n<p style=\"text-align: center;\">\n<table style=\"border-collapse: collapse; width: 100%;\">\n<tbody>\n<tr>\n<td style=\"width: 49.9637%; text-align: right;\"><strong> Horaire :<\/strong><\/td>\n<td style=\"width: 50.0363%;\"><strong>Samedi 14h<br \/>\n<\/strong><\/td>\n<\/tr>\n<tr>\n<td style=\"width: 49.9637%; text-align: right;\"><strong> Lieu :<\/strong><\/td>\n<td style=\"width: 50.0363%;\"><strong>Square de la R\u00e9publique<\/strong><\/td>\n<\/tr>\n<tr>\n<td style=\"width: 49.9637%; text-align: right;\"><strong> Dur\u00e9e :<\/strong><\/td>\n<td style=\"width: 50.0363%;\"><strong>20 min<\/strong><\/td>\n<\/tr>\n<\/tbody>\n<\/table>\n","protected":false},"excerpt":{"rendered":"<p>Danse Chasseneuil du Poitou (86) &nbsp; Kadanse! propose des cours, ateliers et repr\u00e9sentations de danse Kpop (pop cor\u00e9enne), m\u00e9langeant styles de danse moderne, street-jazz,\u2026. Avec des jeunes &#8211; voire tr\u00e8s [&hellip;]<\/p>\n","protected":false},"featured_media":145,"template":"","meta":[],"product_brand":[],"product_cat":[19],"product_tag":[23],"class_list":{"0":"post-144","1":"product","2":"type-product","3":"status-publish","4":"has-post-thumbnail","6":"product_cat-danse","7":"product_tag-samedi","9":"first","10":"instock","11":"shipping-taxable","12":"product-type-simple"},"_links":{"self":[{"href":"https:\/\/www3.poitiers-jeunes.com\/lesexpressifs2022\/wp-json\/wp\/v2\/product\/144","targetHints":{"allow":["GET"]}}],"collection":[{"href":"https:\/\/www3.poitiers-jeunes.com\/lesexpressifs2022\/wp-json\/wp\/v2\/product"}],"about":[{"href":"https:\/\/www3.poitiers-jeunes.com\/lesexpressifs2022\/wp-json\/wp\/v2\/types\/product"}],"wp:featuredmedia":[{"embeddable":true,"href":"https:\/\/www3.poitiers-jeunes.com\/lesexpressifs2022\/wp-json\/wp\/v2\/media\/145"}],"wp:attachment":[{"href":"https:\/\/www3.poitiers-jeunes.com\/lesexpressifs2022\/wp-json\/wp\/v2\/media?parent=144"}],"wp:term":[{"taxonomy":"product_brand","embeddable":true,"href":"https:\/\/www3.poitiers-jeunes.com\/lesexpressifs2022\/wp-json\/wp\/v2\/product_brand?post=144"},{"taxonomy":"product_cat","embeddable":true,"href":"https:\/\/www3.poitiers-jeunes.com\/lesexpressifs2022\/wp-json\/wp\/v2\/product_cat?post=144"},{"taxonomy":"product_tag","embeddable":true,"href":"https:\/\/www3.poitiers-jeunes.com\/lesexpressifs2022\/wp-json\/wp\/v2\/product_tag?post=144"}],"curies":[{"name":"wp","href":"https:\/\/api.w.org\/{rel}","templated":true}]}}