{"id":137,"date":"2022-09-05T14:14:38","date_gmt":"2022-09-05T12:14:38","guid":{"rendered":"https:\/\/www3.poitiers-jeunes.com\/lesexpressifs2022\/?post_type=product&#038;p=137"},"modified":"2022-09-13T15:57:03","modified_gmt":"2022-09-13T13:57:03","slug":"indigohead","status":"publish","type":"product","link":"https:\/\/www3.poitiers-jeunes.com\/lesexpressifs2022\/spectacle\/indigohead\/","title":{"rendered":"Indigohead"},"content":{"rendered":"<p>Marbourg (All)<\/p>\n<p>Rock\/metal<\/p>\n<p>&nbsp;<\/p>\n<p>En 2021, Indigohead \u00e9merge depuis les royaumes bruts du rock, du grunge et du m\u00e9tal. Les musiciens de Marburg envoient des guitares puissantes, des rythmes \u00e9nergiques et des grooves de basse grondants qui lib\u00e8rent un torrent d\u2019\u00e9motions. Ils embrassent des th\u00e8mes tels que l&rsquo;agitation int\u00e9rieure, la m\u00e9lancolie et la col\u00e8re. Indigohead nous emporte entre des passages sensibles, des refrains pr\u00eats \u00e0 enflammer un stade et la catharsis \u00e9motionnelle des riffs de hard metal.<\/p>\n<p><a href=\"https:\/\/www.instagram.com\/indigohead.band\/\"><span style=\"color: #3366ff;\">https:\/\/www.instagram.com\/indigohead.band\/<\/span><\/a><\/p>\n<p><iframe loading=\"lazy\" title=\"MUSICAL TWINNING - Marburg, Poitiers &amp; Northampton 2022 - TEASER\" width=\"1170\" height=\"658\" src=\"https:\/\/www.youtube.com\/embed\/-AL4VcUf_1Y?feature=oembed\" frameborder=\"0\" allow=\"accelerometer; autoplay; clipboard-write; encrypted-media; gyroscope; picture-in-picture\" allowfullscreen><\/iframe><\/p>\n<p>&nbsp;<\/p>\n<p>&nbsp;<\/p>\n<table style=\"border-collapse: collapse; width: 100%;\">\n<tbody>\n<tr>\n<td style=\"width: 49.9637%; text-align: right;\"><strong> Horaire :<\/strong><\/td>\n<td style=\"width: 50.0363%;\"><strong>Jeudi 20h<\/strong><\/p>\n<p><strong>vendredi 20h<\/strong><\/p>\n<p><strong>Samedi 18h30<\/strong><\/td>\n<\/tr>\n<tr>\n<td style=\"width: 49.9637%; text-align: right;\"><strong> Lieu :<\/strong><\/td>\n<td style=\"width: 50.0363%;\"><strong>Bar le Cluricaume\u00a0<\/strong><\/p>\n<p><strong>Square de la R\u00e9publique<br \/>\n<\/strong><\/p>\n<p><strong>Parvis du March\u00e9 &#8211; Pl. Charles de Gaulle<br \/>\n<\/strong><\/td>\n<\/tr>\n<tr>\n<td style=\"width: 49.9637%; text-align: right;\"><strong> Dur\u00e9e :<\/strong><\/td>\n<td style=\"width: 50.0363%;\"><strong>45 min<\/strong><\/td>\n<\/tr>\n<\/tbody>\n<\/table>\n","protected":false},"excerpt":{"rendered":"<p>Marbourg (All) Rock\/metal &nbsp; En 2021, Indigohead \u00e9merge depuis les royaumes bruts du rock, du grunge et du m\u00e9tal. Les musiciens de Marburg envoient des guitares puissantes, des rythmes \u00e9nergiques [&hellip;]<\/p>\n","protected":false},"featured_media":138,"template":"","meta":[],"product_brand":[],"product_cat":[20],"product_tag":[22,23,25],"class_list":{"0":"post-137","1":"product","2":"type-product","3":"status-publish","4":"has-post-thumbnail","6":"product_cat-musique","7":"product_tag-jeudi","8":"product_tag-samedi","9":"product_tag-vendredi","11":"first","12":"instock","13":"shipping-taxable","14":"product-type-simple"},"_links":{"self":[{"href":"https:\/\/www3.poitiers-jeunes.com\/lesexpressifs2022\/wp-json\/wp\/v2\/product\/137","targetHints":{"allow":["GET"]}}],"collection":[{"href":"https:\/\/www3.poitiers-jeunes.com\/lesexpressifs2022\/wp-json\/wp\/v2\/product"}],"about":[{"href":"https:\/\/www3.poitiers-jeunes.com\/lesexpressifs2022\/wp-json\/wp\/v2\/types\/product"}],"wp:featuredmedia":[{"embeddable":true,"href":"https:\/\/www3.poitiers-jeunes.com\/lesexpressifs2022\/wp-json\/wp\/v2\/media\/138"}],"wp:attachment":[{"href":"https:\/\/www3.poitiers-jeunes.com\/lesexpressifs2022\/wp-json\/wp\/v2\/media?parent=137"}],"wp:term":[{"taxonomy":"product_brand","embeddable":true,"href":"https:\/\/www3.poitiers-jeunes.com\/lesexpressifs2022\/wp-json\/wp\/v2\/product_brand?post=137"},{"taxonomy":"product_cat","embeddable":true,"href":"https:\/\/www3.poitiers-jeunes.com\/lesexpressifs2022\/wp-json\/wp\/v2\/product_cat?post=137"},{"taxonomy":"product_tag","embeddable":true,"href":"https:\/\/www3.poitiers-jeunes.com\/lesexpressifs2022\/wp-json\/wp\/v2\/product_tag?post=137"}],"curies":[{"name":"wp","href":"https:\/\/api.w.org\/{rel}","templated":true}]}}