{"id":135,"date":"2022-09-05T12:25:55","date_gmt":"2022-09-05T10:25:55","guid":{"rendered":"https:\/\/www3.poitiers-jeunes.com\/lesexpressifs2022\/?post_type=product&#038;p=135"},"modified":"2022-09-08T12:24:01","modified_gmt":"2022-09-08T10:24:01","slug":"gina-gagap-cie","status":"publish","type":"product","link":"https:\/\/www3.poitiers-jeunes.com\/lesexpressifs2022\/spectacle\/gina-gagap-cie\/","title":{"rendered":"Gina Gagap (Cie)"},"content":{"rendered":"<h2>Princesse Jenny qui ne voulait PAS se marier<\/h2>\n<p>Conte burlesque familial<br \/>\nA partir de 3-4 ans<\/p>\n<p>Saint-Pierre-des-Corps (37)<\/p>\n<p>Cr\u00e9ation 2021<\/p>\n<p>&nbsp;<\/p>\n<p>La princesse Jenny refuse de se marier, cela lui plait bien d&rsquo;\u00eatre une demoiselle et de n&rsquo;en faire qu&rsquo;\u00e0 sa t\u00eate\u2026<\/p>\n<p>Un jour cependant, le roi, son p\u00e8re, la somme de trouver un \u00e9poux ! Contrainte d&rsquo;ob\u00e9ir, elle accepte de rencontrer les pr\u00e9tendants qui s\u2019amassent devant les grilles du ch\u00e2teau\u2026 \u00e0 une seule condition : leur faire passer des \u00e9preuves afin qu&rsquo;ils prouvent leur loyaut\u00e9 et leur courage\u2026 Mais rien ne se passe comme pr\u00e9vu\u2026<\/p>\n<p>&nbsp;<\/p>\n<p>Un spectacle dr\u00f4le, v\u00e9ritable hymne \u00e0 la libert\u00e9, plein de rebondissements.<\/p>\n<p>&nbsp;<\/p>\n<p>Ecrit et interpr\u00e9t\u00e9 par Thierry Robard et Sophie Lemariey<\/p>\n<p><a href=\"http:\/\/www.ginagagap.com\"><span style=\"color: #3366ff;\">www.ginagagap.com<\/span><\/a><\/p>\n<p>&nbsp;<\/p>\n<p><iframe loading=\"lazy\" src=\"\/\/www.youtube.com\/embed\/d124-NlV9So?t=3s\" width=\"560\" height=\"314\" allowfullscreen=\"allowfullscreen\"><\/iframe><\/p>\n<p>&nbsp;<\/p>\n<table style=\"border-collapse: collapse; width: 100%;\">\n<tbody>\n<tr>\n<td style=\"width: 49.9637%; text-align: right;\"><strong> Horaire :<\/strong><\/td>\n<td style=\"width: 50.0363%;\"><strong>Samedi 16h30<\/strong><\/p>\n<p><strong>Dimanche 15h30<\/strong><\/td>\n<\/tr>\n<tr>\n<td style=\"width: 49.9637%; text-align: right;\"><strong> Lieu :<\/strong><\/td>\n<td style=\"width: 50.0363%;\"><strong>Cour arri\u00e8re de l\u2019H\u00f4tel de Ville<br \/>\n<\/strong><strong>Cour de l\u2019\u00e9cole des Beaux-arts<br \/>\n<\/strong><\/td>\n<\/tr>\n<tr>\n<td style=\"width: 49.9637%; text-align: right;\"><strong> Dur\u00e9e :<\/strong><\/td>\n<td style=\"width: 50.0363%;\"><strong>1h<\/strong><\/td>\n<\/tr>\n<\/tbody>\n<\/table>\n","protected":false},"excerpt":{"rendered":"<p>Princesse Jenny qui ne voulait PAS se marier Conte burlesque familial A partir de 3-4 ans Saint-Pierre-des-Corps (37) Cr\u00e9ation 2021 &nbsp; La princesse Jenny refuse de se marier, cela lui [&hellip;]<\/p>\n","protected":false},"featured_media":136,"template":"","meta":[],"product_brand":[],"product_cat":[18],"product_tag":[24,23],"class_list":{"0":"post-135","1":"product","2":"type-product","3":"status-publish","4":"has-post-thumbnail","6":"product_cat-theatre","7":"product_tag-dimanche","8":"product_tag-samedi","10":"first","11":"instock","12":"shipping-taxable","13":"product-type-simple"},"_links":{"self":[{"href":"https:\/\/www3.poitiers-jeunes.com\/lesexpressifs2022\/wp-json\/wp\/v2\/product\/135","targetHints":{"allow":["GET"]}}],"collection":[{"href":"https:\/\/www3.poitiers-jeunes.com\/lesexpressifs2022\/wp-json\/wp\/v2\/product"}],"about":[{"href":"https:\/\/www3.poitiers-jeunes.com\/lesexpressifs2022\/wp-json\/wp\/v2\/types\/product"}],"wp:featuredmedia":[{"embeddable":true,"href":"https:\/\/www3.poitiers-jeunes.com\/lesexpressifs2022\/wp-json\/wp\/v2\/media\/136"}],"wp:attachment":[{"href":"https:\/\/www3.poitiers-jeunes.com\/lesexpressifs2022\/wp-json\/wp\/v2\/media?parent=135"}],"wp:term":[{"taxonomy":"product_brand","embeddable":true,"href":"https:\/\/www3.poitiers-jeunes.com\/lesexpressifs2022\/wp-json\/wp\/v2\/product_brand?post=135"},{"taxonomy":"product_cat","embeddable":true,"href":"https:\/\/www3.poitiers-jeunes.com\/lesexpressifs2022\/wp-json\/wp\/v2\/product_cat?post=135"},{"taxonomy":"product_tag","embeddable":true,"href":"https:\/\/www3.poitiers-jeunes.com\/lesexpressifs2022\/wp-json\/wp\/v2\/product_tag?post=135"}],"curies":[{"name":"wp","href":"https:\/\/api.w.org\/{rel}","templated":true}]}}