{"id":129,"date":"2022-09-05T12:18:47","date_gmt":"2022-09-05T10:18:47","guid":{"rendered":"https:\/\/www3.poitiers-jeunes.com\/lesexpressifs2022\/?post_type=product&#038;p=129"},"modified":"2022-09-08T12:26:37","modified_gmt":"2022-09-08T10:26:37","slug":"frichti-concept","status":"publish","type":"product","link":"https:\/\/www3.poitiers-jeunes.com\/lesexpressifs2022\/spectacle\/frichti-concept\/","title":{"rendered":"Frichti Concept"},"content":{"rendered":"<h2>\/ (slash), ou l&rsquo;Homme D<\/h2>\n<p>Th\u00e9\u00e2tre<\/p>\n<p>Paris (75)<br \/>\ncr\u00e9ation 2020<\/p>\n<p>\/ (slash), ou l&rsquo;Homme D est l\u2019histoire d\u2019un homme qui d\u00e9cide de jouer sa vie aux d\u00e9s. Il invente ses propres r\u00e8gles afin d\u2019appr\u00e9hender le monde ultra-norm\u00e9 dans lequel il \u00e9volue. Il choisit l\u2019al\u00e9atoire, laissant le hasard prendre ses d\u00e9cisions. N\u00e9anmoins, se rendant compte que ce nouveau cadre est bien plus contraignant, il d\u00e9cide de biaiser le syst\u00e8me qu\u2019il a mis en place.<\/p>\n<p>\/ (slash), ou l&rsquo;Homme D implique le spectateur afin de lui faire vivre une exp\u00e9rience au pr\u00e9sent. A travers le traitement du son (sons acousmatiques dont on n\u2019identifie pas la source, sons de la ville, musiques identifiables,&#8230;), le rapport \u00e0 l\u2019al\u00e9atoire et le ballotage constant entre r\u00e9alisme et convention spectaculaire, le spectateur est maintenu en alerte et en mouvement.<\/p>\n<p>\/ (slash), ou l&rsquo;Homme D est un parcours dans la ville \u00e0 l\u2019image du cheminement personnel de notre protagoniste. Chaque arr\u00eat constitue un acte de la pi\u00e8ce et le spectacle se construit diff\u00e9remment \u00e0 chaque repr\u00e9sentation.<\/p>\n<p>Les th\u00e9matiques de ce spectacle tournent autour du conditionnement de l\u2019\u00eatre humain, de son rapport \u00e0 la norme. Leur angle d\u2019approche en est le biais. Leur exploration est \u00e0 travers l\u2019al\u00e9atoire.<\/p>\n<p>&nbsp;<\/p>\n<p>Distribution :<\/p>\n<p>&nbsp;<\/p>\n<p>Avec : Brendan Le Delliou, et (en alternance) Bruno Cavilla ou Emeric Renard, et, Flora Hecquet ou Achil Bras<\/p>\n<p>Auteur &#8211; chor\u00e9graphe :\u00a0\u00a0\u00a0\u00a0\u00a0\u00a0\u00a0\u00a0\u00a0 Brendan Le Delliou<\/p>\n<p>Collaboratrice artistique : Elodie Tuquet<\/p>\n<p>Cr\u00e9ateur\u00b7rices sonore : Renaud Biri, Marie Lys Polchlopek, St\u00e9phane Gasquet<\/p>\n<p>Sc\u00e9nographes : Beno\u00eet Afnaim, Yuka Jimenez, Edmond\/EDO<\/p>\n<p>Costumi\u00e8re : L\u00e9a Di Gregorio<\/p>\n<p>Partenaires artistiques :\u00a0 Fr\u00e9d\u00e9ric Fort, Doriane Moretus, Marie Doiret<\/p>\n<p>&nbsp;<\/p>\n<p>Soutiens :<\/p>\n<p>&nbsp;<\/p>\n<p>Minist\u00e8re de la Culture \/ DRAC \u00cele-de-France \/ R\u00e9gion \u00cele-de-France \/ Ville de Paris \/ Ville d\u2019Aubervilliers \/ Mairie du 10\u00e8me arr. de Paris \/ Cie K\u00e4fig &#8211; CCN de Cr\u00e9teil \/ Le Man\u00e8ge &#8211; Sc\u00e8ne Nationale de Maubeuge \/ CNAREP Le Boulon \/ CNAREP Le Moulin Fondu \/ SPEDIDAM \/ CRL10 \/ Association Alarue &#8211; Festival Les Zaccros d\u2019ma rue \/ Art&rsquo;R \/ La Fabrique Sonore &#8211; Cie D\u00e9cor Sonore \/ Centre Culturel Emma\u00fcs Louvel-Tessier \/ Animakt \/ La Lisi\u00e8re \/ Association Temps des Rues &#8211; Festival Le Printemps des Rues \/ Villa Mais d\u2019Ici<\/p>\n<p>&nbsp;<\/p>\n<p><span style=\"color: #3366ff;\"><a style=\"color: #3366ff;\" href=\"http:\/\/www.frichticoncept.net\">http:\/\/www.frichticoncept.net<\/a><\/span><\/p>\n<p>&nbsp;<\/p>\n<p><a href=\"https:\/\/vimeo.com\/344818687\"><iframe loading=\"lazy\" src=\"\/\/player.vimeo.com\/video\/344818687?title=0&amp;byline=0&amp;portrait=0&amp;color=8dc7dc\" width=\"425\" height=\"350\" allowfullscreen=\"allowfullscreen\"><\/iframe><\/a><\/p>\n<p>&nbsp;<\/p>\n<table style=\"border-collapse: collapse; width: 100%;\">\n<tbody>\n<tr>\n<td style=\"width: 49.9637%; text-align: right;\"><strong> Horaire :<\/strong><\/td>\n<td style=\"width: 50.0363%;\"><strong>Samedi 15h<\/strong><\/p>\n<p><strong>Dimanche 16h<\/strong><\/td>\n<\/tr>\n<tr>\n<td style=\"width: 49.9637%; text-align: right;\"><strong> Lieu :<\/strong><\/td>\n<td style=\"width: 50.0363%;\"><strong>En d\u00e9ambulation \u00e0 partir du Parvis de l\u2019H\u00f4tel de Ville<br \/>\n<\/strong><\/td>\n<\/tr>\n<tr>\n<td style=\"width: 49.9637%; text-align: right;\"><strong> Dur\u00e9e :<\/strong><\/td>\n<td style=\"width: 50.0363%;\"><strong>1h<\/strong><\/td>\n<\/tr>\n<\/tbody>\n<\/table>\n","protected":false},"excerpt":{"rendered":"<p>\/ (slash), ou l&rsquo;Homme D Th\u00e9\u00e2tre Paris (75) cr\u00e9ation 2020 \/ (slash), ou l&rsquo;Homme D est l\u2019histoire d\u2019un homme qui d\u00e9cide de jouer sa vie aux d\u00e9s. Il invente ses [&hellip;]<\/p>\n","protected":false},"featured_media":131,"template":"","meta":[],"product_brand":[],"product_cat":[18],"product_tag":[24,23],"class_list":{"0":"post-129","1":"product","2":"type-product","3":"status-publish","4":"has-post-thumbnail","6":"product_cat-theatre","7":"product_tag-dimanche","8":"product_tag-samedi","10":"first","11":"instock","12":"shipping-taxable","13":"product-type-simple"},"_links":{"self":[{"href":"https:\/\/www3.poitiers-jeunes.com\/lesexpressifs2022\/wp-json\/wp\/v2\/product\/129","targetHints":{"allow":["GET"]}}],"collection":[{"href":"https:\/\/www3.poitiers-jeunes.com\/lesexpressifs2022\/wp-json\/wp\/v2\/product"}],"about":[{"href":"https:\/\/www3.poitiers-jeunes.com\/lesexpressifs2022\/wp-json\/wp\/v2\/types\/product"}],"wp:featuredmedia":[{"embeddable":true,"href":"https:\/\/www3.poitiers-jeunes.com\/lesexpressifs2022\/wp-json\/wp\/v2\/media\/131"}],"wp:attachment":[{"href":"https:\/\/www3.poitiers-jeunes.com\/lesexpressifs2022\/wp-json\/wp\/v2\/media?parent=129"}],"wp:term":[{"taxonomy":"product_brand","embeddable":true,"href":"https:\/\/www3.poitiers-jeunes.com\/lesexpressifs2022\/wp-json\/wp\/v2\/product_brand?post=129"},{"taxonomy":"product_cat","embeddable":true,"href":"https:\/\/www3.poitiers-jeunes.com\/lesexpressifs2022\/wp-json\/wp\/v2\/product_cat?post=129"},{"taxonomy":"product_tag","embeddable":true,"href":"https:\/\/www3.poitiers-jeunes.com\/lesexpressifs2022\/wp-json\/wp\/v2\/product_tag?post=129"}],"curies":[{"name":"wp","href":"https:\/\/api.w.org\/{rel}","templated":true}]}}