{"id":121,"date":"2022-09-05T12:03:32","date_gmt":"2022-09-05T10:03:32","guid":{"rendered":"https:\/\/www3.poitiers-jeunes.com\/lesexpressifs2022\/?post_type=product&#038;p=121"},"modified":"2022-09-08T12:30:39","modified_gmt":"2022-09-08T10:30:39","slug":"elektrikgirl","status":"publish","type":"product","link":"https:\/\/www3.poitiers-jeunes.com\/lesexpressifs2022\/spectacle\/elektrikgirl\/","title":{"rendered":"Elektrikgirl"},"content":{"rendered":"<p>Electro<\/p>\n<p>Poitiers (86)<\/p>\n<p>&nbsp;<\/p>\n<p>Elektrikgirl est une artiste pictavienne. Il y a dans sa musique \u00e9lectro un c\u00f4t\u00e9 punk tint\u00e9 de m\u00e9lodies au synth\u00e9tiseur.\u00a0 Autodidacte tardive, elle vit la musique comme une th\u00e9rapie, une \u00e9chappatoire \u00e0 ce monde patriacapitaliste. Ses textes racontent, entre autre, la violence et l\u2019absurdit\u00e9 de ce monde ainsi que le besoin de libert\u00e9.<\/p>\n<p>&nbsp;<\/p>\n<p><a href=\"https:\/\/elektrikgirl.bandcamp.com\/releases\"><span style=\"color: #3366ff;\">https:\/\/elektrikgirl.bandcamp.com\/releases<\/span><\/a><\/p>\n<p>&nbsp;<\/p>\n<table style=\"border-collapse: collapse; width: 100%;\">\n<tbody>\n<tr>\n<td style=\"width: 49.9637%; text-align: right;\"><strong> Horaire :<\/strong><\/td>\n<td style=\"width: 50.0363%;\"><strong>Jeudi 23h<br \/>\n<\/strong><\/td>\n<\/tr>\n<tr>\n<td style=\"width: 49.9637%; text-align: right;\"><strong> Lieu :<\/strong><\/td>\n<td style=\"width: 50.0363%;\"><strong>Bar le Cluricaume<\/strong><\/td>\n<\/tr>\n<tr>\n<td style=\"width: 49.9637%; text-align: right;\"><strong> Dur\u00e9e :<\/strong><\/td>\n<td style=\"width: 50.0363%;\"><strong>40 min<\/strong><\/td>\n<\/tr>\n<\/tbody>\n<\/table>\n","protected":false},"excerpt":{"rendered":"<p>Electro Poitiers (86) &nbsp; Elektrikgirl est une artiste pictavienne. Il y a dans sa musique \u00e9lectro un c\u00f4t\u00e9 punk tint\u00e9 de m\u00e9lodies au synth\u00e9tiseur.\u00a0 Autodidacte tardive, elle vit la musique [&hellip;]<\/p>\n","protected":false},"featured_media":122,"template":"","meta":[],"product_brand":[],"product_cat":[20],"product_tag":[22],"class_list":{"0":"post-121","1":"product","2":"type-product","3":"status-publish","4":"has-post-thumbnail","6":"product_cat-musique","7":"product_tag-jeudi","9":"first","10":"instock","11":"shipping-taxable","12":"product-type-simple"},"_links":{"self":[{"href":"https:\/\/www3.poitiers-jeunes.com\/lesexpressifs2022\/wp-json\/wp\/v2\/product\/121","targetHints":{"allow":["GET"]}}],"collection":[{"href":"https:\/\/www3.poitiers-jeunes.com\/lesexpressifs2022\/wp-json\/wp\/v2\/product"}],"about":[{"href":"https:\/\/www3.poitiers-jeunes.com\/lesexpressifs2022\/wp-json\/wp\/v2\/types\/product"}],"wp:featuredmedia":[{"embeddable":true,"href":"https:\/\/www3.poitiers-jeunes.com\/lesexpressifs2022\/wp-json\/wp\/v2\/media\/122"}],"wp:attachment":[{"href":"https:\/\/www3.poitiers-jeunes.com\/lesexpressifs2022\/wp-json\/wp\/v2\/media?parent=121"}],"wp:term":[{"taxonomy":"product_brand","embeddable":true,"href":"https:\/\/www3.poitiers-jeunes.com\/lesexpressifs2022\/wp-json\/wp\/v2\/product_brand?post=121"},{"taxonomy":"product_cat","embeddable":true,"href":"https:\/\/www3.poitiers-jeunes.com\/lesexpressifs2022\/wp-json\/wp\/v2\/product_cat?post=121"},{"taxonomy":"product_tag","embeddable":true,"href":"https:\/\/www3.poitiers-jeunes.com\/lesexpressifs2022\/wp-json\/wp\/v2\/product_tag?post=121"}],"curies":[{"name":"wp","href":"https:\/\/api.w.org\/{rel}","templated":true}]}}