{"id":119,"date":"2022-09-05T11:59:42","date_gmt":"2022-09-05T09:59:42","guid":{"rendered":"https:\/\/www3.poitiers-jeunes.com\/lesexpressifs2022\/?post_type=product&#038;p=119"},"modified":"2022-09-14T17:18:41","modified_gmt":"2022-09-14T15:18:41","slug":"detachement-international-du-muerto-coco-2","status":"publish","type":"product","link":"https:\/\/www3.poitiers-jeunes.com\/lesexpressifs2022\/spectacle\/detachement-international-du-muerto-coco-2\/","title":{"rendered":"D\u00e9tachement international du Muerto Coco"},"content":{"rendered":"<h2>Danser dans mon petit salon sans me poser de questions<\/h2>\n<p>Po\u00e9sie documentaire dite et dans\u00e9e<\/p>\n<p>Marseille (13)<br \/>\ncr\u00e9ation 2022<\/p>\n<p>Tout d\u00e9marre comme une enqu\u00eate na\u00efve : de quoi parle-t-on quand on prononce le mot \u00ab virilit\u00e9 \u00bb ? Tu peux me le dire, toi ?<\/p>\n<p>Pendant plus d\u2019un an, Maxime Potard est parti \u00e0 la rencontre de personnes crois\u00e9es au hasard des rues ou invit\u00e9es \u00e0 \u00e9changer sur le sujet. De leurs t\u00e9moignages, il tire le fil d\u2019une \u00e9criture du r\u00e9el, qui m\u00eale exp\u00e9riences personnelles, autofiction et paroles d\u2019inconnu.e.s. Un po\u00e8me qui se fabrique comme une pens\u00e9e en mouvement. Une po\u00e9sie qui se dit et qui se danse. En costard ou en culottes en dentelles (pour hommes, bien s\u00fbr), sur un canap\u00e9, pos\u00e9 au milieu des gens, dehors.<\/p>\n<p>Se tisse et se r\u00e9v\u00e8le dans l\u2019espace public une mosa\u00efque d\u2019intimit\u00e9s chor\u00e9graphique, textuelle et sonore. Un t\u00e9lescopage de r\u00e9cits de vie qui viennent, en creux, confesser les doutes, h\u00e9sitations et questionnements qui nous habitent.<\/p>\n<p>Une divagation documentaire, en somme. Peut-\u00eatre, une exploration des contours du concept de norme et de masculinit\u00e9, ou juste une belle com\u00e9die musicale pour, au final, essayer de se r\u00eaver un peu loin de tout \u00e7a !<\/p>\n<p>&nbsp;<\/p>\n<p>Intention :<\/p>\n<p>&nbsp;<\/p>\n<p>\u00ab Il avait tent\u00e9, vraiment, assid\u00fbment, avec application, de devenir un \u00ab gar\u00e7on \u00bb. On lui avait clairement fait comprendre que c\u2019\u00e9tait un \u00e9chec. \u00bb<\/p>\n<p>&nbsp;<\/p>\n<p>J\u2019ai choisi de faire un spectacle sur la virilit\u00e9 parce que c\u2019est le premier mot qui a \u00e9merg\u00e9 de mon cerveau quand je me suis assis sur mon canap\u00e9 et me suis demand\u00e9 quel th\u00e8me j\u2019aurais envie de d\u00e9fricher seul. Il y en a d\u2019autres qui pourraient para\u00eetre plus d\u2019actualit\u00e9 dans ce champ, \u00ab genre \u00bb, par exemple. Mais \u00ab genre \u00bb est un mot qui me fait du bien, c\u2019est un mot qui panse, quoi qu\u2019on en dise. Alors que le mot virilit\u00e9 a plut\u00f4t cr\u00e9\u00e9 les plaies. Donc c\u2019est celui-l\u00e0 que je mets sur le grill, allez.<\/p>\n<p>&nbsp;<\/p>\n<p>Il y a 10 ans, quand je suis sorti de ma derni\u00e8re formation d\u2019acteur, j\u2019ai laiss\u00e9 le th\u00e9\u00e2tre et le corps hors de ma pratique pour me concentrer sur la po\u00e9sie, la parole, le son. Mais sur ce socle, finalement, th\u00e9\u00e2tre et corps sont prudemment revenus dans mon travail, et globalement dans celui du collectif Muerto Coco. Un retour provoqu\u00e9, pour ma part, par la pratique amateure du waacking, une danse \u00e9mancipatrice n\u00e9e dans la communaut\u00e9 noire et homosexuelle du Los Angeles des ann\u00e9es 70. Il est donc irr\u00e9sistible pour moi de danser dans cette cr\u00e9ation. Et la fragilit\u00e9 du danseur amateur, je la consid\u00e8re comme un alli\u00e9 po\u00e9tique pour parler de virilit\u00e9. Je m\u2019interroge aussi sur l\u2019effet du corps en mouvement sur un discours, en simultan\u00e9, donc je l\u2019exp\u00e9rimente.<\/p>\n<p>Il y a un questionnement qui sous-tend Danser dans mon petit salon : si on consid\u00e8re que les codes culturels de genre sont un ciment soci\u00e9tal (et je pense que pour beaucoup, c\u2019en est un), et si l\u2019on s\u2019en d\u00e9barrasse, que se passe-t-il ? Par quel autre ciment faisons-nous corps ? Est-il \u00e0 inventer ? Ou bien existe-il d\u00e9j\u00e0, mais simplement nous ne l\u2019utilisons pas ?<\/p>\n<p>&nbsp;<\/p>\n<p>A partir de 12 ans<\/p>\n<p>&nbsp;<\/p>\n<p>Distribution :<\/p>\n<p>Conception et interpr\u00e9tation Maxime Potard<\/p>\n<p>Texte Maxime Potard et les interview\u00e9\u00b7e\u00b7s<\/p>\n<p>Regard ext\u00e9rieur &amp; chor\u00e9graphique Leonardo Montecchia<\/p>\n<p>R\u00e9gie et construction Lo\u00efc Lavaut<\/p>\n<p>Regards complices Marc Pr\u00e9pus, Rapha\u00eblle Bouvier, Paola Rizza<\/p>\n<p>Costumes Julie Honor\u00e9, Virginie Breger, Madeleine Bourgeois, Lara Gu\u00e9ret<\/p>\n<p>Confections sc\u00e9niques : Ad\u00e8le Bor\u00e9 Juteau, Nana Kn\u00f6dler<\/p>\n<p>Cr\u00e9ation lumi\u00e8re Julien Sabato<\/p>\n<p>Regard musical Roman Gigoi, Thomas Koenig<\/p>\n<p>Chor\u00e9graphe [en alternance] Julien D\u00e9gremont<\/p>\n<p>Production Charles Bodin<\/p>\n<p>&nbsp;<\/p>\n<p>&nbsp;<\/p>\n<p>Mentions l\u00e9gales :<\/p>\n<p>Production : le D\u00e9tachement international du Muerto Coco<\/p>\n<p>Coproduction : Th\u00e9\u00e2tre Joliette, sc\u00e8ne conventionn\u00e9e art et cr\u00e9ation &#8211; expressions et \u00e9critures contemporaines (13) ; P\u00f4le arts de la sc\u00e8ne &#8211; Friche la Belle de Mai (13) ; Th\u00e9\u00e2tre Passerelle, sc\u00e8ne nationale Gap \/ Alpes du Sud (05) ; Le Citron Jaune, Centre National des Arts de la Rue et de l&rsquo;Espace Public (13) ; L\u2019Atelline, lieu d\u2019activation art &amp; espace public (34) ; L&rsquo;Abattoir, Centre National des Arts de la Rue et de l&rsquo;Espace Public (71) ; Superstrat, parcours d&rsquo;exp\u00e9rience artistique (42).<\/p>\n<p>Avec le soutien :\u00a0 La Cave Po\u00e9sie Ren\u00e9-Gouzenne (31) ; l\u2019Universit\u00e9 de Montpellier (34) ; Animakt, lieu de fabrique des arts de la rue, du cirque et d&rsquo;ailleurs (91) ; Le Centre culturel de Cucuron Vaugines (84) ; Le Klap &#8211; Maison pour la danse (13) ; L\u2019Amicale la\u00efque Tardy (42) ; Lieux publics, Centre National des Arts de la Rue et de l\u2019Espace Public &amp; p\u00f4le europ\u00e9en de production (13).<\/p>\n<p>Subventionn\u00e9 par : DRAC Paca ; R\u00e9gion Sud ; D\u00e9partement des Bouches du Rh\u00f4ne ; Ville de Marseille ; SACD \/ DGCA \/ La Copie Priv\u00e9e &#8211; Ecrire pour la rue.<\/p>\n<p>Le Muerto Coco est accompagn\u00e9 en administration et en production par LO BOL \u2013 Comptoir du spectacle.<\/p>\n<p><span style=\"color: #3366ff;\"><a style=\"color: #3366ff;\" href=\"https:\/\/muertococo.jimdofree.com\/\">https:\/\/muertococo.jimdofree.com\/<\/a><\/span><\/p>\n<hr \/>\n<div class=\"l7ghb35v kjdc1dyq kmwttqpk gh25dzvf jikcssrz n3t5jt4f\">\n<div dir=\"auto\">\/ APPEL A PARTICIPANT-ES &#8211; D\u00c9TACHEMENT INTERNATIONAL DU MUERTO COCO \/<\/div>\n<\/div>\n<div class=\"l7ghb35v kjdc1dyq kmwttqpk gh25dzvf jikcssrz n3t5jt4f\">\n<div dir=\"auto\">Le D\u00e9tachement International du Muerto Coco, recherche des participant-es. (6 hommes &amp; 2 femmes) pour sa cr\u00e9ation \u201cDanser dans mon petit salon sans me poser de questions\u201d !!!<\/div>\n<\/div>\n<div class=\"l7ghb35v kjdc1dyq kmwttqpk gh25dzvf jikcssrz n3t5jt4f\">\n<div dir=\"auto\">&gt; Pour s&rsquo;incrire : <a class=\"qi72231t nu7423ey n3hqoq4p r86q59rh b3qcqh3k fq87ekyn bdao358l fsf7x5fv rse6dlih s5oniofx m8h3af8h l7ghb35v kjdc1dyq kmwttqpk srn514ro oxkhqvkx rl78xhln nch0832m cr00lzj9 rn8ck1ys s3jn8y49 icdlwmnq cxfqmxzd ezidihy3\" tabindex=\"0\" role=\"link\" href=\"https:\/\/forms.gle\/5GNV9kYfw6ZbQNWn6?fbclid=IwAR1-LzRiOxXcNO1K3cHBlcsCDZncGMcECCBvP15kuhcTo3ddgvul6l1AOV8\" target=\"_blank\" rel=\"nofollow noopener\">https:\/\/forms.gle\/5GNV9kYfw6ZbQNWn6<\/a><\/div>\n<div dir=\"auto\"><\/div>\n<\/div>\n<p>&nbsp;<\/p>\n<table style=\"border-collapse: collapse; width: 100%;\">\n<tbody>\n<tr>\n<td style=\"width: 49.9637%; text-align: right;\"><strong> Horaire :<\/strong><\/td>\n<td style=\"width: 50.0363%;\"><strong>Vendredi 19h30<\/strong><\/p>\n<p><strong>Samedi 19h30<\/strong><\/td>\n<\/tr>\n<tr>\n<td style=\"width: 49.9637%; text-align: right;\"><strong> Lieu :<\/strong><\/td>\n<td style=\"width: 50.0363%;\"><strong>Parvis de la Facult\u00e9 &#8211; Pl. Charles de Gaulle<\/strong><br \/>\n<strong>(\u00e0 c\u00f4t\u00e9 de l\u2019Office du Tourisme)<\/strong><\/td>\n<\/tr>\n<tr>\n<td style=\"width: 49.9637%; text-align: right;\"><strong> Dur\u00e9e :<\/strong><\/td>\n<td style=\"width: 50.0363%;\"><strong>1h15<\/strong><\/td>\n<\/tr>\n<\/tbody>\n<\/table>\n","protected":false},"excerpt":{"rendered":"<p>Danser dans mon petit salon sans me poser de questions Po\u00e9sie documentaire dite et dans\u00e9e Marseille (13) cr\u00e9ation 2022 Tout d\u00e9marre comme une enqu\u00eate na\u00efve : de quoi parle-t-on quand [&hellip;]<\/p>\n","protected":false},"featured_media":120,"template":"","meta":[],"product_brand":[],"product_cat":[18],"product_tag":[23,25],"class_list":{"0":"post-119","1":"product","2":"type-product","3":"status-publish","4":"has-post-thumbnail","6":"product_cat-theatre","7":"product_tag-samedi","8":"product_tag-vendredi","10":"first","11":"instock","12":"shipping-taxable","13":"product-type-simple"},"_links":{"self":[{"href":"https:\/\/www3.poitiers-jeunes.com\/lesexpressifs2022\/wp-json\/wp\/v2\/product\/119","targetHints":{"allow":["GET"]}}],"collection":[{"href":"https:\/\/www3.poitiers-jeunes.com\/lesexpressifs2022\/wp-json\/wp\/v2\/product"}],"about":[{"href":"https:\/\/www3.poitiers-jeunes.com\/lesexpressifs2022\/wp-json\/wp\/v2\/types\/product"}],"wp:featuredmedia":[{"embeddable":true,"href":"https:\/\/www3.poitiers-jeunes.com\/lesexpressifs2022\/wp-json\/wp\/v2\/media\/120"}],"wp:attachment":[{"href":"https:\/\/www3.poitiers-jeunes.com\/lesexpressifs2022\/wp-json\/wp\/v2\/media?parent=119"}],"wp:term":[{"taxonomy":"product_brand","embeddable":true,"href":"https:\/\/www3.poitiers-jeunes.com\/lesexpressifs2022\/wp-json\/wp\/v2\/product_brand?post=119"},{"taxonomy":"product_cat","embeddable":true,"href":"https:\/\/www3.poitiers-jeunes.com\/lesexpressifs2022\/wp-json\/wp\/v2\/product_cat?post=119"},{"taxonomy":"product_tag","embeddable":true,"href":"https:\/\/www3.poitiers-jeunes.com\/lesexpressifs2022\/wp-json\/wp\/v2\/product_tag?post=119"}],"curies":[{"name":"wp","href":"https:\/\/api.w.org\/{rel}","templated":true}]}}