{"id":106,"date":"2022-09-05T11:11:56","date_gmt":"2022-09-05T09:11:56","guid":{"rendered":"https:\/\/www3.poitiers-jeunes.com\/lesexpressifs2022\/?post_type=product&#038;p=106"},"modified":"2022-09-08T14:18:46","modified_gmt":"2022-09-08T12:18:46","slug":"dbk-cie","status":"publish","type":"product","link":"https:\/\/www3.poitiers-jeunes.com\/lesexpressifs2022\/spectacle\/dbk-cie\/","title":{"rendered":"DBK (Cie)"},"content":{"rendered":"<h2>Voyages Capel<\/h2>\n<p>Th\u00e9\u00e2tre de rue<\/p>\n<p>Montreuil-Juign\u00e9 (49)<br \/>\ncr\u00e9ation 2021<\/p>\n<p><strong>\u00a0<\/strong><\/p>\n<p>Parce que nous avons tous besoin de vacances, les VOYAGES CAPEL ont le plaisir d\u2019offrir 4 places gratuites, tous frais pay\u00e9s, pour un mois de vacances dans un endroit incroyable. 4 places seulement ! Alors comment choisir parmi le public ces 4 chanceux ? Qui est pr\u00eat \u00e0 tenter l\u2019aventure ? Qui m\u00e9rite de partir en vacances ? Et je n\u2019ose m\u00eame pas vous r\u00e9v\u00e9ler la destination ! Voyages Capel est une conversation avec le public, un spectacle qui se veut ludique, positif et collaboratif.<\/p>\n<p>Conception : Stanislas Hilairet et Am\u00e9d\u00e9e Renoux<\/p>\n<p>Jeu : Am\u00e9d\u00e9e Renoux<\/p>\n<p>Mise en Sc\u00e8ne : Stanislas Hilairet<\/p>\n<p>D\u00e9cor : Jo\u00ebl Blourde<\/p>\n<p>Costume : Annabelle Thyreault<\/p>\n<p>&nbsp;<\/p>\n<p>Voyages Capel est coproduit par Le R\u00e9seau de la D\u00e9ferlante (85) avec le soutien de La DRAC des Pays de la Loire, Les Affranchis (la Fl\u00e8che-72), La Passerelle (Pouzol-63), Les Entrelass\u00e9s (Lassay les Chateaux-53), Arto (Ramonville-31), La commune de Notre Dame de Monts (85)<\/p>\n<p><a href=\"http:\/\/compagniedbk.com\"><span style=\"color: #3366ff;\">http:\/\/compagniedbk.com<\/span><\/a><\/p>\n<p>&nbsp;<\/p>\n<table style=\"border-collapse: collapse; width: 100%;\">\n<tbody>\n<tr>\n<td style=\"width: 49.9637%; text-align: right;\"><strong> Horaire :<\/strong><\/td>\n<td style=\"width: 50.0363%;\"><strong>Samedi 15h<\/strong><\/p>\n<p><strong>Dimanche 17h30<\/strong><\/td>\n<\/tr>\n<tr>\n<td style=\"width: 49.9637%; text-align: right;\"><strong> Lieu :<\/strong><\/td>\n<td style=\"width: 50.0363%;\"><strong>Cour de l\u2019\u00e9cole des Beaux-arts<\/strong><\/td>\n<\/tr>\n<tr>\n<td style=\"width: 49.9637%; text-align: right;\"><strong> Dur\u00e9e :<\/strong><\/td>\n<td style=\"width: 50.0363%;\"><strong>1h<\/strong><\/td>\n<\/tr>\n<\/tbody>\n<\/table>\n","protected":false},"excerpt":{"rendered":"<p>Voyages Capel Th\u00e9\u00e2tre de rue Montreuil-Juign\u00e9 (49) cr\u00e9ation 2021 \u00a0 Parce que nous avons tous besoin de vacances, les VOYAGES CAPEL ont le plaisir d\u2019offrir 4 places gratuites, tous frais [&hellip;]<\/p>\n","protected":false},"featured_media":108,"template":"","meta":[],"product_brand":[],"product_cat":[18],"product_tag":[24,23],"class_list":{"0":"post-106","1":"product","2":"type-product","3":"status-publish","4":"has-post-thumbnail","6":"product_cat-theatre","7":"product_tag-dimanche","8":"product_tag-samedi","10":"first","11":"instock","12":"shipping-taxable","13":"product-type-simple"},"_links":{"self":[{"href":"https:\/\/www3.poitiers-jeunes.com\/lesexpressifs2022\/wp-json\/wp\/v2\/product\/106","targetHints":{"allow":["GET"]}}],"collection":[{"href":"https:\/\/www3.poitiers-jeunes.com\/lesexpressifs2022\/wp-json\/wp\/v2\/product"}],"about":[{"href":"https:\/\/www3.poitiers-jeunes.com\/lesexpressifs2022\/wp-json\/wp\/v2\/types\/product"}],"wp:featuredmedia":[{"embeddable":true,"href":"https:\/\/www3.poitiers-jeunes.com\/lesexpressifs2022\/wp-json\/wp\/v2\/media\/108"}],"wp:attachment":[{"href":"https:\/\/www3.poitiers-jeunes.com\/lesexpressifs2022\/wp-json\/wp\/v2\/media?parent=106"}],"wp:term":[{"taxonomy":"product_brand","embeddable":true,"href":"https:\/\/www3.poitiers-jeunes.com\/lesexpressifs2022\/wp-json\/wp\/v2\/product_brand?post=106"},{"taxonomy":"product_cat","embeddable":true,"href":"https:\/\/www3.poitiers-jeunes.com\/lesexpressifs2022\/wp-json\/wp\/v2\/product_cat?post=106"},{"taxonomy":"product_tag","embeddable":true,"href":"https:\/\/www3.poitiers-jeunes.com\/lesexpressifs2022\/wp-json\/wp\/v2\/product_tag?post=106"}],"curies":[{"name":"wp","href":"https:\/\/api.w.org\/{rel}","templated":true}]}}