{"id":101,"date":"2022-09-05T11:03:54","date_gmt":"2022-09-05T09:03:54","guid":{"rendered":"https:\/\/www3.poitiers-jeunes.com\/lesexpressifs2022\/?post_type=product&#038;p=101"},"modified":"2022-09-08T14:20:36","modified_gmt":"2022-09-08T12:20:36","slug":"cine-sandwich","status":"publish","type":"product","link":"https:\/\/www3.poitiers-jeunes.com\/lesexpressifs2022\/spectacle\/cine-sandwich\/","title":{"rendered":"Cin\u00e9 sandwich"},"content":{"rendered":"<p>Allemagne, Suisse, R\u00e9publique tch\u00e8que<\/p>\n<p>A l\u2019occasion des Expressifs, voil\u00e0 3 courts m\u00e9trages issus des s\u00e9lections du Poitiers Film Festival. Ces films sont travers\u00e9s par des personnages qui chacun \u00e0 leur mani\u00e8re tentent de s\u2019exprimer, de rester fid\u00e8les \u00e0 eux-m\u00eames, tout en cr\u00e9ant un lien vivant avec celles et ceux qui les entourent.<\/p>\n<p>&nbsp;<\/p>\n<p>&nbsp;<\/p>\n<p>Blieschow<\/p>\n<p>Christoph Sarow | animation | 2019 | 10 min<\/p>\n<p>\u00e9cole : Filmakademie Baden-Wurttemberg, Allemagne<\/p>\n<p>De vastes plaines, des paysages color\u00e9s, un chien rouge g\u00e9ant. Tom passe l\u2019\u00e9t\u00e9 dans la ferme de son grand-p\u00e8re. Il est toujours en comp\u00e9tition avec son cousin Matthias, qui semble \u00eatre plus dou\u00e9 que lui dans tous les domaines.<\/p>\n<p>&nbsp;<\/p>\n<p>&nbsp;<\/p>\n<p>Imp\u00e9riale<\/p>\n<p>Coline Confort | documentaire | 2021 | 22 min<\/p>\n<p>\u00e9cole : ECAL \u2013 \u00c9cole Cantonale d\u2019Art de Lausanne, Suisse<\/p>\n<p>A\u0300 l\u2019aube, un coup de canon de\u0301chire la plaine. Les chevaux foulent la terre battue au galop. Eva, 21 ans, re\u0302ve de rejoindre la garde impe\u0301riale, un re\u0301giment napole\u0301onien re\u0301serve\u0301 aux hommes.<\/p>\n<p>&nbsp;<\/p>\n<p>&nbsp;<\/p>\n<p>Sh_t Happens<\/p>\n<p>Michaela Mih\u00e1lyiI, David \u0160tumpf | 2019 | animation | 13 min<\/p>\n<p>\u00e9cole : FAMU &#8211; Film and TV School of the Academy of Performing Arts in Prague, R\u00e9publique tch\u00e8que<\/p>\n<p>Un concierge totalement \u00e9puis\u00e9 et sa femme frustr\u00e9e. Un cerf veuf noyant son chagrin dans l\u2019alcool. Le d\u00e9sespoir de ces habitants g\u00e9n\u00e8re des situations absurdes, car comme le dit le titre\u2026 les emmerdes, \u00e7a arrive tout le temps.<\/p>\n<p>En partenariat avec le TAP Castille<\/p>\n<table style=\"border-collapse: collapse; width: 100%;\">\n<tbody>\n<tr>\n<td style=\"width: 49.9637%; text-align: right;\"><strong> Horaire :<\/strong><\/td>\n<td style=\"width: 50.0363%;\"><strong>Vencredi 12h30<\/strong><\/td>\n<\/tr>\n<tr>\n<td style=\"width: 49.9637%; text-align: right;\"><strong> Lieu :<\/strong><\/td>\n<td style=\"width: 50.0363%;\"><strong>TAP Cin\u00e9ma<\/strong><\/td>\n<\/tr>\n<tr>\n<td style=\"width: 49.9637%; text-align: right;\"><strong> Dur\u00e9e :<\/strong><\/td>\n<td style=\"width: 50.0363%;\"><strong>1h<\/strong><\/td>\n<\/tr>\n<\/tbody>\n<\/table>\n","protected":false},"excerpt":{"rendered":"<p>Allemagne, Suisse, R\u00e9publique tch\u00e8que A l\u2019occasion des Expressifs, voil\u00e0 3 courts m\u00e9trages issus des s\u00e9lections du Poitiers Film Festival. Ces films sont travers\u00e9s par des personnages qui chacun \u00e0 leur [&hellip;]<\/p>\n","protected":false},"featured_media":102,"template":"","meta":[],"product_brand":[],"product_cat":[21],"product_tag":[25],"class_list":{"0":"post-101","1":"product","2":"type-product","3":"status-publish","4":"has-post-thumbnail","6":"product_cat-autre","7":"product_tag-vendredi","9":"first","10":"instock","11":"shipping-taxable","12":"product-type-simple"},"_links":{"self":[{"href":"https:\/\/www3.poitiers-jeunes.com\/lesexpressifs2022\/wp-json\/wp\/v2\/product\/101","targetHints":{"allow":["GET"]}}],"collection":[{"href":"https:\/\/www3.poitiers-jeunes.com\/lesexpressifs2022\/wp-json\/wp\/v2\/product"}],"about":[{"href":"https:\/\/www3.poitiers-jeunes.com\/lesexpressifs2022\/wp-json\/wp\/v2\/types\/product"}],"wp:featuredmedia":[{"embeddable":true,"href":"https:\/\/www3.poitiers-jeunes.com\/lesexpressifs2022\/wp-json\/wp\/v2\/media\/102"}],"wp:attachment":[{"href":"https:\/\/www3.poitiers-jeunes.com\/lesexpressifs2022\/wp-json\/wp\/v2\/media?parent=101"}],"wp:term":[{"taxonomy":"product_brand","embeddable":true,"href":"https:\/\/www3.poitiers-jeunes.com\/lesexpressifs2022\/wp-json\/wp\/v2\/product_brand?post=101"},{"taxonomy":"product_cat","embeddable":true,"href":"https:\/\/www3.poitiers-jeunes.com\/lesexpressifs2022\/wp-json\/wp\/v2\/product_cat?post=101"},{"taxonomy":"product_tag","embeddable":true,"href":"https:\/\/www3.poitiers-jeunes.com\/lesexpressifs2022\/wp-json\/wp\/v2\/product_tag?post=101"}],"curies":[{"name":"wp","href":"https:\/\/api.w.org\/{rel}","templated":true}]}}