{"id":1311,"date":"2021-09-06T15:59:29","date_gmt":"2021-09-06T13:59:29","guid":{"rendered":"http:\/\/www3.poitiers-jeunes.com\/lesexpressifs2021\/?post_type=product&#038;p=1311"},"modified":"2021-09-16T16:55:25","modified_gmt":"2021-09-16T14:55:25","slug":"turbo-dancing","status":"publish","type":"product","link":"https:\/\/www3.poitiers-jeunes.com\/lesexpressifs2021\/spectacle\/turbo-dancing\/","title":{"rendered":"Turbo Dancing"},"content":{"rendered":"<p>La radio du festival<br \/>\nLa Grave (05)<\/p>\n<p>Une arme de destruction positivement massive !! Une station de radio FM aussi mobile que d\u00e9bile !! Une bo\u00eete de night pour 6 personnes pendant 3 mn !! Une \u00e9quipe de professionnels de l&rsquo;information \u00e0 votre disposition 24H\/24 !! Une bande son aussi efficace que kojak est chauve !! Un lieu de convivialit\u00e9 qui respire le bon go\u00fbt !! et bien oui c&rsquo;est tout \u00e7a en m\u00eame temps TURBODANCING 108FM !!!<\/p>\n<p><a href=\"https:\/\/www.turbodancing.com\/\">https:\/\/www.turbodancing.com\/<\/a><\/p>\n<p><iframe loading=\"lazy\" src=\"\/\/www.youtube.com\/embed\/9z_qrc8dMjw?t=75s&amp;ab_channel=RodolpheGueldry\" width=\"560\" height=\"314\" allowfullscreen=\"allowfullscreen\"><\/iframe><\/p>\n<hr \/>\n<p style=\"text-align: center;\"><strong>EN ACC\u00c8S LIBRE SANS R\u00c9SERVATION<\/strong><\/p>\n<p style=\"text-align: center;\"><strong><a href=\"https:\/\/www3.poitiers-jeunes.com\/lesexpressifs2021\/informations-pratiques-pass-sanitaire\/\"><span style=\"text-decoration: underline;\">&gt; Informations pratiques sur le pass sanitaire &lt;<\/span><\/a><\/strong><\/p>\n<table style=\"border-collapse: collapse; width: 100%;\">\n<tbody>\n<tr>\n<td style=\"width: 49.9637%; text-align: right;\"><strong> Horaire &amp; lieu :<\/strong><\/td>\n<td style=\"width: 50.0363%;\"><strong>Jeudi \u00e0 partir de 18h00<br \/>\nVendredi \u00e0 partir de 12h00<br \/>\nSamedi \u00e0 partir de 11h30<br \/>\nPlace Ch. de Gaulle<\/strong><\/td>\n<\/tr>\n<tr>\n<td style=\"width: 49.9637%; text-align: right;\"><strong> Horaire &amp; lieu :<\/strong><\/td>\n<td style=\"width: 50.0363%;\"><strong>Dimanche de 11h00 \u00e0 18h00 dans les rues du centre-ville<br \/>\n<\/strong><\/td>\n<\/tr>\n<tr>\n<td style=\"width: 49.9637%; text-align: right;\"><\/td>\n<td style=\"width: 50.0363%;\"><\/td>\n<\/tr>\n<\/tbody>\n<\/table>\n<hr \/>\n","protected":false},"excerpt":{"rendered":"<p>La radio du festival La Grave (05) Une arme de destruction positivement massive !! Une station de radio FM aussi mobile que d\u00e9bile !! Une bo\u00eete de night pour 6 [&hellip;]<\/p>\n","protected":false},"featured_media":1313,"template":"","meta":{"_uag_custom_page_level_css":""},"product_brand":[],"product_cat":[15],"product_tag":[29,27,30],"class_list":{"0":"post-1311","1":"product","2":"type-product","3":"status-publish","4":"has-post-thumbnail","6":"product_cat-autre","7":"product_tag-jeudi","8":"product_tag-samedi","9":"product_tag-vendredi","11":"first","12":"instock","13":"shipping-taxable","14":"product-type-simple"},"uagb_featured_image_src":{"full":["https:\/\/www3.poitiers-jeunes.com\/lesexpressifs2021\/files\/2021\/09\/Sans-titre-1.jpg",774,699,false],"thumbnail":["https:\/\/www3.poitiers-jeunes.com\/lesexpressifs2021\/files\/2021\/09\/Sans-titre-1-150x150.jpg",150,150,true],"medium":["https:\/\/www3.poitiers-jeunes.com\/lesexpressifs2021\/files\/2021\/09\/Sans-titre-1-300x271.jpg",300,271,true],"medium_large":["https:\/\/www3.poitiers-jeunes.com\/lesexpressifs2021\/files\/2021\/09\/Sans-titre-1-768x694.jpg",768,694,true],"large":["https:\/\/www3.poitiers-jeunes.com\/lesexpressifs2021\/files\/2021\/09\/Sans-titre-1.jpg",774,699,false],"1536x1536":["https:\/\/www3.poitiers-jeunes.com\/lesexpressifs2021\/files\/2021\/09\/Sans-titre-1.jpg",774,699,false],"2048x2048":["https:\/\/www3.poitiers-jeunes.com\/lesexpressifs2021\/files\/2021\/09\/Sans-titre-1.jpg",774,699,false],"oneline-lite-custom-blog":["https:\/\/www3.poitiers-jeunes.com\/lesexpressifs2021\/files\/2021\/09\/Sans-titre-1-275x184.jpg",275,184,true],"oneline-lite-recent-post":["https:\/\/www3.poitiers-jeunes.com\/lesexpressifs2021\/files\/2021\/09\/Sans-titre-1-90x90.jpg",90,90,true],"oneline-releted-post-thumb":["https:\/\/www3.poitiers-jeunes.com\/lesexpressifs2021\/files\/2021\/09\/Sans-titre-1-244x164.jpg",244,164,true],"woocommerce_thumbnail":["https:\/\/www3.poitiers-jeunes.com\/lesexpressifs2021\/files\/2021\/09\/Sans-titre-1-300x300.jpg",300,300,true],"woocommerce_single":["https:\/\/www3.poitiers-jeunes.com\/lesexpressifs2021\/files\/2021\/09\/Sans-titre-1-600x542.jpg",600,542,true],"woocommerce_gallery_thumbnail":["https:\/\/www3.poitiers-jeunes.com\/lesexpressifs2021\/files\/2021\/09\/Sans-titre-1-100x100.jpg",100,100,true],"form-edit-image-preview":["https:\/\/www3.poitiers-jeunes.com\/lesexpressifs2021\/files\/2021\/09\/Sans-titre-1-128x116.jpg",128,116,true],"variation_swatches_image_size":["https:\/\/www3.poitiers-jeunes.com\/lesexpressifs2021\/files\/2021\/09\/Sans-titre-1.jpg",50,45,false],"variation_swatches_tooltip_size":["https:\/\/www3.poitiers-jeunes.com\/lesexpressifs2021\/files\/2021\/09\/Sans-titre-1.jpg",100,90,false],"che_header_image":["https:\/\/www3.poitiers-jeunes.com\/lesexpressifs2021\/files\/2021\/09\/Sans-titre-1.jpg",774,699,false]},"uagb_author_info":{"display_name":"admin","author_link":"https:\/\/www3.poitiers-jeunes.com\/lesexpressifs2021\/author\/"},"uagb_comment_info":0,"uagb_excerpt":"La radio du festival La Grave (05) Une arme de destruction positivement massive !! Une station de radio FM aussi mobile que d\u00e9bile !! Une bo\u00eete de night pour 6 [&hellip;]","_links":{"self":[{"href":"https:\/\/www3.poitiers-jeunes.com\/lesexpressifs2021\/wp-json\/wp\/v2\/product\/1311","targetHints":{"allow":["GET"]}}],"collection":[{"href":"https:\/\/www3.poitiers-jeunes.com\/lesexpressifs2021\/wp-json\/wp\/v2\/product"}],"about":[{"href":"https:\/\/www3.poitiers-jeunes.com\/lesexpressifs2021\/wp-json\/wp\/v2\/types\/product"}],"wp:featuredmedia":[{"embeddable":true,"href":"https:\/\/www3.poitiers-jeunes.com\/lesexpressifs2021\/wp-json\/wp\/v2\/media\/1313"}],"wp:attachment":[{"href":"https:\/\/www3.poitiers-jeunes.com\/lesexpressifs2021\/wp-json\/wp\/v2\/media?parent=1311"}],"wp:term":[{"taxonomy":"product_brand","embeddable":true,"href":"https:\/\/www3.poitiers-jeunes.com\/lesexpressifs2021\/wp-json\/wp\/v2\/product_brand?post=1311"},{"taxonomy":"product_cat","embeddable":true,"href":"https:\/\/www3.poitiers-jeunes.com\/lesexpressifs2021\/wp-json\/wp\/v2\/product_cat?post=1311"},{"taxonomy":"product_tag","embeddable":true,"href":"https:\/\/www3.poitiers-jeunes.com\/lesexpressifs2021\/wp-json\/wp\/v2\/product_tag?post=1311"}],"curies":[{"name":"wp","href":"https:\/\/api.w.org\/{rel}","templated":true}]}}