{"id":1309,"date":"2021-09-06T15:52:50","date_gmt":"2021-09-06T13:52:50","guid":{"rendered":"http:\/\/www3.poitiers-jeunes.com\/lesexpressifs2021\/?post_type=product&#038;p=1309"},"modified":"2021-09-16T16:48:21","modified_gmt":"2021-09-16T14:48:21","slug":"terrassez","status":"publish","type":"product","link":"https:\/\/www3.poitiers-jeunes.com\/lesexpressifs2021\/spectacle\/terrassez\/","title":{"rendered":"Terrassez !"},"content":{"rendered":"<p>Impromptus<br \/>\nPoitiers (86)<\/p>\n<p>&nbsp;<\/p>\n<p>Terrassez ! Buvez un coup en terrasse, \u00e0 votre table de d\u2019habitude, ou \u00e0 une autre. On ram\u00e8ne le festival au pied de votre verre.<\/p>\n<p>On ne va quand m\u00eame pas vous dire ce qu\u2019il y aura dedans \u00e9tant donn\u00e9 qu\u2019on a envie de vous garder la surprise\u2026\u00a0 Prenez \u00e7a comme un bonbon, ou un suppl\u00e9ment amour dans votre boisson. Ce ne sera pas un massage non plus, mais on sera s\u00fbrement touch\u00e9s\u2026qui c\u2019est?<\/p>\n<p>Du drama-beer, des mots, du bruit, des corps et de la douceur sur les pav\u00e9s\u2026.une plage pour jouer, se rencontrer, se raconter\u2026.. \u00ab h\u00e9\u2026.h\u00e9h\u00e9\u2026.ho\u2026.rendez-moi mes chaussures!!! \u00bb.<\/p>\n<p><em>Commande de spectacle par Poitiers Jeunes pour soutenir les jeunes artistes dans une premi\u00e8re approche des arts de la rue. Projet financ\u00e9 par la DRAC Nouvelle Aquitaine.<\/em><br \/>\n<em> Sc\u00e9nettes en continu. <\/em><br \/>\n<em>A partir de 12 ans.<\/em><\/p>\n<p>Ann\u00e9e de cr\u00e9ation : 2021<\/p>\n<hr \/>\n<p style=\"text-align: center;\"><strong>IMPROMPTUS EN ACC\u00c8S LIBRE SANS R\u00c9SERVATION<\/strong><\/p>\n<p style=\"text-align: center;\"><strong><a href=\"https:\/\/www3.poitiers-jeunes.com\/lesexpressifs2021\/informations-pratiques-pass-sanitaire\/\"><span style=\"text-decoration: underline;\">&gt; Informations pratiques sur le pass sanitaire &lt;<\/span><\/a><\/strong><\/p>\n<table style=\"border-collapse: collapse; width: 100%;\">\n<tbody>\n<tr>\n<td style=\"width: 49.9637%; text-align: right;\"><strong> Horaire :<\/strong><\/td>\n<td style=\"width: 50.0363%;\"><strong>Jeudi 18h30<br \/>\nVendredi 18h30<br \/>\nSamedi 18h30<\/strong><\/td>\n<\/tr>\n<tr>\n<td style=\"width: 49.9637%; text-align: right;\"><strong> Lieu :<\/strong><\/td>\n<td style=\"width: 50.0363%;\"><strong>Place Ch. de Gaulle<\/strong><\/td>\n<\/tr>\n<tr>\n<td style=\"width: 49.9637%; text-align: right;\"><strong> Dur\u00e9e :<\/strong><\/td>\n<td style=\"width: 50.0363%;\"><strong>2h00<\/strong><\/td>\n<\/tr>\n<\/tbody>\n<\/table>\n<hr \/>\n","protected":false},"excerpt":{"rendered":"<p>Impromptus Poitiers (86) &nbsp; Terrassez ! Buvez un coup en terrasse, \u00e0 votre table de d\u2019habitude, ou \u00e0 une autre. On ram\u00e8ne le festival au pied de votre verre. On [&hellip;]<\/p>\n","protected":false},"featured_media":1310,"template":"","meta":{"_uag_custom_page_level_css":""},"product_brand":[],"product_cat":[25],"product_tag":[29,27,30],"class_list":{"0":"post-1309","1":"product","2":"type-product","3":"status-publish","4":"has-post-thumbnail","6":"product_cat-theatre-de-rue","7":"product_tag-jeudi","8":"product_tag-samedi","9":"product_tag-vendredi","11":"first","12":"instock","13":"shipping-taxable","14":"product-type-simple"},"uagb_featured_image_src":{"full":["https:\/\/www3.poitiers-jeunes.com\/lesexpressifs2021\/files\/2021\/09\/visuel-1_proposition-Nico.jpg",4928,3264,false],"thumbnail":["https:\/\/www3.poitiers-jeunes.com\/lesexpressifs2021\/files\/2021\/09\/visuel-1_proposition-Nico-150x150.jpg",150,150,true],"medium":["https:\/\/www3.poitiers-jeunes.com\/lesexpressifs2021\/files\/2021\/09\/visuel-1_proposition-Nico-300x199.jpg",300,199,true],"medium_large":["https:\/\/www3.poitiers-jeunes.com\/lesexpressifs2021\/files\/2021\/09\/visuel-1_proposition-Nico-768x509.jpg",768,509,true],"large":["https:\/\/www3.poitiers-jeunes.com\/lesexpressifs2021\/files\/2021\/09\/visuel-1_proposition-Nico-1024x678.jpg",1024,678,true],"1536x1536":["https:\/\/www3.poitiers-jeunes.com\/lesexpressifs2021\/files\/2021\/09\/visuel-1_proposition-Nico.jpg",1536,1017,false],"2048x2048":["https:\/\/www3.poitiers-jeunes.com\/lesexpressifs2021\/files\/2021\/09\/visuel-1_proposition-Nico.jpg",2048,1356,false],"oneline-lite-custom-blog":["https:\/\/www3.poitiers-jeunes.com\/lesexpressifs2021\/files\/2021\/09\/visuel-1_proposition-Nico-275x184.jpg",275,184,true],"oneline-lite-recent-post":["https:\/\/www3.poitiers-jeunes.com\/lesexpressifs2021\/files\/2021\/09\/visuel-1_proposition-Nico-90x90.jpg",90,90,true],"oneline-releted-post-thumb":["https:\/\/www3.poitiers-jeunes.com\/lesexpressifs2021\/files\/2021\/09\/visuel-1_proposition-Nico-244x164.jpg",244,164,true],"woocommerce_thumbnail":["https:\/\/www3.poitiers-jeunes.com\/lesexpressifs2021\/files\/2021\/09\/visuel-1_proposition-Nico-300x300.jpg",300,300,true],"woocommerce_single":["https:\/\/www3.poitiers-jeunes.com\/lesexpressifs2021\/files\/2021\/09\/visuel-1_proposition-Nico-600x397.jpg",600,397,true],"woocommerce_gallery_thumbnail":["https:\/\/www3.poitiers-jeunes.com\/lesexpressifs2021\/files\/2021\/09\/visuel-1_proposition-Nico-100x100.jpg",100,100,true],"form-edit-image-preview":["https:\/\/www3.poitiers-jeunes.com\/lesexpressifs2021\/files\/2021\/09\/visuel-1_proposition-Nico-175x116.jpg",175,116,true],"variation_swatches_image_size":["https:\/\/www3.poitiers-jeunes.com\/lesexpressifs2021\/files\/2021\/09\/visuel-1_proposition-Nico.jpg",50,33,false],"variation_swatches_tooltip_size":["https:\/\/www3.poitiers-jeunes.com\/lesexpressifs2021\/files\/2021\/09\/visuel-1_proposition-Nico.jpg",100,66,false],"che_header_image":["https:\/\/www3.poitiers-jeunes.com\/lesexpressifs2021\/files\/2021\/09\/visuel-1_proposition-Nico.jpg",4928,3264,false]},"uagb_author_info":{"display_name":"admin","author_link":"https:\/\/www3.poitiers-jeunes.com\/lesexpressifs2021\/author\/"},"uagb_comment_info":0,"uagb_excerpt":"Impromptus Poitiers (86) &nbsp; Terrassez ! Buvez un coup en terrasse, \u00e0 votre table de d\u2019habitude, ou \u00e0 une autre. On ram\u00e8ne le festival au pied de votre verre. On [&hellip;]","_links":{"self":[{"href":"https:\/\/www3.poitiers-jeunes.com\/lesexpressifs2021\/wp-json\/wp\/v2\/product\/1309","targetHints":{"allow":["GET"]}}],"collection":[{"href":"https:\/\/www3.poitiers-jeunes.com\/lesexpressifs2021\/wp-json\/wp\/v2\/product"}],"about":[{"href":"https:\/\/www3.poitiers-jeunes.com\/lesexpressifs2021\/wp-json\/wp\/v2\/types\/product"}],"wp:featuredmedia":[{"embeddable":true,"href":"https:\/\/www3.poitiers-jeunes.com\/lesexpressifs2021\/wp-json\/wp\/v2\/media\/1310"}],"wp:attachment":[{"href":"https:\/\/www3.poitiers-jeunes.com\/lesexpressifs2021\/wp-json\/wp\/v2\/media?parent=1309"}],"wp:term":[{"taxonomy":"product_brand","embeddable":true,"href":"https:\/\/www3.poitiers-jeunes.com\/lesexpressifs2021\/wp-json\/wp\/v2\/product_brand?post=1309"},{"taxonomy":"product_cat","embeddable":true,"href":"https:\/\/www3.poitiers-jeunes.com\/lesexpressifs2021\/wp-json\/wp\/v2\/product_cat?post=1309"},{"taxonomy":"product_tag","embeddable":true,"href":"https:\/\/www3.poitiers-jeunes.com\/lesexpressifs2021\/wp-json\/wp\/v2\/product_tag?post=1309"}],"curies":[{"name":"wp","href":"https:\/\/api.w.org\/{rel}","templated":true}]}}