{"id":1301,"date":"2021-09-06T15:25:00","date_gmt":"2021-09-06T13:25:00","guid":{"rendered":"http:\/\/www3.poitiers-jeunes.com\/lesexpressifs2021\/?post_type=product&#038;p=1301"},"modified":"2021-09-16T16:41:51","modified_gmt":"2021-09-16T14:41:51","slug":"piedra-luna","status":"publish","type":"product","link":"https:\/\/www3.poitiers-jeunes.com\/lesexpressifs2021\/spectacle\/piedra-luna\/","title":{"rendered":"Piedra Luna"},"content":{"rendered":"<p>Musique franco-latine<br \/>\nPoitiers (86)<\/p>\n<p>&nbsp;<\/p>\n<p>Piedra Luna (Pierre de Lune) tient ses influences musicales et po\u00e9tiques d&rsquo;artistes francophones et hispanophones. Le trio \u00e9crit et harmonise des textes bilingues aux couleurs latines guid\u00e9es par l&rsquo;image onirique de la lune. Les voix de Nolwenn Ganavat, Camille Moul\u00e8ne et Nicolas Gallardo qui semblent provenir des montagnes, nous dessinent de douces r\u00eaveries pendant que les violons et le charango nous invitent \u00e0 la danse.<\/p>\n<p><a href=\"https:\/\/www.facebook.com\/piedralunamusic\/\">https:\/\/www.facebook.com\/piedralunamusic\/<\/a><\/p>\n<hr \/>\n<p style=\"text-align: center;\"><strong>SPECTACLE EN ACC\u00c8S LIBRE SANS R\u00c9SERVATION<\/strong><\/p>\n<p style=\"text-align: center;\"><strong><a href=\"https:\/\/www3.poitiers-jeunes.com\/lesexpressifs2021\/informations-pratiques-pass-sanitaire\/\"><span style=\"text-decoration: underline;\">&gt; Informations pratiques sur le pass sanitaire &lt;<\/span><\/a><\/strong><\/p>\n<table style=\"border-collapse: collapse; width: 100%;\">\n<tbody>\n<tr>\n<td style=\"width: 49.9637%; text-align: right;\"><strong> Horaire :<\/strong><\/td>\n<td style=\"width: 50.0363%;\"><strong>Dimanche 13h01<\/strong><\/td>\n<\/tr>\n<tr>\n<td style=\"width: 49.9637%; text-align: right;\"><strong> Lieu :<\/strong><\/td>\n<td style=\"width: 50.0363%;\"><strong>Parc de Blossac<\/strong><\/td>\n<\/tr>\n<tr>\n<td style=\"width: 49.9637%; text-align: right;\"><strong> Dur\u00e9e :<\/strong><\/td>\n<td style=\"width: 50.0363%;\"><strong> 1h15<\/strong><\/td>\n<\/tr>\n<\/tbody>\n<\/table>\n<hr \/>\n","protected":false},"excerpt":{"rendered":"<p>Musique franco-latine Poitiers (86) &nbsp; Piedra Luna (Pierre de Lune) tient ses influences musicales et po\u00e9tiques d&rsquo;artistes francophones et hispanophones. Le trio \u00e9crit et harmonise des textes bilingues aux couleurs [&hellip;]<\/p>\n","protected":false},"featured_media":1302,"template":"","meta":{"_uag_custom_page_level_css":""},"product_brand":[],"product_cat":[23],"product_tag":[28],"class_list":{"0":"post-1301","1":"product","2":"type-product","3":"status-publish","4":"has-post-thumbnail","6":"product_cat-musique","7":"product_tag-dimanche","9":"first","10":"instock","11":"shipping-taxable","12":"product-type-simple"},"uagb_featured_image_src":{"full":["https:\/\/www3.poitiers-jeunes.com\/lesexpressifs2021\/files\/2021\/09\/Piedra-Luna-Photo-2-Kevin-Renaudeau.jpg",7921,4500,false],"thumbnail":["https:\/\/www3.poitiers-jeunes.com\/lesexpressifs2021\/files\/2021\/09\/Piedra-Luna-Photo-2-Kevin-Renaudeau-150x150.jpg",150,150,true],"medium":["https:\/\/www3.poitiers-jeunes.com\/lesexpressifs2021\/files\/2021\/09\/Piedra-Luna-Photo-2-Kevin-Renaudeau-300x170.jpg",300,170,true],"medium_large":["https:\/\/www3.poitiers-jeunes.com\/lesexpressifs2021\/files\/2021\/09\/Piedra-Luna-Photo-2-Kevin-Renaudeau-768x436.jpg",768,436,true],"large":["https:\/\/www3.poitiers-jeunes.com\/lesexpressifs2021\/files\/2021\/09\/Piedra-Luna-Photo-2-Kevin-Renaudeau-1024x582.jpg",1024,582,true],"1536x1536":["https:\/\/www3.poitiers-jeunes.com\/lesexpressifs2021\/files\/2021\/09\/Piedra-Luna-Photo-2-Kevin-Renaudeau.jpg",1536,873,false],"2048x2048":["https:\/\/www3.poitiers-jeunes.com\/lesexpressifs2021\/files\/2021\/09\/Piedra-Luna-Photo-2-Kevin-Renaudeau.jpg",2048,1163,false],"oneline-lite-custom-blog":["https:\/\/www3.poitiers-jeunes.com\/lesexpressifs2021\/files\/2021\/09\/Piedra-Luna-Photo-2-Kevin-Renaudeau-275x184.jpg",275,184,true],"oneline-lite-recent-post":["https:\/\/www3.poitiers-jeunes.com\/lesexpressifs2021\/files\/2021\/09\/Piedra-Luna-Photo-2-Kevin-Renaudeau-90x90.jpg",90,90,true],"oneline-releted-post-thumb":["https:\/\/www3.poitiers-jeunes.com\/lesexpressifs2021\/files\/2021\/09\/Piedra-Luna-Photo-2-Kevin-Renaudeau-244x164.jpg",244,164,true],"woocommerce_thumbnail":["https:\/\/www3.poitiers-jeunes.com\/lesexpressifs2021\/files\/2021\/09\/Piedra-Luna-Photo-2-Kevin-Renaudeau-300x300.jpg",300,300,true],"woocommerce_single":["https:\/\/www3.poitiers-jeunes.com\/lesexpressifs2021\/files\/2021\/09\/Piedra-Luna-Photo-2-Kevin-Renaudeau-600x341.jpg",600,341,true],"woocommerce_gallery_thumbnail":["https:\/\/www3.poitiers-jeunes.com\/lesexpressifs2021\/files\/2021\/09\/Piedra-Luna-Photo-2-Kevin-Renaudeau-100x100.jpg",100,100,true],"form-edit-image-preview":["https:\/\/www3.poitiers-jeunes.com\/lesexpressifs2021\/files\/2021\/09\/Piedra-Luna-Photo-2-Kevin-Renaudeau-204x116.jpg",204,116,true],"variation_swatches_image_size":["https:\/\/www3.poitiers-jeunes.com\/lesexpressifs2021\/files\/2021\/09\/Piedra-Luna-Photo-2-Kevin-Renaudeau.jpg",50,28,false],"variation_swatches_tooltip_size":["https:\/\/www3.poitiers-jeunes.com\/lesexpressifs2021\/files\/2021\/09\/Piedra-Luna-Photo-2-Kevin-Renaudeau.jpg",100,57,false],"che_header_image":["https:\/\/www3.poitiers-jeunes.com\/lesexpressifs2021\/files\/2021\/09\/Piedra-Luna-Photo-2-Kevin-Renaudeau.jpg",7921,4500,false]},"uagb_author_info":{"display_name":"admin","author_link":"https:\/\/www3.poitiers-jeunes.com\/lesexpressifs2021\/author\/"},"uagb_comment_info":0,"uagb_excerpt":"Musique franco-latine Poitiers (86) &nbsp; Piedra Luna (Pierre de Lune) tient ses influences musicales et po\u00e9tiques d&rsquo;artistes francophones et hispanophones. Le trio \u00e9crit et harmonise des textes bilingues aux couleurs [&hellip;]","_links":{"self":[{"href":"https:\/\/www3.poitiers-jeunes.com\/lesexpressifs2021\/wp-json\/wp\/v2\/product\/1301","targetHints":{"allow":["GET"]}}],"collection":[{"href":"https:\/\/www3.poitiers-jeunes.com\/lesexpressifs2021\/wp-json\/wp\/v2\/product"}],"about":[{"href":"https:\/\/www3.poitiers-jeunes.com\/lesexpressifs2021\/wp-json\/wp\/v2\/types\/product"}],"wp:featuredmedia":[{"embeddable":true,"href":"https:\/\/www3.poitiers-jeunes.com\/lesexpressifs2021\/wp-json\/wp\/v2\/media\/1302"}],"wp:attachment":[{"href":"https:\/\/www3.poitiers-jeunes.com\/lesexpressifs2021\/wp-json\/wp\/v2\/media?parent=1301"}],"wp:term":[{"taxonomy":"product_brand","embeddable":true,"href":"https:\/\/www3.poitiers-jeunes.com\/lesexpressifs2021\/wp-json\/wp\/v2\/product_brand?post=1301"},{"taxonomy":"product_cat","embeddable":true,"href":"https:\/\/www3.poitiers-jeunes.com\/lesexpressifs2021\/wp-json\/wp\/v2\/product_cat?post=1301"},{"taxonomy":"product_tag","embeddable":true,"href":"https:\/\/www3.poitiers-jeunes.com\/lesexpressifs2021\/wp-json\/wp\/v2\/product_tag?post=1301"}],"curies":[{"name":"wp","href":"https:\/\/api.w.org\/{rel}","templated":true}]}}