{"id":1284,"date":"2021-09-06T14:31:23","date_gmt":"2021-09-06T12:31:23","guid":{"rendered":"http:\/\/www3.poitiers-jeunes.com\/lesexpressifs2021\/?post_type=product&#038;p=1284"},"modified":"2021-09-16T16:13:54","modified_gmt":"2021-09-16T14:13:54","slug":"le-petit-theatre-de-pain-2","status":"publish","type":"product","link":"https:\/\/www3.poitiers-jeunes.com\/lesexpressifs2021\/spectacle\/le-petit-theatre-de-pain-2\/","title":{"rendered":"Le Petit Th\u00e9\u00e2tre de Pain &#8211; Le Grand Bancal"},"content":{"rendered":"<h2>Le Grand Bancal<\/h2>\n<p>Cabaret musical, multilingue et dans\u00e9<br \/>\nLouhossoa (64)<\/p>\n<p>&nbsp;<\/p>\n<p>Le Grand Bancal est un cabaret tout public et tout terrain, un grand bol d\u2019air pour m\u00e9ninges. Il nous trimballe en chansons et mouvements, d\u2019une histoire \u00e0 une autre. L\u2019\u00e9motion butine du sensible au rire et nos parts d\u2019ombre se jouent de notre go\u00fbt pour la lumi\u00e8re. Du son, des mots, des trognes, des bribes, les unes chassant les autres modelant ainsi une balade po\u00e9tique au pays de \u201cce qui nous lie\u201d. En cor\u00e9alisation avec l\u2019OARA.<\/p>\n<p>Une forme l\u00e9g\u00e8re<\/p>\n<p>20 ans apr\u00e8s \u00ab\u00a0Cabaret\u00a0\u00bb, nous avons eu envie d\u2019inventer une nouvelle forme de ce genre, sacr\u00e9e et prosa\u00efque, musicale et festive, faite maison, chaleureuse qui contamine, f\u00e9d\u00e8re et emporte. A contrario des autres productions du Petit Th\u00e9\u00e2tre de Pain, o\u00f9 le point de d\u00e9part r\u00e9side dans la th\u00e9matique ou le fil que nous voulons tirer, pour cette nouvelle cr\u00e9ation nous partons de la forme, du format cabaret. A savoir un spectacle compos\u00e9 d\u2019une multitude de propositions, de num\u00e9ros. Le sens g\u00e9n\u00e9ral \u00e9mergeant dans un second temps, de la juxtaposition et de l\u2019agencement des diff\u00e9rents modules, pour l\u00e2cher l\u2019intelligible visible et glisser vers l\u2019impr\u00e9vu, l\u2019inattendu du chaos. Des th\u00e9matiques saillantes \u00e9mergent d\u00e9j\u00e0 du travail : les amours joyeuses ou contrari\u00e9es, la solitude, le temps qui passe, l\u2019attente, la rencontre, la tendresse. Et en contrepoint, l\u2019autod\u00e9rision, le grand n\u2019importe quoi, le r\u00eave, la b\u00eatise, l\u2019absurde et l\u2019espoir. Cette addition de s\u00e9quences ne d\u00e9mentira pas pour autant notre besoin de faire sens. Ces temps de durcissement et de cynisme nous le soufflent. Enfin, il y a aussi l\u2019envie de remettre dans notre r\u00e9pertoire une forme l\u00e9g\u00e8re qui se monte et se d\u00e9monte rapidement, qui se joue partout et en toutes occasions.<\/p>\n<p>Musical, multilingue et dans\u00e9<\/p>\n<p>Lors des premi\u00e8res r\u00e9sidences nous avons abord\u00e9 l\u2019\u00e9criture, celle de la musique, du chant mais aussi celle des mots, des langues, des bruits, des mouvements. T\u00e2chant d\u2019\u00eatre attentifs \u00e0 tous les langages, \u00e0 trouver le son \u00e0 travers des compositions et quelques reprises du r\u00e9pertoire. Comme une marmite d\u2019humeurs teint\u00e9e d\u2019amour, des univers fantasques ou r\u00e9alistes, parfois d\u00e9cadents et path\u00e9tiques, mais toujours en lien \u00e0 une humanit\u00e9 vivace ont fait surface. Cette \u00e9trange tribu, d\u2019un univers \u00e0 l\u2019autre, chante \u00e0 tue t\u00eate, joue de la fl\u00fbte \u00e0 bec ou encore danse \u00e0 la fa\u00e7on du Tanztheater.<\/p>\n<p>Conception, mise en sc\u00e8ne, musique : Le Petit Th\u00e9\u00e2tre de Pain.<br \/>\nInterpr\u00e8tes : Mariya Aneva, Cathy Coffignal, H\u00e9l\u00e8ne Herv\u00e9, Fafiole Palassio, Eric Destout, Patrick Ingueneau, Guillaume M\u00e9ziat, J\u00e9r\u00f4me Petitjean, Tof Sanchez.<br \/>\nSc\u00e9nographie et cr\u00e9ation lumi\u00e8re : Josep Duhau<br \/>\nR\u00e9gie g\u00e9n\u00e9rale et r\u00e9gie son : Peio Sarhy<br \/>\nCommunication : Guillaume M\u00e9ziat<br \/>\nRegard costumes : Vanessa Ohl<br \/>\nPhotos : Marcell Erd\u00e9lyi \/ Panarama, Guillaume M\u00e9ziat<br \/>\nProduction, administration, diffusion : Katti Biscay, Elorri Etcheverry, Elise Robert-Loudette<\/p>\n<p>Partenaires<\/p>\n<ul>\n<li>Th\u00e9\u00e2tre de Gascogne-Mont de Marsan, Sc\u00e8ne conventionn\u00e9e d\u2019Int\u00e9r\u00eat National (40)<\/li>\n<li>Hameka, Communaut\u00e9 Pays-Basque (64)<\/li>\n<li>D\u00e9partement Pyr\u00e9n\u00e9es Atlantiques, aide \u00e0 la cr\u00e9ation (64)<\/li>\n<li>Atelier 231, CNAREP \u00e0 Sotteville-l\u00e8s-Rouen (76)<\/li>\n<li>Quelques p\u2019Arts&#8230; Centre National des Arts de la rue et de l\u2019Espace Public, Boulieu-l\u00e8s-Annonay (07).<\/li>\n<\/ul>\n<p>Projet artistique et culturel de territoire(s) avec les arts de la rue et le spectacle vivant dans les espaces publics et de proximit\u00e9.<\/p>\n<ul>\n<li>Le Pilou, Festival Segal\u2019Arts. Festival des arts de la rue et des champs, Prendeignes (46)<\/li>\n<\/ul>\n<p>Le Petit Th\u00e9\u00e2tre de Pain est conventionn\u00e9 par la DRAC Nouvelle-Aquitaine, le D\u00e9partement Pyr\u00e9n\u00e9es-Atlantiques, La Communaut\u00e9 d\u2019Agglom\u00e9ration Pays Basque, la R\u00e9gion Nouvelle Aquitaine et accompagn\u00e9 par l\u2019OARA. Le Petit Th\u00e9\u00e2tre de Pain est artiste associ\u00e9 en r\u00e9sidence permanente \u00e0 Hameka \u2013 Fabrique des Arts de la Rue et du th\u00e9\u00e2tre en basque.<\/p>\n<p>En cor\u00e9alisation avec l\u2019OARA.<\/p>\n<p><a href=\"https:\/\/lepetittheatredepain.com\">https:\/\/lepetittheatredepain.com<\/a><\/p>\n<p><iframe loading=\"lazy\" src=\"\/\/player.vimeo.com\/video\/497287485?title=0&amp;byline=0&amp;portrait=0&amp;color=8dc7dc\" width=\"425\" height=\"240\" allowfullscreen=\"allowfullscreen\"><\/iframe><\/p>\n<hr \/>\n<p style=\"text-align: center;\"><strong>SPECTACLE EN ACC\u00c8S LIBRE SANS R\u00c9SERVATION<\/strong><\/p>\n<p style=\"text-align: center;\"><strong><a href=\"https:\/\/www3.poitiers-jeunes.com\/lesexpressifs2021\/informations-pratiques-pass-sanitaire\/\"><span style=\"text-decoration: underline;\">&gt; Informations pratiques sur le pass sanitaire &lt;<\/span><\/a><\/strong><\/p>\n<table style=\"border-collapse: collapse; width: 100%;\">\n<tbody>\n<tr>\n<td style=\"width: 49.9637%; text-align: right;\"><strong> Horaire :<\/strong><\/td>\n<td style=\"width: 50.0363%;\"><strong>Vendredi 21h30<\/strong><\/td>\n<\/tr>\n<tr>\n<td style=\"width: 49.9637%; text-align: right;\"><strong> Lieu :<\/strong><\/td>\n<td style=\"width: 50.0363%;\"><strong>Parc de Blossac<\/strong><\/td>\n<\/tr>\n<tr>\n<td style=\"width: 49.9637%; text-align: right;\"><strong> Dur\u00e9e :<\/strong><\/td>\n<td style=\"width: 50.0363%;\"><strong> 1h30<\/strong><\/td>\n<\/tr>\n<\/tbody>\n<\/table>\n<hr \/>\n","protected":false},"excerpt":{"rendered":"<p>Le Grand Bancal Cabaret musical, multilingue et dans\u00e9 Louhossoa (64) &nbsp; Le Grand Bancal est un cabaret tout public et tout terrain, un grand bol d\u2019air pour m\u00e9ninges. Il nous [&hellip;]<\/p>\n","protected":false},"featured_media":1285,"template":"","meta":{"_uag_custom_page_level_css":""},"product_brand":[],"product_cat":[23],"product_tag":[30],"class_list":{"0":"post-1284","1":"product","2":"type-product","3":"status-publish","4":"has-post-thumbnail","6":"product_cat-musique","7":"product_tag-vendredi","9":"first","10":"instock","11":"shipping-taxable","12":"product-type-simple"},"uagb_featured_image_src":{"full":["https:\/\/www3.poitiers-jeunes.com\/lesexpressifs2021\/files\/2021\/09\/\u00a9DAV_1141.jpg",6016,4016,false],"thumbnail":["https:\/\/www3.poitiers-jeunes.com\/lesexpressifs2021\/files\/2021\/09\/\u00a9DAV_1141-150x150.jpg",150,150,true],"medium":["https:\/\/www3.poitiers-jeunes.com\/lesexpressifs2021\/files\/2021\/09\/\u00a9DAV_1141-300x200.jpg",300,200,true],"medium_large":["https:\/\/www3.poitiers-jeunes.com\/lesexpressifs2021\/files\/2021\/09\/\u00a9DAV_1141-768x513.jpg",768,513,true],"large":["https:\/\/www3.poitiers-jeunes.com\/lesexpressifs2021\/files\/2021\/09\/\u00a9DAV_1141-1024x684.jpg",1024,684,true],"1536x1536":["https:\/\/www3.poitiers-jeunes.com\/lesexpressifs2021\/files\/2021\/09\/\u00a9DAV_1141.jpg",1536,1025,false],"2048x2048":["https:\/\/www3.poitiers-jeunes.com\/lesexpressifs2021\/files\/2021\/09\/\u00a9DAV_1141.jpg",2048,1367,false],"oneline-lite-custom-blog":["https:\/\/www3.poitiers-jeunes.com\/lesexpressifs2021\/files\/2021\/09\/\u00a9DAV_1141-275x184.jpg",275,184,true],"oneline-lite-recent-post":["https:\/\/www3.poitiers-jeunes.com\/lesexpressifs2021\/files\/2021\/09\/\u00a9DAV_1141-90x90.jpg",90,90,true],"oneline-releted-post-thumb":["https:\/\/www3.poitiers-jeunes.com\/lesexpressifs2021\/files\/2021\/09\/\u00a9DAV_1141-244x164.jpg",244,164,true],"woocommerce_thumbnail":["https:\/\/www3.poitiers-jeunes.com\/lesexpressifs2021\/files\/2021\/09\/\u00a9DAV_1141-300x300.jpg",300,300,true],"woocommerce_single":["https:\/\/www3.poitiers-jeunes.com\/lesexpressifs2021\/files\/2021\/09\/\u00a9DAV_1141-600x401.jpg",600,401,true],"woocommerce_gallery_thumbnail":["https:\/\/www3.poitiers-jeunes.com\/lesexpressifs2021\/files\/2021\/09\/\u00a9DAV_1141-100x100.jpg",100,100,true],"form-edit-image-preview":["https:\/\/www3.poitiers-jeunes.com\/lesexpressifs2021\/files\/2021\/09\/\u00a9DAV_1141-174x116.jpg",174,116,true],"variation_swatches_image_size":["https:\/\/www3.poitiers-jeunes.com\/lesexpressifs2021\/files\/2021\/09\/\u00a9DAV_1141.jpg",50,33,false],"variation_swatches_tooltip_size":["https:\/\/www3.poitiers-jeunes.com\/lesexpressifs2021\/files\/2021\/09\/\u00a9DAV_1141.jpg",100,67,false],"che_header_image":["https:\/\/www3.poitiers-jeunes.com\/lesexpressifs2021\/files\/2021\/09\/\u00a9DAV_1141.jpg",6016,4016,false]},"uagb_author_info":{"display_name":"admin","author_link":"https:\/\/www3.poitiers-jeunes.com\/lesexpressifs2021\/author\/"},"uagb_comment_info":0,"uagb_excerpt":"Le Grand Bancal Cabaret musical, multilingue et dans\u00e9 Louhossoa (64) &nbsp; Le Grand Bancal est un cabaret tout public et tout terrain, un grand bol d\u2019air pour m\u00e9ninges. Il nous [&hellip;]","_links":{"self":[{"href":"https:\/\/www3.poitiers-jeunes.com\/lesexpressifs2021\/wp-json\/wp\/v2\/product\/1284","targetHints":{"allow":["GET"]}}],"collection":[{"href":"https:\/\/www3.poitiers-jeunes.com\/lesexpressifs2021\/wp-json\/wp\/v2\/product"}],"about":[{"href":"https:\/\/www3.poitiers-jeunes.com\/lesexpressifs2021\/wp-json\/wp\/v2\/types\/product"}],"wp:featuredmedia":[{"embeddable":true,"href":"https:\/\/www3.poitiers-jeunes.com\/lesexpressifs2021\/wp-json\/wp\/v2\/media\/1285"}],"wp:attachment":[{"href":"https:\/\/www3.poitiers-jeunes.com\/lesexpressifs2021\/wp-json\/wp\/v2\/media?parent=1284"}],"wp:term":[{"taxonomy":"product_brand","embeddable":true,"href":"https:\/\/www3.poitiers-jeunes.com\/lesexpressifs2021\/wp-json\/wp\/v2\/product_brand?post=1284"},{"taxonomy":"product_cat","embeddable":true,"href":"https:\/\/www3.poitiers-jeunes.com\/lesexpressifs2021\/wp-json\/wp\/v2\/product_cat?post=1284"},{"taxonomy":"product_tag","embeddable":true,"href":"https:\/\/www3.poitiers-jeunes.com\/lesexpressifs2021\/wp-json\/wp\/v2\/product_tag?post=1284"}],"curies":[{"name":"wp","href":"https:\/\/api.w.org\/{rel}","templated":true}]}}