{"id":1282,"date":"2021-09-06T14:23:41","date_gmt":"2021-09-06T12:23:41","guid":{"rendered":"http:\/\/www3.poitiers-jeunes.com\/lesexpressifs2021\/?post_type=product&#038;p=1282"},"modified":"2021-10-07T11:03:12","modified_gmt":"2021-10-07T09:03:12","slug":"le-petit-theatre-de-pain","status":"publish","type":"product","link":"https:\/\/www3.poitiers-jeunes.com\/lesexpressifs2021\/spectacle\/le-petit-theatre-de-pain\/","title":{"rendered":"Le Petit Th\u00e9\u00e2tre de Pain &#8211; MU.e"},"content":{"rendered":"<h2>MU.e<\/h2>\n<p>Th\u00e9\u00e2tre<br \/>\nLouhossoa (64)<\/p>\n<p>&nbsp;<\/p>\n<p>Ils disparaissent. Combien depuis que nous parlons ? MU.e c\u2019est l\u2019histoire d\u2019une fugue virale et massive. Celle de la jeunesse dans une soci\u00e9t\u00e9 \u00e0 quelques dizaines d\u2019ann\u00e9es de la n\u00f4tre. C\u2019est aussi une fiction dans la fiction qui demande ses comptes \u00e0 la r\u00e9alit\u00e9. Mais \u00e0 quelle r\u00e9alit\u00e9 ? Celle de la pi\u00e8ce que nous allons jouer devant vous ou celle que nous vivons tous pour de vrai ? Ce qui noue ces trois espaces-temps c\u2019est la peur et le r\u00eave. La peur et le r\u00eave. Engendrant m\u00e9fiance envers le monde tel qu\u2019il est donn\u00e9 et d\u00e9sir de m\u00e9tamorphose.<\/p>\n<p>DISTRIBUTION<\/p>\n<p>Mise en sc\u00e8ne : Fafiole Palassio<br \/>\n\u00c9criture : Magali Mougel<br \/>\nActeurs : Mariya Aneva, Cathy Coffignal, \u00c9ric Destout, H\u00e9l\u00e8ne Herv\u00e9, Louis Le Gall, Guillaume M\u00e9ziat, J\u00e9r\u00f4me Petitjean et Tof Sanchez<br \/>\nMise en mouvement : Philippe Ducou<br \/>\nR\u00e9gie g\u00e9n\u00e9rale : Josep Duhau<br \/>\nSc\u00e9nographie et cr\u00e9ation lumi\u00e8re : Josep Duhau<br \/>\nR\u00e9gie son : Peio Sarhy<br \/>\nCr\u00e9ation musicale : Patrick Ingueneau<br \/>\nCostumes : C\u00e9line Perrigon<br \/>\nOreille externe : Philou Barandiaran<br \/>\nPhotos : Guillaume M\u00e9ziat<br \/>\nVid\u00e9o \u2013 teaser : Marcell Erd\u00e9lyi, Panarama Studio Audiovisual<br \/>\nProduction, administration : Katti Biscay, Elorri Etcheverry, Elise Robert-Loudette<br \/>\nRemerciements : Laure Descamps, Nell Lopes, Nathan Poulvelarie<\/p>\n<p>MU.e est coproduit et soutenu par :<\/p>\n<p>Communaut\u00e9 d\u2019Agglom\u00e9ration Pays Basque dans le cadre des programmes Kultura Bidean &#8211; Art, enfance, jeunesse et Atelier de Fabrique Artistique Hameka (64)<br \/>\nSc\u00e8ne Nationale du Sud-Aquitain \u2013 Bayonne, Anglet, Boucau, St Jean de Luz (64)<br \/>\nLacaze aux Sottises, Centre Exp\u00e9rimental des arts de la rue et du cirque, Orion (64)<br \/>\nTh\u00e9\u00e2tre de Gascogne, Sc\u00e8ne Conventionn\u00e9e \u00e0 Mont de Marsan (40)<br \/>\nOARA, Office Artistique de la R\u00e9gion Nouvelle Aquitaine<br \/>\nTh\u00e9\u00e2tre Le Liburnia \/ Fest\u2019arts, Ville de Libourne (33)<br \/>\nL\u2019Odyss\u00e9e, Sc\u00e8ne Conventionn\u00e9e \u00e0 P\u00e9rigueux (24)<br \/>\nTh\u00e9\u00e2tre Ducourneau, Sc\u00e8ne Conventionn\u00e9e, Ville d\u2019Agen (47)<br \/>\nAssociation La Pal\u00e8ne \u00e0 Rouillac (16)<br \/>\nR\u00e9seau des Fabriques R\u00e9UniES, Nouvelle Aquitaine<br \/>\nSur le Pont, CNAREP en Nouvelle Aquitaine, La Rochelle (17)<br \/>\nAssociation CR\u00c9A, St Georges de Didonne (17)<br \/>\nAtelier 231, CNAREP \u00e0 Sotteville l\u00e8s Rouen (76)<br \/>\nTh\u00e9\u00e2tre Juliobona, Lillebonne (76)<br \/>\nLe Sillon, Sc\u00e8ne Conventionn\u00e9e \u00e0 Clermont l\u2019H\u00e9rault (34)<br \/>\nl\u2019Usine, CNAREP, Tournefeuille-Toulouse M\u00e9tropole (31)<br \/>\nEspace Culturel des Corbi\u00e8res, CC R\u00e9gion L\u00e9zignanaise Corbi\u00e8res Minervois (11)<br \/>\nCentre Culturel Aragon Triolet, Orly (94)<br \/>\nQuelques p\u2019Arts\u2026 CNAREP, Boulieu-l\u00e8s-Annonay (07)<\/p>\n<p>Le Petit Th\u00e9\u00e2tre de Pain est conventionn\u00e9 par la DRAC Nouvelle Aquitaine, le D\u00e9partement Pyr\u00e9n\u00e9es-Atlantiques, la R\u00e9gion Nouvelle Aquitaine, la Communaut\u00e9 d\u2019Agglom\u00e9ration Pays Basque et accompagn\u00e9 par l\u2019OARA.<br \/>\nLe Petit Th\u00e9\u00e2tre de Pain est artiste associ\u00e9 en r\u00e9sidence permanente \u00e0 Hameka \u2013 Atelier de Fabrique des Arts de la Rue et du th\u00e9\u00e2tre en basque \/ Communaut\u00e9 Pays Basque.<\/p>\n<p>En cor\u00e9alisation avec l\u2019OARA.<\/p>\n<p>DUR\u00c9E : 1h30<\/p>\n<p>Le spectacle sera suivi d&rsquo;une rencontre bord plateau.<br \/>\n\u00c2GE : Tout public \u00e0 partir de 12 ans.<br \/>\nANN\u00c9E DE CR\u00c9ATION : 2021.<\/p>\n<p style=\"text-align: left;\"><a href=\"https:\/\/lepetittheatredepain.com\/en-cours\/mu-e-titre-provisoire\">https:\/\/lepetittheatredepain.com\/<\/a><\/p>\n<p><iframe loading=\"lazy\" src=\"\/\/www.youtube.com\/embed\/yB9ehjp3Jx8?t=1s&amp;ab_channel=CNARsurlepont\" width=\"560\" height=\"314\" allowfullscreen=\"allowfullscreen\"><\/iframe><\/p>\n<hr \/>\n<p style=\"text-align: center;\"><strong>SPECTACLE EN ACC\u00c8S LIBRE SUR R\u00c9SERVATION:<\/strong><\/p>\n<p style=\"text-align: center;\"><iframe id=\"haWidget\" style=\"width: 350px; height: 450px; border: none;\" src=\"https:\/\/www.helloasso.com\/associations\/poitiers-jeunes\/evenements\/mu-e\/widget-vignette\"><\/iframe><\/p>\n<p style=\"text-align: center;\"><strong><a href=\"https:\/\/www3.poitiers-jeunes.com\/lesexpressifs2021\/informations-pratiques-pass-sanitaire\/\">&gt; Informations pratiques sur le pass sanitaire &lt;<\/a><\/strong><\/p>\n","protected":false},"excerpt":{"rendered":"<p>MU.e Th\u00e9\u00e2tre Louhossoa (64) &nbsp; Ils disparaissent. Combien depuis que nous parlons ? MU.e c\u2019est l\u2019histoire d\u2019une fugue virale et massive. Celle de la jeunesse dans une soci\u00e9t\u00e9 \u00e0 quelques [&hellip;]<\/p>\n","protected":false},"featured_media":1283,"template":"","meta":{"_uag_custom_page_level_css":""},"product_brand":[],"product_cat":[22],"product_tag":[27],"class_list":{"0":"post-1282","1":"product","2":"type-product","3":"status-publish","4":"has-post-thumbnail","6":"product_cat-theatre","7":"product_tag-samedi","9":"first","10":"instock","11":"shipping-taxable","12":"product-type-simple"},"uagb_featured_image_src":{"full":["https:\/\/www3.poitiers-jeunes.com\/lesexpressifs2021\/files\/2021\/09\/\u00a9g-meziat-3118.jpg",5616,3744,false],"thumbnail":["https:\/\/www3.poitiers-jeunes.com\/lesexpressifs2021\/files\/2021\/09\/\u00a9g-meziat-3118-150x150.jpg",150,150,true],"medium":["https:\/\/www3.poitiers-jeunes.com\/lesexpressifs2021\/files\/2021\/09\/\u00a9g-meziat-3118-300x200.jpg",300,200,true],"medium_large":["https:\/\/www3.poitiers-jeunes.com\/lesexpressifs2021\/files\/2021\/09\/\u00a9g-meziat-3118-768x512.jpg",768,512,true],"large":["https:\/\/www3.poitiers-jeunes.com\/lesexpressifs2021\/files\/2021\/09\/\u00a9g-meziat-3118-1024x683.jpg",1024,683,true],"1536x1536":["https:\/\/www3.poitiers-jeunes.com\/lesexpressifs2021\/files\/2021\/09\/\u00a9g-meziat-3118.jpg",1536,1024,false],"2048x2048":["https:\/\/www3.poitiers-jeunes.com\/lesexpressifs2021\/files\/2021\/09\/\u00a9g-meziat-3118.jpg",2048,1365,false],"oneline-lite-custom-blog":["https:\/\/www3.poitiers-jeunes.com\/lesexpressifs2021\/files\/2021\/09\/\u00a9g-meziat-3118-275x184.jpg",275,184,true],"oneline-lite-recent-post":["https:\/\/www3.poitiers-jeunes.com\/lesexpressifs2021\/files\/2021\/09\/\u00a9g-meziat-3118-90x90.jpg",90,90,true],"oneline-releted-post-thumb":["https:\/\/www3.poitiers-jeunes.com\/lesexpressifs2021\/files\/2021\/09\/\u00a9g-meziat-3118-244x164.jpg",244,164,true],"woocommerce_thumbnail":["https:\/\/www3.poitiers-jeunes.com\/lesexpressifs2021\/files\/2021\/09\/\u00a9g-meziat-3118-300x300.jpg",300,300,true],"woocommerce_single":["https:\/\/www3.poitiers-jeunes.com\/lesexpressifs2021\/files\/2021\/09\/\u00a9g-meziat-3118-600x400.jpg",600,400,true],"woocommerce_gallery_thumbnail":["https:\/\/www3.poitiers-jeunes.com\/lesexpressifs2021\/files\/2021\/09\/\u00a9g-meziat-3118-100x100.jpg",100,100,true],"form-edit-image-preview":["https:\/\/www3.poitiers-jeunes.com\/lesexpressifs2021\/files\/2021\/09\/\u00a9g-meziat-3118-174x116.jpg",174,116,true],"variation_swatches_image_size":["https:\/\/www3.poitiers-jeunes.com\/lesexpressifs2021\/files\/2021\/09\/\u00a9g-meziat-3118.jpg",50,33,false],"variation_swatches_tooltip_size":["https:\/\/www3.poitiers-jeunes.com\/lesexpressifs2021\/files\/2021\/09\/\u00a9g-meziat-3118.jpg",100,67,false],"che_header_image":["https:\/\/www3.poitiers-jeunes.com\/lesexpressifs2021\/files\/2021\/09\/\u00a9g-meziat-3118.jpg",5616,3744,false]},"uagb_author_info":{"display_name":"admin","author_link":"https:\/\/www3.poitiers-jeunes.com\/lesexpressifs2021\/author\/"},"uagb_comment_info":0,"uagb_excerpt":"MU.e Th\u00e9\u00e2tre Louhossoa (64) &nbsp; Ils disparaissent. Combien depuis que nous parlons ? MU.e c\u2019est l\u2019histoire d\u2019une fugue virale et massive. Celle de la jeunesse dans une soci\u00e9t\u00e9 \u00e0 quelques [&hellip;]","_links":{"self":[{"href":"https:\/\/www3.poitiers-jeunes.com\/lesexpressifs2021\/wp-json\/wp\/v2\/product\/1282","targetHints":{"allow":["GET"]}}],"collection":[{"href":"https:\/\/www3.poitiers-jeunes.com\/lesexpressifs2021\/wp-json\/wp\/v2\/product"}],"about":[{"href":"https:\/\/www3.poitiers-jeunes.com\/lesexpressifs2021\/wp-json\/wp\/v2\/types\/product"}],"wp:featuredmedia":[{"embeddable":true,"href":"https:\/\/www3.poitiers-jeunes.com\/lesexpressifs2021\/wp-json\/wp\/v2\/media\/1283"}],"wp:attachment":[{"href":"https:\/\/www3.poitiers-jeunes.com\/lesexpressifs2021\/wp-json\/wp\/v2\/media?parent=1282"}],"wp:term":[{"taxonomy":"product_brand","embeddable":true,"href":"https:\/\/www3.poitiers-jeunes.com\/lesexpressifs2021\/wp-json\/wp\/v2\/product_brand?post=1282"},{"taxonomy":"product_cat","embeddable":true,"href":"https:\/\/www3.poitiers-jeunes.com\/lesexpressifs2021\/wp-json\/wp\/v2\/product_cat?post=1282"},{"taxonomy":"product_tag","embeddable":true,"href":"https:\/\/www3.poitiers-jeunes.com\/lesexpressifs2021\/wp-json\/wp\/v2\/product_tag?post=1282"}],"curies":[{"name":"wp","href":"https:\/\/api.w.org\/{rel}","templated":true}]}}