{"id":1269,"date":"2021-09-06T11:32:36","date_gmt":"2021-09-06T09:32:36","guid":{"rendered":"http:\/\/www3.poitiers-jeunes.com\/lesexpressifs2021\/?post_type=product&#038;p=1269"},"modified":"2021-09-16T15:21:41","modified_gmt":"2021-09-16T13:21:41","slug":"inspire-cie","status":"publish","type":"product","link":"https:\/\/www3.poitiers-jeunes.com\/lesexpressifs2021\/spectacle\/inspire-cie\/","title":{"rendered":"Inspire (Cie)"},"content":{"rendered":"<p>Danse<br \/>\nPoitiers (86)<\/p>\n<p>&nbsp;<\/p>\n<p>Six danseuses heureuses de pouvoir enfin se retrouver pour danser. Leurs corps engourdis par les confinements, restrictions et autres contraintes se d\u00e9lient peu \u00e0 peu. Chacune \u00e0 sa mani\u00e8re va se r\u00e9approprier l&rsquo;espace, la musique, le geste. Cette qu\u00eate solitaire va \u00e9voluer vers un collectif \u00e0 l&rsquo;unisson. Le plaisir de danser ensemble et de partager avec le public ! En premi\u00e8re partie de Compagnie K.L.<\/p>\n<hr \/>\n<p style=\"text-align: center;\"><strong>SPECTACLE EN ACC\u00c8S LIBRE SANS R\u00c9SERVATION<\/strong><\/p>\n<p style=\"text-align: center;\"><strong><a href=\"https:\/\/www3.poitiers-jeunes.com\/lesexpressifs2021\/informations-pratiques-pass-sanitaire\/\"><span style=\"text-decoration: underline;\">&gt; Informations pratiques sur le pass sanitaire &lt;<\/span><\/a><\/strong><\/p>\n<table style=\"border-collapse: collapse; width: 100%;\">\n<tbody>\n<tr>\n<td style=\"width: 49.9637%; text-align: right;\"><strong> Horaire :<\/strong><\/td>\n<td style=\"width: 50.0363%;\"><strong>Samedi 17h30<\/strong><\/td>\n<\/tr>\n<tr>\n<td style=\"width: 49.9637%; text-align: right;\"><strong> Lieu :<\/strong><\/td>\n<td style=\"width: 50.0363%;\"><strong>Parc de Blossac<\/strong><\/td>\n<\/tr>\n<tr>\n<td style=\"width: 49.9637%; text-align: right;\"><strong> Dur\u00e9e :<\/strong><\/td>\n<td style=\"width: 50.0363%;\"><strong>15 min<\/strong><\/td>\n<\/tr>\n<\/tbody>\n<\/table>\n<hr \/>\n","protected":false},"excerpt":{"rendered":"<p>Danse Poitiers (86) &nbsp; Six danseuses heureuses de pouvoir enfin se retrouver pour danser. Leurs corps engourdis par les confinements, restrictions et autres contraintes se d\u00e9lient peu \u00e0 peu. Chacune [&hellip;]<\/p>\n","protected":false},"featured_media":1271,"template":"","meta":{"_uag_custom_page_level_css":""},"product_brand":[],"product_cat":[24],"product_tag":[27],"class_list":{"0":"post-1269","1":"product","2":"type-product","3":"status-publish","4":"has-post-thumbnail","6":"product_cat-danse","7":"product_tag-samedi","9":"first","10":"instock","11":"shipping-taxable","12":"product-type-simple"},"uagb_featured_image_src":{"full":["https:\/\/www3.poitiers-jeunes.com\/lesexpressifs2021\/files\/2021\/09\/chaises.jpeg",1387,2171,false],"thumbnail":["https:\/\/www3.poitiers-jeunes.com\/lesexpressifs2021\/files\/2021\/09\/chaises-150x150.jpeg",150,150,true],"medium":["https:\/\/www3.poitiers-jeunes.com\/lesexpressifs2021\/files\/2021\/09\/chaises-192x300.jpeg",192,300,true],"medium_large":["https:\/\/www3.poitiers-jeunes.com\/lesexpressifs2021\/files\/2021\/09\/chaises-768x1202.jpeg",768,1202,true],"large":["https:\/\/www3.poitiers-jeunes.com\/lesexpressifs2021\/files\/2021\/09\/chaises-654x1024.jpeg",654,1024,true],"1536x1536":["https:\/\/www3.poitiers-jeunes.com\/lesexpressifs2021\/files\/2021\/09\/chaises.jpeg",981,1536,false],"2048x2048":["https:\/\/www3.poitiers-jeunes.com\/lesexpressifs2021\/files\/2021\/09\/chaises.jpeg",1308,2048,false],"oneline-lite-custom-blog":["https:\/\/www3.poitiers-jeunes.com\/lesexpressifs2021\/files\/2021\/09\/chaises-275x184.jpeg",275,184,true],"oneline-lite-recent-post":["https:\/\/www3.poitiers-jeunes.com\/lesexpressifs2021\/files\/2021\/09\/chaises-90x90.jpeg",90,90,true],"oneline-releted-post-thumb":["https:\/\/www3.poitiers-jeunes.com\/lesexpressifs2021\/files\/2021\/09\/chaises-244x164.jpeg",244,164,true],"woocommerce_thumbnail":["https:\/\/www3.poitiers-jeunes.com\/lesexpressifs2021\/files\/2021\/09\/chaises-300x300.jpeg",300,300,true],"woocommerce_single":["https:\/\/www3.poitiers-jeunes.com\/lesexpressifs2021\/files\/2021\/09\/chaises-600x939.jpeg",600,939,true],"woocommerce_gallery_thumbnail":["https:\/\/www3.poitiers-jeunes.com\/lesexpressifs2021\/files\/2021\/09\/chaises-100x100.jpeg",100,100,true],"form-edit-image-preview":["https:\/\/www3.poitiers-jeunes.com\/lesexpressifs2021\/files\/2021\/09\/chaises-74x116.jpeg",74,116,true],"variation_swatches_image_size":["https:\/\/www3.poitiers-jeunes.com\/lesexpressifs2021\/files\/2021\/09\/chaises.jpeg",32,50,false],"variation_swatches_tooltip_size":["https:\/\/www3.poitiers-jeunes.com\/lesexpressifs2021\/files\/2021\/09\/chaises.jpeg",64,100,false],"che_header_image":["https:\/\/www3.poitiers-jeunes.com\/lesexpressifs2021\/files\/2021\/09\/chaises.jpeg",1387,2171,false]},"uagb_author_info":{"display_name":"admin","author_link":"https:\/\/www3.poitiers-jeunes.com\/lesexpressifs2021\/author\/"},"uagb_comment_info":0,"uagb_excerpt":"Danse Poitiers (86) &nbsp; Six danseuses heureuses de pouvoir enfin se retrouver pour danser. Leurs corps engourdis par les confinements, restrictions et autres contraintes se d\u00e9lient peu \u00e0 peu. Chacune [&hellip;]","_links":{"self":[{"href":"https:\/\/www3.poitiers-jeunes.com\/lesexpressifs2021\/wp-json\/wp\/v2\/product\/1269","targetHints":{"allow":["GET"]}}],"collection":[{"href":"https:\/\/www3.poitiers-jeunes.com\/lesexpressifs2021\/wp-json\/wp\/v2\/product"}],"about":[{"href":"https:\/\/www3.poitiers-jeunes.com\/lesexpressifs2021\/wp-json\/wp\/v2\/types\/product"}],"wp:featuredmedia":[{"embeddable":true,"href":"https:\/\/www3.poitiers-jeunes.com\/lesexpressifs2021\/wp-json\/wp\/v2\/media\/1271"}],"wp:attachment":[{"href":"https:\/\/www3.poitiers-jeunes.com\/lesexpressifs2021\/wp-json\/wp\/v2\/media?parent=1269"}],"wp:term":[{"taxonomy":"product_brand","embeddable":true,"href":"https:\/\/www3.poitiers-jeunes.com\/lesexpressifs2021\/wp-json\/wp\/v2\/product_brand?post=1269"},{"taxonomy":"product_cat","embeddable":true,"href":"https:\/\/www3.poitiers-jeunes.com\/lesexpressifs2021\/wp-json\/wp\/v2\/product_cat?post=1269"},{"taxonomy":"product_tag","embeddable":true,"href":"https:\/\/www3.poitiers-jeunes.com\/lesexpressifs2021\/wp-json\/wp\/v2\/product_tag?post=1269"}],"curies":[{"name":"wp","href":"https:\/\/api.w.org\/{rel}","templated":true}]}}