{"id":1244,"date":"2021-09-02T11:55:43","date_gmt":"2021-09-02T09:55:43","guid":{"rendered":"http:\/\/www3.poitiers-jeunes.com\/lesexpressifs2021\/?post_type=product&#038;p=1244"},"modified":"2021-09-16T14:41:50","modified_gmt":"2021-09-16T12:41:50","slug":"a-part-etre-cie","status":"publish","type":"product","link":"https:\/\/www3.poitiers-jeunes.com\/lesexpressifs2021\/spectacle\/a-part-etre-cie\/","title":{"rendered":"A Part \u00catre (Cie)"},"content":{"rendered":"<h2>Au c\u0153ur de nos replis<\/h2>\n<p>Danse<br \/>\nVilleparisis (77)<\/p>\n<p>&nbsp;<\/p>\n<p>Un duo d\u2019interpr\u00e8tes, m\u00ealant danses hip-hop et afro-contemporain, nous convie au c\u0153ur de sa spirale relationnelle. Dans une danse subtile, ils cr\u00e9ent la rencontre, s\u2019adaptent \u00e0 l\u2019autre, s\u2019acceptent, prennent le temps et vivent l\u2019\u00e9motion. S\u2019ouvrir \u00e0 la rencontre, c\u2019est aussi oser marcher dans l\u2019obscurit\u00e9, celle-l\u00e0 m\u00eame qui nous pousse \u00e0 nous d\u00e9passer et ainsi \u00e0 mutuellement nous \u00e9clairer. Un voyage \u00e9mouvant et plein d\u2019\u00e9motions qui part de la m\u00e9fiance pour arriver \u00e0 la complicit\u00e9.<\/p>\n<p>Dans un espace circulaire restreint et d\u00e9fini, ici et maintenant, Tishou Aminata Kane invite \u00e0 poser et \u00e0 provoquer les conditions n\u00e9cessaires \u00e0 la rencontre. Elle propose de puiser dans nos ressources afin de quitter notre bulle et de plonger dans celle de l\u2019autre en d\u00e9passant la peur qui nous appartient et cependant nous fait exister.<\/p>\n<p>Elle nous accompagne dans une d\u00e9marche de l\u00e2cher prise afin de nous reconna\u00eetre en l\u2019autre. Reconna\u00eetre et vivre une \u00e9motion commune permet peu \u00e0 peu de transformer un parti pris de tol\u00e9rance en respect.<br \/>\nLivrer qui nous sommes et observer : nous sommes fragiles, curieux et t\u00e9m\u00e9raires, remplis du d\u00e9sir de nous transcender.<br \/>\nDevenir et exprimer ce que nous sommes en v\u00e9rit\u00e9, pour nous m\u00eame et pour l\u2019autre. Nous nous apprivoisons et notre relation se construit sur cet \u00e9chafaudage de sensations et d\u2019\u00e9motions.<br \/>\nLe corps est ici un moyen, un outil au c\u0153ur de nos replis, de nos \u00e9lans, il fait sens et nourrit notre engagement.<br \/>\nOser marcher dans l\u2019obscurit\u00e9, celle-l\u00e0 m\u00eame qui nous pousse \u00e0 nous d\u00e9passer, \u00e0 \u00e9changer et ainsi \u00e0 mutuellement nous \u00e9clairer.<\/p>\n<p>Chor\u00e9graphie : Tishou Aminata Kane<br \/>\nMusique : Thierry Bertomeu<br \/>\nIng\u00e9nieur du son : Thierry Bertomeu<br \/>\nDanseurs \u2013 Interpr\u00e8tes : Tishou Aminata Kane et Arthur Pedros dit Arthy<br \/>\nAnn\u00e9e de cr\u00e9ation : 2018<\/p>\n<p>&nbsp;<\/p>\n<p><iframe loading=\"lazy\" src=\"\/\/www.youtube.com\/embed\/I0_eFH_hh04?ab_channel=MarionEcalle\" width=\"560\" height=\"314\" allowfullscreen=\"allowfullscreen\"><\/iframe><\/p>\n<hr \/>\n<p style=\"text-align: center;\"><span style=\"font-size: 14pt;\"><strong>SPECTACLE EN ACC\u00c8S LIBRE SANS R\u00c9SERVATION<\/strong><\/span><\/p>\n<p style=\"text-align: center;\"><span style=\"font-size: 14pt;\"><strong><a href=\"https:\/\/www3.poitiers-jeunes.com\/lesexpressifs2021\/informations-pratiques-pass-sanitaire\/\">Informations pratiques sur le pass sanitaire<\/a><br \/>\n<\/strong><\/span><\/p>\n<table style=\"border-collapse: collapse; width: 100%;\">\n<tbody>\n<tr>\n<td style=\"width: 49.9637%; text-align: right;\"><strong> Horaire :<\/strong><\/td>\n<td style=\"width: 50.0363%;\"><strong>\u00a0 Samedi 16h30<br \/>\nSamedi 20h00<br \/>\nDimanche 14h30<br \/>\nDimanche 16h30<\/strong><\/td>\n<\/tr>\n<tr>\n<td style=\"width: 49.9637%; text-align: right;\"><strong> Lieu :<\/strong><\/td>\n<td style=\"width: 50.0363%;\"><strong>\u00a0 Parc de Blossac<\/strong><\/td>\n<\/tr>\n<tr>\n<td style=\"width: 49.9637%; text-align: right;\"><strong> Dur\u00e9e :<\/strong><\/td>\n<td style=\"width: 50.0363%;\"><strong>\u00a0\u00a0 25mn<\/strong><\/td>\n<\/tr>\n<\/tbody>\n<\/table>\n<hr \/>\n","protected":false},"excerpt":{"rendered":"<p>Au c\u0153ur de nos replis Danse Villeparisis (77) &nbsp; Un duo d\u2019interpr\u00e8tes, m\u00ealant danses hip-hop et afro-contemporain, nous convie au c\u0153ur de sa spirale relationnelle. Dans une danse subtile, ils [&hellip;]<\/p>\n","protected":false},"featured_media":1245,"template":"","meta":{"_uag_custom_page_level_css":""},"product_brand":[],"product_cat":[24],"product_tag":[28,27],"class_list":{"0":"post-1244","1":"product","2":"type-product","3":"status-publish","4":"has-post-thumbnail","6":"product_cat-danse","7":"product_tag-dimanche","8":"product_tag-samedi","10":"first","11":"instock","12":"shipping-taxable","13":"product-type-simple"},"uagb_featured_image_src":{"full":["https:\/\/www3.poitiers-jeunes.com\/lesexpressifs2021\/files\/2021\/09\/Cie-A-part-Etre-Dominique-Bru-5.jpg",4016,6016,false],"thumbnail":["https:\/\/www3.poitiers-jeunes.com\/lesexpressifs2021\/files\/2021\/09\/Cie-A-part-Etre-Dominique-Bru-5-150x150.jpg",150,150,true],"medium":["https:\/\/www3.poitiers-jeunes.com\/lesexpressifs2021\/files\/2021\/09\/Cie-A-part-Etre-Dominique-Bru-5-200x300.jpg",200,300,true],"medium_large":["https:\/\/www3.poitiers-jeunes.com\/lesexpressifs2021\/files\/2021\/09\/Cie-A-part-Etre-Dominique-Bru-5-768x1150.jpg",768,1150,true],"large":["https:\/\/www3.poitiers-jeunes.com\/lesexpressifs2021\/files\/2021\/09\/Cie-A-part-Etre-Dominique-Bru-5-684x1024.jpg",684,1024,true],"1536x1536":["https:\/\/www3.poitiers-jeunes.com\/lesexpressifs2021\/files\/2021\/09\/Cie-A-part-Etre-Dominique-Bru-5.jpg",1025,1536,false],"2048x2048":["https:\/\/www3.poitiers-jeunes.com\/lesexpressifs2021\/files\/2021\/09\/Cie-A-part-Etre-Dominique-Bru-5.jpg",1367,2048,false],"oneline-lite-custom-blog":["https:\/\/www3.poitiers-jeunes.com\/lesexpressifs2021\/files\/2021\/09\/Cie-A-part-Etre-Dominique-Bru-5-275x184.jpg",275,184,true],"oneline-lite-recent-post":["https:\/\/www3.poitiers-jeunes.com\/lesexpressifs2021\/files\/2021\/09\/Cie-A-part-Etre-Dominique-Bru-5-90x90.jpg",90,90,true],"oneline-releted-post-thumb":["https:\/\/www3.poitiers-jeunes.com\/lesexpressifs2021\/files\/2021\/09\/Cie-A-part-Etre-Dominique-Bru-5-244x164.jpg",244,164,true],"woocommerce_thumbnail":["https:\/\/www3.poitiers-jeunes.com\/lesexpressifs2021\/files\/2021\/09\/Cie-A-part-Etre-Dominique-Bru-5-300x300.jpg",300,300,true],"woocommerce_single":["https:\/\/www3.poitiers-jeunes.com\/lesexpressifs2021\/files\/2021\/09\/Cie-A-part-Etre-Dominique-Bru-5-600x899.jpg",600,899,true],"woocommerce_gallery_thumbnail":["https:\/\/www3.poitiers-jeunes.com\/lesexpressifs2021\/files\/2021\/09\/Cie-A-part-Etre-Dominique-Bru-5-100x100.jpg",100,100,true],"form-edit-image-preview":["https:\/\/www3.poitiers-jeunes.com\/lesexpressifs2021\/files\/2021\/09\/Cie-A-part-Etre-Dominique-Bru-5-77x116.jpg",77,116,true],"variation_swatches_image_size":["https:\/\/www3.poitiers-jeunes.com\/lesexpressifs2021\/files\/2021\/09\/Cie-A-part-Etre-Dominique-Bru-5.jpg",33,50,false],"variation_swatches_tooltip_size":["https:\/\/www3.poitiers-jeunes.com\/lesexpressifs2021\/files\/2021\/09\/Cie-A-part-Etre-Dominique-Bru-5.jpg",67,100,false],"che_header_image":["https:\/\/www3.poitiers-jeunes.com\/lesexpressifs2021\/files\/2021\/09\/Cie-A-part-Etre-Dominique-Bru-5.jpg",4016,6016,false]},"uagb_author_info":{"display_name":"admin","author_link":"https:\/\/www3.poitiers-jeunes.com\/lesexpressifs2021\/author\/"},"uagb_comment_info":0,"uagb_excerpt":"Au c\u0153ur de nos replis Danse Villeparisis (77) &nbsp; Un duo d\u2019interpr\u00e8tes, m\u00ealant danses hip-hop et afro-contemporain, nous convie au c\u0153ur de sa spirale relationnelle. Dans une danse subtile, ils [&hellip;]","_links":{"self":[{"href":"https:\/\/www3.poitiers-jeunes.com\/lesexpressifs2021\/wp-json\/wp\/v2\/product\/1244","targetHints":{"allow":["GET"]}}],"collection":[{"href":"https:\/\/www3.poitiers-jeunes.com\/lesexpressifs2021\/wp-json\/wp\/v2\/product"}],"about":[{"href":"https:\/\/www3.poitiers-jeunes.com\/lesexpressifs2021\/wp-json\/wp\/v2\/types\/product"}],"wp:featuredmedia":[{"embeddable":true,"href":"https:\/\/www3.poitiers-jeunes.com\/lesexpressifs2021\/wp-json\/wp\/v2\/media\/1245"}],"wp:attachment":[{"href":"https:\/\/www3.poitiers-jeunes.com\/lesexpressifs2021\/wp-json\/wp\/v2\/media?parent=1244"}],"wp:term":[{"taxonomy":"product_brand","embeddable":true,"href":"https:\/\/www3.poitiers-jeunes.com\/lesexpressifs2021\/wp-json\/wp\/v2\/product_brand?post=1244"},{"taxonomy":"product_cat","embeddable":true,"href":"https:\/\/www3.poitiers-jeunes.com\/lesexpressifs2021\/wp-json\/wp\/v2\/product_cat?post=1244"},{"taxonomy":"product_tag","embeddable":true,"href":"https:\/\/www3.poitiers-jeunes.com\/lesexpressifs2021\/wp-json\/wp\/v2\/product_tag?post=1244"}],"curies":[{"name":"wp","href":"https:\/\/api.w.org\/{rel}","templated":true}]}}