{"id":1430,"date":"2021-09-23T14:51:41","date_gmt":"2021-09-23T12:51:41","guid":{"rendered":"http:\/\/www3.poitiers-jeunes.com\/lesexpressifs2021\/?page_id=1430"},"modified":"2021-09-23T15:08:52","modified_gmt":"2021-09-23T13:08:52","slug":"eco-festival","status":"publish","type":"page","link":"https:\/\/www3.poitiers-jeunes.com\/lesexpressifs2021\/eco-festival\/","title":{"rendered":"Eco-festival"},"content":{"rendered":"\n<h2 class=\"wp-block-heading\" style=\"text-align:center\">Eco-festival<\/h2>\n\n\n\n<p>La pr\u00e9servation de l\u2019environnement est un enjeu majeur dans l\u2019organisation des Expressifs. Depuis 2005, le festival est engag\u00e9 dans la mise en place d\u2019actions visant \u00e0 r\u00e9duire son impact environnemental :<\/p>\n\n\n\n<p><strong>Une communication \u00e9coresponsable<\/strong><\/p>\n\n\n\n<ul class=\"wp-block-list\"><li>Suivi des besoins afin de maitriser les quantit\u00e9s d\u2019impression et ainsi \u00e9viter le gaspillage du papier ;<\/li><li>Travail avec des imprimeurs locaux labellis\u00e9s Imprim&rsquo;Vert, afin de garantir un circuit court ;<\/li><li>Utilisation de parchemins en fer r\u00e9utilisables, pour l\u2019affichage des programmes journaliers sur le festival.<\/li><\/ul>\n\n\n\n<div class=\"wp-block-image\"><figure class=\"aligncenter is-resized\"><img loading=\"lazy\" decoding=\"async\" src=\"https:\/\/www3.poitiers-jeunes.com\/lesexpressifs2021\/files\/2021\/09\/parchemin-metal.jpg\" alt=\"\" class=\"wp-image-1435\" width=\"298\" height=\"398\"\/><figcaption>Parchemin m\u00e9tal r\u00e9-utilis\u00e9 d&rsquo;ann\u00e9e en ann\u00e9e<\/figcaption><\/figure><\/div>\n\n\n\n<p><strong>Une mobilit\u00e9 facilit\u00e9e<\/strong><\/p>\n\n\n\n<ul class=\"wp-block-list\"><li>Pr\u00eat de v\u00e9los pour les d\u00e9placements des b\u00e9n\u00e9voles ;<\/li><li>Incitation \u00e0 l\u2019utilisation des transports en commun&nbsp;;<\/li><li>Mise \u00e0 disposition de tickets de bus pour les b\u00e9n\u00e9voles&nbsp;;<\/li><li>Pr\u00eat de v\u00e9hicule par des associations locales pour le transport des artistes.<\/li><\/ul>\n\n\n\n<p><strong>Une politique d\u2019achats, de choix des \u00e9quipements et des prestations <\/strong><\/p>\n\n\n\n<ul class=\"wp-block-list\"><li>Am\u00e9nagement des espaces accueil avec du mobilier r\u00e9cup\u00e9r\u00e9 (Emma\u00fcs, \u2026) et pr\u00eat\u00e9&nbsp;;<\/li><li>Soutien \u00e0 l\u2019\u00e9conomie locale et aux acteurs du territoire pour favoriser les circuits courts&nbsp;;<\/li><li>Introduction progressive d\u2019une agriculture bio et responsable, de par le choix des prestataires et des produits vendus ;<\/li><li>Achat de distributeurs en inox et valorisation de la consommation d\u2019eau du robinet&nbsp;;<\/li><li>Mutualisation des points de collation, afin de r\u00e9duire le gaspillage alimentaire et la production de d\u00e9chets ;<\/li><li>Utilisation de bocaux et de bouteilles en verre r\u00e9cup\u00e9r\u00e9es, afin de limiter les contenants \u00e0 usage unique.<\/li><\/ul>\n\n\n\n<p><strong>La ma\u00eetrise des consommations et la gestion des d\u00e9chets<\/strong><\/p>\n\n\n\n<ul class=\"wp-block-list\"><li>Tri des d\u00e9chets sur les diff\u00e9rents sites ;<\/li><li>Installation de bacs \u00e0 compost pour valoriser les bio-d\u00e9chets de la restauration&nbsp;;<\/li><li>R\u00e9-utilisation de gobelets consign\u00e9s pour limiter les d\u00e9chets ;<\/li><li>Utilisation de vaisselle r\u00e9utilisable pour la restauration de l\u2019organisation ;<\/li><li>Utilisation d\u2019un lave-vaisselle \u00e0 \u00e9conomie d\u2019eau pour le nettoyage des gobelets ;<\/li><li>Installation de toilettes s\u00e8ches (dont certaines pour les personnes \u00e0 mobilit\u00e9 r\u00e9duite) ;<\/li><li>Mise en place progressive d\u2019une brigade verte.<\/li><\/ul>\n\n\n\n<p>Le festival est aussi signataire de la charte <a href=\"https:\/\/www.drastic-on-plastic.fr\/\">Drastic on plastic<\/a>, qui accompagne les festivals fran\u00e7ais vers la r\u00e9duction et la suppression du plastique jetable dans la production de leur \u00e9v\u00e9nement.<\/p>\n\n\n\n<div class=\"wp-block-image\"><figure class=\"aligncenter is-resized\"><a href=\"https:\/\/www.drastic-on-plastic.fr\/\"><img loading=\"lazy\" decoding=\"async\" src=\"http:\/\/www3.poitiers-jeunes.com\/lesexpressifs2021\/files\/2021\/09\/Logo-DOP-signataires-sans-fond-1024x676.png\" alt=\"\" class=\"wp-image-1431\" width=\"245\" height=\"161\" srcset=\"https:\/\/www3.poitiers-jeunes.com\/lesexpressifs2021\/files\/2021\/09\/Logo-DOP-signataires-sans-fond-1024x676.png 1024w, https:\/\/www3.poitiers-jeunes.com\/lesexpressifs2021\/files\/2021\/09\/Logo-DOP-signataires-sans-fond-300x198.png 300w, https:\/\/www3.poitiers-jeunes.com\/lesexpressifs2021\/files\/2021\/09\/Logo-DOP-signataires-sans-fond-768x507.png 768w, https:\/\/www3.poitiers-jeunes.com\/lesexpressifs2021\/files\/2021\/09\/Logo-DOP-signataires-sans-fond-600x396.png 600w, https:\/\/www3.poitiers-jeunes.com\/lesexpressifs2021\/files\/2021\/09\/Logo-DOP-signataires-sans-fond-176x116.png 176w, https:\/\/www3.poitiers-jeunes.com\/lesexpressifs2021\/files\/2021\/09\/Logo-DOP-signataires-sans-fond.png 1261w\" sizes=\"auto, (max-width: 245px) 100vw, 245px\" \/><\/a><\/figure><\/div>\n","protected":false},"excerpt":{"rendered":"<p>Eco-festival La pr\u00e9servation de l\u2019environnement est un enjeu majeur dans l\u2019organisation des Expressifs. Depuis 2005, le festival est engag\u00e9 dans la mise en place d\u2019actions visant \u00e0 r\u00e9duire son impact [&hellip;]<\/p>\n","protected":false},"author":1,"featured_media":1096,"parent":0,"menu_order":0,"comment_status":"closed","ping_status":"closed","template":"","meta":{"_uag_custom_page_level_css":"","footnotes":""},"class_list":["post-1430","page","type-page","status-publish","has-post-thumbnail","hentry"],"uagb_featured_image_src":{"full":["https:\/\/www3.poitiers-jeunes.com\/lesexpressifs2021\/files\/2021\/08\/slider-1.jpg",1707,1280,false],"thumbnail":["https:\/\/www3.poitiers-jeunes.com\/lesexpressifs2021\/files\/2021\/08\/slider-1-150x150.jpg",150,150,true],"medium":["https:\/\/www3.poitiers-jeunes.com\/lesexpressifs2021\/files\/2021\/08\/slider-1-300x225.jpg",300,225,true],"medium_large":["https:\/\/www3.poitiers-jeunes.com\/lesexpressifs2021\/files\/2021\/08\/slider-1-768x576.jpg",768,576,true],"large":["https:\/\/www3.poitiers-jeunes.com\/lesexpressifs2021\/files\/2021\/08\/slider-1-1024x768.jpg",1024,768,true],"1536x1536":["https:\/\/www3.poitiers-jeunes.com\/lesexpressifs2021\/files\/2021\/08\/slider-1.jpg",1536,1152,false],"2048x2048":["https:\/\/www3.poitiers-jeunes.com\/lesexpressifs2021\/files\/2021\/08\/slider-1.jpg",1707,1280,false],"oneline-lite-custom-blog":["https:\/\/www3.poitiers-jeunes.com\/lesexpressifs2021\/files\/2021\/08\/slider-1-275x184.jpg",275,184,true],"oneline-lite-recent-post":["https:\/\/www3.poitiers-jeunes.com\/lesexpressifs2021\/files\/2021\/08\/slider-1-90x90.jpg",90,90,true],"oneline-releted-post-thumb":["https:\/\/www3.poitiers-jeunes.com\/lesexpressifs2021\/files\/2021\/08\/slider-1-244x164.jpg",244,164,true],"woocommerce_thumbnail":["https:\/\/www3.poitiers-jeunes.com\/lesexpressifs2021\/files\/2021\/08\/slider-1-300x300.jpg",300,300,true],"woocommerce_single":["https:\/\/www3.poitiers-jeunes.com\/lesexpressifs2021\/files\/2021\/08\/slider-1-600x450.jpg",600,450,true],"woocommerce_gallery_thumbnail":["https:\/\/www3.poitiers-jeunes.com\/lesexpressifs2021\/files\/2021\/08\/slider-1-100x100.jpg",100,100,true],"form-edit-image-preview":["https:\/\/www3.poitiers-jeunes.com\/lesexpressifs2021\/files\/2021\/08\/slider-1-155x116.jpg",155,116,true],"variation_swatches_image_size":["https:\/\/www3.poitiers-jeunes.com\/lesexpressifs2021\/files\/2021\/08\/slider-1.jpg",50,37,false],"variation_swatches_tooltip_size":["https:\/\/www3.poitiers-jeunes.com\/lesexpressifs2021\/files\/2021\/08\/slider-1.jpg",100,75,false],"che_header_image":["https:\/\/www3.poitiers-jeunes.com\/lesexpressifs2021\/files\/2021\/08\/slider-1.jpg",1707,1280,false]},"uagb_author_info":{"display_name":"admin","author_link":"https:\/\/www3.poitiers-jeunes.com\/lesexpressifs2021\/author\/admin\/"},"uagb_comment_info":0,"uagb_excerpt":"Eco-festival La pr\u00e9servation de l\u2019environnement est un enjeu majeur dans l\u2019organisation des Expressifs. Depuis 2005, le festival est engag\u00e9 dans la mise en place d\u2019actions visant \u00e0 r\u00e9duire son impact [&hellip;]","_links":{"self":[{"href":"https:\/\/www3.poitiers-jeunes.com\/lesexpressifs2021\/wp-json\/wp\/v2\/pages\/1430","targetHints":{"allow":["GET"]}}],"collection":[{"href":"https:\/\/www3.poitiers-jeunes.com\/lesexpressifs2021\/wp-json\/wp\/v2\/pages"}],"about":[{"href":"https:\/\/www3.poitiers-jeunes.com\/lesexpressifs2021\/wp-json\/wp\/v2\/types\/page"}],"author":[{"embeddable":true,"href":"https:\/\/www3.poitiers-jeunes.com\/lesexpressifs2021\/wp-json\/wp\/v2\/users\/1"}],"replies":[{"embeddable":true,"href":"https:\/\/www3.poitiers-jeunes.com\/lesexpressifs2021\/wp-json\/wp\/v2\/comments?post=1430"}],"version-history":[{"count":4,"href":"https:\/\/www3.poitiers-jeunes.com\/lesexpressifs2021\/wp-json\/wp\/v2\/pages\/1430\/revisions"}],"predecessor-version":[{"id":1438,"href":"https:\/\/www3.poitiers-jeunes.com\/lesexpressifs2021\/wp-json\/wp\/v2\/pages\/1430\/revisions\/1438"}],"wp:featuredmedia":[{"embeddable":true,"href":"https:\/\/www3.poitiers-jeunes.com\/lesexpressifs2021\/wp-json\/wp\/v2\/media\/1096"}],"wp:attachment":[{"href":"https:\/\/www3.poitiers-jeunes.com\/lesexpressifs2021\/wp-json\/wp\/v2\/media?parent=1430"}],"curies":[{"name":"wp","href":"https:\/\/api.w.org\/{rel}","templated":true}]}}