{"id":1266,"date":"2021-09-06T10:57:32","date_gmt":"2021-09-06T08:57:32","guid":{"rendered":"http:\/\/www3.poitiers-jeunes.com\/lesexpressifs2021\/?post_type=product&#038;p=1266"},"modified":"2021-09-16T15:28:48","modified_gmt":"2021-09-16T13:28:48","slug":"compagnie-k-l","status":"publish","type":"product","link":"http:\/\/www3.poitiers-jeunes.com\/lesexpressifs2021\/spectacle\/compagnie-k-l\/","title":{"rendered":"Compagnie K.L"},"content":{"rendered":"<h2>Crash Terre<\/h2>\n<p>Th\u00e9\u00e2tre jongl\u00e9<br \/>\nPoitiers (86)<\/p>\n<p>11 ans ! A 11 ans en Creuse je connaissais d\u00e9j\u00e0 les perturbateurs endocriniens&#8230; Gr\u00e2ce au DDT (puissant insecticide)&#8230; Et puis en suivant le d\u00e9m\u00e9nagement familial je suis pass\u00e9 d&rsquo;un patelin creusois de quelques habitants, \u00e0 la grande ville de Toulouse&#8230; Et l\u00e0-bas, il y en avait partout. A partir de l\u00e0, mes manipulations de terre se sont transform\u00e9es en manipulation de balles en plastique de tout genre. A partir de l\u00e0, mon v\u00e9lo tout terrain si pratique en for\u00eat ne valait plus rien face \u00e0 une paire de rollers. A partir de l\u00e0 et sans m&rsquo;en rendre compte, c&rsquo;est \u00e0 11 ans que l&rsquo;enfant de la nature que j&rsquo;\u00e9tais s&rsquo;est adapt\u00e9 au bitume et a chang\u00e9 de sol de pr\u00e9dilection, et finalement a tout bonnement chang\u00e9 de vie, pour prendre racine dans le b\u00e9ton, dans le plastique, et s&rsquo;y adapter au mieux.<\/p>\n<p>A travers cette cr\u00e9ation, il s&rsquo;agissait d&rsquo;interroger cette rencontre entre l&rsquo;homme, la science et le cirque, mais aussi de la donner \u00e0 voir, \u00e0 partager et \u00e0 ressentir, \u00e0 travers les sensations issues de diff\u00e9rentes techniques et mat\u00e9riaux : la manipulation d\u00e9tonante d&rsquo;un tas de terre, le d\u00e9s\u00e9quilibre permanent d&rsquo;une paire de rollers et la fluidit\u00e9 d&rsquo;une jonglerie atypique.<\/p>\n<p>A partir de 8 ans.<br \/>\nCr\u00e9ation 2020.<br \/>\nDur\u00e9e du spectacle : 45mn.<\/p>\n<p><a href=\"https:\/\/www.compagniekl.org\/crash-terre-cr%C3%A9ation-2020\/\">https:\/\/www.compagniekl.org\/<\/a><\/p>\n<hr \/>\n<p style=\"text-align: center;\"><strong>SPECTACLE EN ACC\u00c8S LIBRE SANS R\u00c9SERVATION<\/strong><\/p>\n<p style=\"text-align: center;\"><strong><a href=\"https:\/\/www3.poitiers-jeunes.com\/lesexpressifs2021\/informations-pratiques-pass-sanitaire\/\"><span style=\"text-decoration: underline;\">&gt; Informations pratiques sur le pass sanitaire &lt;<\/span><\/a><\/strong><\/p>\n<table style=\"border-collapse: collapse; width: 100%;\">\n<tbody>\n<tr>\n<td style=\"width: 49.9637%; text-align: right;\"><strong> Horaire :<\/strong><\/td>\n<td style=\"width: 50.0363%;\"><strong>Vendredi 18h00<br \/>\nSamedi 18H00<\/strong><\/td>\n<\/tr>\n<tr>\n<td style=\"width: 49.9637%; text-align: right;\"><strong> Lieu :<\/strong><\/td>\n<td style=\"width: 50.0363%;\"><strong>Parc de Blossac<\/strong><\/td>\n<\/tr>\n<tr>\n<td style=\"width: 49.9637%; text-align: right;\"><strong> Dur\u00e9e :<\/strong><\/td>\n<td style=\"width: 50.0363%;\"><strong>45 min<\/strong><\/td>\n<\/tr>\n<\/tbody>\n<\/table>\n<hr \/>\n","protected":false},"excerpt":{"rendered":"<p>Crash Terre Th\u00e9\u00e2tre jongl\u00e9 Poitiers (86) 11 ans ! A 11 ans en Creuse je connaissais d\u00e9j\u00e0 les perturbateurs endocriniens&#8230; Gr\u00e2ce au DDT (puissant insecticide)&#8230; Et puis en suivant le [&hellip;]<\/p>\n","protected":false},"featured_media":1268,"template":"","meta":{"_uag_custom_page_level_css":""},"product_brand":[],"product_cat":[22],"product_tag":[27,30],"class_list":{"0":"post-1266","1":"product","2":"type-product","3":"status-publish","4":"has-post-thumbnail","6":"product_cat-theatre","7":"product_tag-samedi","8":"product_tag-vendredi","10":"first","11":"instock","12":"shipping-taxable","13":"product-type-simple"},"uagb_featured_image_src":{"full":["http:\/\/www3.poitiers-jeunes.com\/lesexpressifs2021\/files\/2021\/09\/Chalumeau-hd-credit-photo-Sylvia-Vasseur.jpg",5568,3716,false],"thumbnail":["http:\/\/www3.poitiers-jeunes.com\/lesexpressifs2021\/files\/2021\/09\/Chalumeau-hd-credit-photo-Sylvia-Vasseur-150x150.jpg",150,150,true],"medium":["http:\/\/www3.poitiers-jeunes.com\/lesexpressifs2021\/files\/2021\/09\/Chalumeau-hd-credit-photo-Sylvia-Vasseur-300x200.jpg",300,200,true],"medium_large":["http:\/\/www3.poitiers-jeunes.com\/lesexpressifs2021\/files\/2021\/09\/Chalumeau-hd-credit-photo-Sylvia-Vasseur-768x513.jpg",768,513,true],"large":["http:\/\/www3.poitiers-jeunes.com\/lesexpressifs2021\/files\/2021\/09\/Chalumeau-hd-credit-photo-Sylvia-Vasseur-1024x683.jpg",1024,683,true],"1536x1536":["http:\/\/www3.poitiers-jeunes.com\/lesexpressifs2021\/files\/2021\/09\/Chalumeau-hd-credit-photo-Sylvia-Vasseur.jpg",1536,1025,false],"2048x2048":["http:\/\/www3.poitiers-jeunes.com\/lesexpressifs2021\/files\/2021\/09\/Chalumeau-hd-credit-photo-Sylvia-Vasseur.jpg",2048,1367,false],"oneline-lite-custom-blog":["http:\/\/www3.poitiers-jeunes.com\/lesexpressifs2021\/files\/2021\/09\/Chalumeau-hd-credit-photo-Sylvia-Vasseur-275x184.jpg",275,184,true],"oneline-lite-recent-post":["http:\/\/www3.poitiers-jeunes.com\/lesexpressifs2021\/files\/2021\/09\/Chalumeau-hd-credit-photo-Sylvia-Vasseur-90x90.jpg",90,90,true],"oneline-releted-post-thumb":["http:\/\/www3.poitiers-jeunes.com\/lesexpressifs2021\/files\/2021\/09\/Chalumeau-hd-credit-photo-Sylvia-Vasseur-244x164.jpg",244,164,true],"woocommerce_thumbnail":["http:\/\/www3.poitiers-jeunes.com\/lesexpressifs2021\/files\/2021\/09\/Chalumeau-hd-credit-photo-Sylvia-Vasseur-300x300.jpg",300,300,true],"woocommerce_single":["http:\/\/www3.poitiers-jeunes.com\/lesexpressifs2021\/files\/2021\/09\/Chalumeau-hd-credit-photo-Sylvia-Vasseur-600x400.jpg",600,400,true],"woocommerce_gallery_thumbnail":["http:\/\/www3.poitiers-jeunes.com\/lesexpressifs2021\/files\/2021\/09\/Chalumeau-hd-credit-photo-Sylvia-Vasseur-100x100.jpg",100,100,true],"form-edit-image-preview":["http:\/\/www3.poitiers-jeunes.com\/lesexpressifs2021\/files\/2021\/09\/Chalumeau-hd-credit-photo-Sylvia-Vasseur-174x116.jpg",174,116,true],"variation_swatches_image_size":["http:\/\/www3.poitiers-jeunes.com\/lesexpressifs2021\/files\/2021\/09\/Chalumeau-hd-credit-photo-Sylvia-Vasseur.jpg",50,33,false],"variation_swatches_tooltip_size":["http:\/\/www3.poitiers-jeunes.com\/lesexpressifs2021\/files\/2021\/09\/Chalumeau-hd-credit-photo-Sylvia-Vasseur.jpg",100,67,false],"che_header_image":["http:\/\/www3.poitiers-jeunes.com\/lesexpressifs2021\/files\/2021\/09\/Chalumeau-hd-credit-photo-Sylvia-Vasseur.jpg",5568,3716,false]},"uagb_author_info":{"display_name":"admin","author_link":"http:\/\/www3.poitiers-jeunes.com\/lesexpressifs2021\/author\/"},"uagb_comment_info":0,"uagb_excerpt":"Crash Terre Th\u00e9\u00e2tre jongl\u00e9 Poitiers (86) 11 ans ! A 11 ans en Creuse je connaissais d\u00e9j\u00e0 les perturbateurs endocriniens&#8230; Gr\u00e2ce au DDT (puissant insecticide)&#8230; Et puis en suivant le [&hellip;]","_links":{"self":[{"href":"http:\/\/www3.poitiers-jeunes.com\/lesexpressifs2021\/wp-json\/wp\/v2\/product\/1266","targetHints":{"allow":["GET"]}}],"collection":[{"href":"http:\/\/www3.poitiers-jeunes.com\/lesexpressifs2021\/wp-json\/wp\/v2\/product"}],"about":[{"href":"http:\/\/www3.poitiers-jeunes.com\/lesexpressifs2021\/wp-json\/wp\/v2\/types\/product"}],"wp:featuredmedia":[{"embeddable":true,"href":"http:\/\/www3.poitiers-jeunes.com\/lesexpressifs2021\/wp-json\/wp\/v2\/media\/1268"}],"wp:attachment":[{"href":"http:\/\/www3.poitiers-jeunes.com\/lesexpressifs2021\/wp-json\/wp\/v2\/media?parent=1266"}],"wp:term":[{"taxonomy":"product_brand","embeddable":true,"href":"http:\/\/www3.poitiers-jeunes.com\/lesexpressifs2021\/wp-json\/wp\/v2\/product_brand?post=1266"},{"taxonomy":"product_cat","embeddable":true,"href":"http:\/\/www3.poitiers-jeunes.com\/lesexpressifs2021\/wp-json\/wp\/v2\/product_cat?post=1266"},{"taxonomy":"product_tag","embeddable":true,"href":"http:\/\/www3.poitiers-jeunes.com\/lesexpressifs2021\/wp-json\/wp\/v2\/product_tag?post=1266"}],"curies":[{"name":"wp","href":"https:\/\/api.w.org\/{rel}","templated":true}]}}