{"id":1264,"date":"2021-09-06T10:49:35","date_gmt":"2021-09-06T08:49:35","guid":{"rendered":"http:\/\/www3.poitiers-jeunes.com\/lesexpressifs2021\/?post_type=product&#038;p=1264"},"modified":"2021-09-16T15:19:21","modified_gmt":"2021-09-16T13:19:21","slug":"compagnie-du-gramophone","status":"publish","type":"product","link":"http:\/\/www3.poitiers-jeunes.com\/lesexpressifs2021\/spectacle\/compagnie-du-gramophone\/","title":{"rendered":"Compagnie du Gramophone"},"content":{"rendered":"<h2>Ol\u00e9<\/h2>\n<p>Th\u00e9\u00e2tre de rue \/ Danse<br \/>\nPoitiers (86)<\/p>\n<p>&nbsp;<\/p>\n<p>\u00ab Ol\u00e9 \u00bb, c\u2019est l\u2019histoire que nous raconte Clotilde. C\u2019est l\u2019histoire d\u2019un caf\u00e9, de son caf\u00e9, son affaire, son univers. \u00a0Ce troquet de bric et de broc va \u00e9voluer au fil des rencontres, au fil de la musique, des services, des commandes.<br \/>\n\u00ab Ol\u00e9 \u00bb, \u00e7a raconte Jos\u00e9fa, Paco, Raoul&#8230;Ce bar, c\u2019est aussi le leur, c\u2019est aussi eux. \u00c7a raconte une belle aventure collective : les caf\u00e9s quotidiens, les soir\u00e9es du samedi, les habitu\u00e9s et les nouveaux passants. \u00c7a raconte une \u00e9quipe soud\u00e9e contre vents et mar\u00e9es, contre lois et d\u00e9crets.<br \/>\nJusqu\u2019o\u00f9 peut-on aller pour d\u00e9fendre ses r\u00eaves ? Qu\u2019est-ce-qui nous fait danser sous la pluie ?<br \/>\nEntrez donc au \u00ab Ol\u00e9 Caf\u00e9 \u00bb, la porte est grande ouverte !<\/p>\n<p>&nbsp;<\/p>\n<p>Distribution : Marina Bouin, Marion Landreau, Pierre Ngongang, Lucien Pacault<br \/>\nSoutiens : Maison de la Gibauderie, Maison de quartier le Local (86)<\/p>\n<p>Ann\u00e9e de cr\u00e9ation : 2021<br \/>\nDur\u00e9e du spectacle : 1h<br \/>\nA partir de 4 ans.<\/p>\n<p>&nbsp;<\/p>\n<p><a href=\"https:\/\/ciedugramophone.wixsite.com\/ciedugramophone\">https:\/\/ciedugramophone.wixsite.com\/ciedugramophone<\/a><\/p>\n<p style=\"padding-left: 40px;\"><iframe loading=\"lazy\" src=\"\/\/www.youtube.com\/embed\/cLErcz69RbY?ab_channel=CieduGramophone\" width=\"560\" height=\"314\" allowfullscreen=\"allowfullscreen\"><\/iframe><\/p>\n<p>&nbsp;<\/p>\n<hr \/>\n<p style=\"text-align: center;\"><strong>SPECTACLE EN ACC\u00c8S LIBRE SANS R\u00c9SERVATION<\/strong><\/p>\n<p style=\"text-align: center;\"><strong><a href=\"https:\/\/www3.poitiers-jeunes.com\/lesexpressifs2021\/informations-pratiques-pass-sanitaire\/\"><span style=\"text-decoration: underline;\">&gt; Informations pratiques sur le pass sanitaire &lt;<\/span><\/a><\/strong><\/p>\n<table style=\"border-collapse: collapse; width: 100%;\">\n<tbody>\n<tr>\n<td style=\"width: 49.9637%; text-align: right;\"><strong> Horaire :<\/strong><\/td>\n<td style=\"width: 50.0363%;\"><strong>Dimanche 11h30<\/strong><\/td>\n<\/tr>\n<tr>\n<td style=\"width: 49.9637%; text-align: right;\"><strong> Lieu :<\/strong><\/td>\n<td style=\"width: 50.0363%;\"><strong>Parc de Blossac<\/strong><\/td>\n<\/tr>\n<tr>\n<td style=\"width: 49.9637%; text-align: right;\"><strong> Dur\u00e9e :<\/strong><\/td>\n<td style=\"width: 50.0363%;\"><strong> 1h00<\/strong><\/td>\n<\/tr>\n<\/tbody>\n<\/table>\n<hr \/>\n","protected":false},"excerpt":{"rendered":"<p>Ol\u00e9 Th\u00e9\u00e2tre de rue \/ Danse Poitiers (86) &nbsp; \u00ab Ol\u00e9 \u00bb, c\u2019est l\u2019histoire que nous raconte Clotilde. C\u2019est l\u2019histoire d\u2019un caf\u00e9, de son caf\u00e9, son affaire, son univers. \u00a0Ce [&hellip;]<\/p>\n","protected":false},"featured_media":1265,"template":"","meta":{"_uag_custom_page_level_css":""},"product_brand":[],"product_cat":[24,25],"product_tag":[28],"class_list":{"0":"post-1264","1":"product","2":"type-product","3":"status-publish","4":"has-post-thumbnail","6":"product_cat-danse","7":"product_cat-theatre-de-rue","8":"product_tag-dimanche","10":"first","11":"instock","12":"shipping-taxable","13":"product-type-simple"},"uagb_featured_image_src":{"full":["http:\/\/www3.poitiers-jeunes.com\/lesexpressifs2021\/files\/2021\/09\/Dossier-de-diffusion-Ol\u00e9-1-1.jpg",874,621,false],"thumbnail":["http:\/\/www3.poitiers-jeunes.com\/lesexpressifs2021\/files\/2021\/09\/Dossier-de-diffusion-Ol\u00e9-1-1-150x150.jpg",150,150,true],"medium":["http:\/\/www3.poitiers-jeunes.com\/lesexpressifs2021\/files\/2021\/09\/Dossier-de-diffusion-Ol\u00e9-1-1-300x213.jpg",300,213,true],"medium_large":["http:\/\/www3.poitiers-jeunes.com\/lesexpressifs2021\/files\/2021\/09\/Dossier-de-diffusion-Ol\u00e9-1-1-768x546.jpg",768,546,true],"large":["http:\/\/www3.poitiers-jeunes.com\/lesexpressifs2021\/files\/2021\/09\/Dossier-de-diffusion-Ol\u00e9-1-1.jpg",874,621,false],"1536x1536":["http:\/\/www3.poitiers-jeunes.com\/lesexpressifs2021\/files\/2021\/09\/Dossier-de-diffusion-Ol\u00e9-1-1.jpg",874,621,false],"2048x2048":["http:\/\/www3.poitiers-jeunes.com\/lesexpressifs2021\/files\/2021\/09\/Dossier-de-diffusion-Ol\u00e9-1-1.jpg",874,621,false],"oneline-lite-custom-blog":["http:\/\/www3.poitiers-jeunes.com\/lesexpressifs2021\/files\/2021\/09\/Dossier-de-diffusion-Ol\u00e9-1-1-275x184.jpg",275,184,true],"oneline-lite-recent-post":["http:\/\/www3.poitiers-jeunes.com\/lesexpressifs2021\/files\/2021\/09\/Dossier-de-diffusion-Ol\u00e9-1-1-90x90.jpg",90,90,true],"oneline-releted-post-thumb":["http:\/\/www3.poitiers-jeunes.com\/lesexpressifs2021\/files\/2021\/09\/Dossier-de-diffusion-Ol\u00e9-1-1-244x164.jpg",244,164,true],"woocommerce_thumbnail":["http:\/\/www3.poitiers-jeunes.com\/lesexpressifs2021\/files\/2021\/09\/Dossier-de-diffusion-Ol\u00e9-1-1-300x300.jpg",300,300,true],"woocommerce_single":["http:\/\/www3.poitiers-jeunes.com\/lesexpressifs2021\/files\/2021\/09\/Dossier-de-diffusion-Ol\u00e9-1-1-600x426.jpg",600,426,true],"woocommerce_gallery_thumbnail":["http:\/\/www3.poitiers-jeunes.com\/lesexpressifs2021\/files\/2021\/09\/Dossier-de-diffusion-Ol\u00e9-1-1-100x100.jpg",100,100,true],"form-edit-image-preview":["http:\/\/www3.poitiers-jeunes.com\/lesexpressifs2021\/files\/2021\/09\/Dossier-de-diffusion-Ol\u00e9-1-1-163x116.jpg",163,116,true],"variation_swatches_image_size":["http:\/\/www3.poitiers-jeunes.com\/lesexpressifs2021\/files\/2021\/09\/Dossier-de-diffusion-Ol\u00e9-1-1.jpg",50,36,false],"variation_swatches_tooltip_size":["http:\/\/www3.poitiers-jeunes.com\/lesexpressifs2021\/files\/2021\/09\/Dossier-de-diffusion-Ol\u00e9-1-1.jpg",100,71,false],"che_header_image":["http:\/\/www3.poitiers-jeunes.com\/lesexpressifs2021\/files\/2021\/09\/Dossier-de-diffusion-Ol\u00e9-1-1.jpg",874,621,false]},"uagb_author_info":{"display_name":"admin","author_link":"http:\/\/www3.poitiers-jeunes.com\/lesexpressifs2021\/author\/"},"uagb_comment_info":0,"uagb_excerpt":"Ol\u00e9 Th\u00e9\u00e2tre de rue \/ Danse Poitiers (86) &nbsp; \u00ab Ol\u00e9 \u00bb, c\u2019est l\u2019histoire que nous raconte Clotilde. C\u2019est l\u2019histoire d\u2019un caf\u00e9, de son caf\u00e9, son affaire, son univers. \u00a0Ce [&hellip;]","_links":{"self":[{"href":"http:\/\/www3.poitiers-jeunes.com\/lesexpressifs2021\/wp-json\/wp\/v2\/product\/1264","targetHints":{"allow":["GET"]}}],"collection":[{"href":"http:\/\/www3.poitiers-jeunes.com\/lesexpressifs2021\/wp-json\/wp\/v2\/product"}],"about":[{"href":"http:\/\/www3.poitiers-jeunes.com\/lesexpressifs2021\/wp-json\/wp\/v2\/types\/product"}],"wp:featuredmedia":[{"embeddable":true,"href":"http:\/\/www3.poitiers-jeunes.com\/lesexpressifs2021\/wp-json\/wp\/v2\/media\/1265"}],"wp:attachment":[{"href":"http:\/\/www3.poitiers-jeunes.com\/lesexpressifs2021\/wp-json\/wp\/v2\/media?parent=1264"}],"wp:term":[{"taxonomy":"product_brand","embeddable":true,"href":"http:\/\/www3.poitiers-jeunes.com\/lesexpressifs2021\/wp-json\/wp\/v2\/product_brand?post=1264"},{"taxonomy":"product_cat","embeddable":true,"href":"http:\/\/www3.poitiers-jeunes.com\/lesexpressifs2021\/wp-json\/wp\/v2\/product_cat?post=1264"},{"taxonomy":"product_tag","embeddable":true,"href":"http:\/\/www3.poitiers-jeunes.com\/lesexpressifs2021\/wp-json\/wp\/v2\/product_tag?post=1264"}],"curies":[{"name":"wp","href":"https:\/\/api.w.org\/{rel}","templated":true}]}}