{"id":1248,"date":"2021-09-02T12:10:28","date_gmt":"2021-09-02T10:10:28","guid":{"rendered":"http:\/\/www3.poitiers-jeunes.com\/lesexpressifs2021\/?post_type=product&#038;p=1248"},"modified":"2021-09-16T14:51:34","modified_gmt":"2021-09-16T12:51:34","slug":"chap-de-lune-collectif","status":"publish","type":"product","link":"http:\/\/www3.poitiers-jeunes.com\/lesexpressifs2021\/spectacle\/chap-de-lune-collectif\/","title":{"rendered":"Chap de Lune collectif"},"content":{"rendered":"<h2>Trio des M\u00f4mes<\/h2>\n<p>Spectacle musical jeune public<br \/>\nVasles (79)<\/p>\n<p>&nbsp;<\/p>\n<p>Un tapis en moumoute, des sons qui vous enveloppent, des sons et des chansons comme des gouttes d&rsquo;eau sur la chaleur de l&rsquo;enfance. Puis trois personnages \u00e9mergent entre ordinaire et extraordinaire. Elles jouent de leurs voix, de leurs corps, de leurs instruments, elles jouent avec la po\u00e9sie de l&rsquo;enfance, son humour, sa petite folie. Une invitation \u00e0 embarquer dans un espace et pour un temps orchestr\u00e9 par le jeu, le mouvement d\u2019une berceuse, le burlesque d\u2019un rythme gascon et l\u2019\u00e9nergie d\u2019un rock.<\/p>\n<p>Le r\u00e9pertoire de chant que nous affectionnons n\u2019est pas forc\u00e9ment issu de la tradition enfantine: berceuse yiddish \u00ab Nor a mame \u00bb, polyphonie et polyrythmie issue du r\u00e9pertoire d\u2019Alain Gibert, des Manufactures verbales et du groupe Zap Mama, chants traditionnels occitan, jeu corporel et objets sonores insolites. Le spectacle est construit de fa\u00e7on \u00e0 ce que l\u2019enfant soit envelopp\u00e9 de mani\u00e8re douce d\u00e8s le d\u00e9but puis s\u2019installe progressivement dans le son et dans un rythme plus entra\u00eenant avec l\u2019aide des personnages qui les invitent \u00e0 participer, \u00e0 chanter et \u00e0 danser sur un rock and roll \u00e0 la mani\u00e8re de Screamin Jay hawkins. C\u2019est un spectacle pens\u00e9 pour les parents et les enfants, dans une \u00e9coute et un partage des sens entre eux. Tout le monde s\u2019y retrouve puisque le r\u00e9pertoire oscille entre la musique classique, le chant traditionnel, le jeu burlesque, les percussions corporelles et l\u2019improvisation.<\/p>\n<p>Emmanuelle Bouriaud : altiste, chanteuse, bassiste<br \/>\nAur\u00e9lie Emerit : chanteuse, fl\u00fbtiste, clown<br \/>\nSophie Sabourin : percussionniste, violoncelliste et chanteuse<br \/>\nCr\u00e9dit photo : Fred Foulquier<\/p>\n<p><a href=\"https:\/\/www.chapdelune.fr\/spectacles\/trio-des-m%C3%B4mes\/\">https:\/\/www.chapdelune.fr\/spectacles\/trio-des-m%C3%B4mes\/<\/a><\/p>\n<p><iframe loading=\"lazy\" src=\"\/\/www.youtube.com\/embed\/Q3vnYdCqHaY?t=159s&amp;ab_channel=EmmanuelleBouriaud\" width=\"560\" height=\"314\" allowfullscreen=\"allowfullscreen\"><\/iframe><\/p>\n<hr \/>\n<p style=\"text-align: center;\"><strong>SPECTACLE EN ACC\u00c8S LIBRE SANS R\u00c9SERVATION<\/strong><\/p>\n<p style=\"text-align: center;\"><strong><a href=\"https:\/\/www3.poitiers-jeunes.com\/lesexpressifs2021\/informations-pratiques-pass-sanitaire\/\"><span style=\"text-decoration: underline;\">&gt; Informations pratiques sur le pass sanitaire &lt;<\/span><\/a><\/strong><\/p>\n<table style=\"border-collapse: collapse; width: 100%;\">\n<tbody>\n<tr>\n<td style=\"width: 49.9637%; text-align: right;\"><strong> Horaire :<\/strong><\/td>\n<td style=\"width: 50.0363%;\"><strong>\u00a0Samedi 11h30<br \/>\nDimanche 17h00<\/strong><\/td>\n<\/tr>\n<tr>\n<td style=\"width: 49.9637%; text-align: right;\"><strong> Lieu :<\/strong><\/td>\n<td style=\"width: 50.0363%;\"><strong>\u00a0Parc de Blossac<\/strong><\/td>\n<\/tr>\n<tr>\n<td style=\"width: 49.9637%; text-align: right;\"><strong> Dur\u00e9e :<\/strong><\/td>\n<td style=\"width: 50.0363%;\"><strong>\u00a0 1h00<\/strong><\/td>\n<\/tr>\n<\/tbody>\n<\/table>\n<hr \/>\n","protected":false},"excerpt":{"rendered":"<p>Trio des M\u00f4mes Spectacle musical jeune public Vasles (79) &nbsp; Un tapis en moumoute, des sons qui vous enveloppent, des sons et des chansons comme des gouttes d&rsquo;eau sur la [&hellip;]<\/p>\n","protected":false},"featured_media":1250,"template":"","meta":{"_uag_custom_page_level_css":""},"product_brand":[],"product_cat":[23],"product_tag":[28,27],"class_list":{"0":"post-1248","1":"product","2":"type-product","3":"status-publish","4":"has-post-thumbnail","6":"product_cat-musique","7":"product_tag-dimanche","8":"product_tag-samedi","10":"first","11":"instock","12":"shipping-taxable","13":"product-type-simple"},"uagb_featured_image_src":{"full":["http:\/\/www3.poitiers-jeunes.com\/lesexpressifs2021\/files\/2021\/09\/LE-TRIO-DES-M\u00d4MES-04.jpg",4000,2506,false],"thumbnail":["http:\/\/www3.poitiers-jeunes.com\/lesexpressifs2021\/files\/2021\/09\/LE-TRIO-DES-M\u00d4MES-04-150x150.jpg",150,150,true],"medium":["http:\/\/www3.poitiers-jeunes.com\/lesexpressifs2021\/files\/2021\/09\/LE-TRIO-DES-M\u00d4MES-04-300x188.jpg",300,188,true],"medium_large":["http:\/\/www3.poitiers-jeunes.com\/lesexpressifs2021\/files\/2021\/09\/LE-TRIO-DES-M\u00d4MES-04-768x481.jpg",768,481,true],"large":["http:\/\/www3.poitiers-jeunes.com\/lesexpressifs2021\/files\/2021\/09\/LE-TRIO-DES-M\u00d4MES-04-1024x642.jpg",1024,642,true],"1536x1536":["http:\/\/www3.poitiers-jeunes.com\/lesexpressifs2021\/files\/2021\/09\/LE-TRIO-DES-M\u00d4MES-04.jpg",1536,962,false],"2048x2048":["http:\/\/www3.poitiers-jeunes.com\/lesexpressifs2021\/files\/2021\/09\/LE-TRIO-DES-M\u00d4MES-04.jpg",2048,1283,false],"oneline-lite-custom-blog":["http:\/\/www3.poitiers-jeunes.com\/lesexpressifs2021\/files\/2021\/09\/LE-TRIO-DES-M\u00d4MES-04-275x184.jpg",275,184,true],"oneline-lite-recent-post":["http:\/\/www3.poitiers-jeunes.com\/lesexpressifs2021\/files\/2021\/09\/LE-TRIO-DES-M\u00d4MES-04-90x90.jpg",90,90,true],"oneline-releted-post-thumb":["http:\/\/www3.poitiers-jeunes.com\/lesexpressifs2021\/files\/2021\/09\/LE-TRIO-DES-M\u00d4MES-04-244x164.jpg",244,164,true],"woocommerce_thumbnail":["http:\/\/www3.poitiers-jeunes.com\/lesexpressifs2021\/files\/2021\/09\/LE-TRIO-DES-M\u00d4MES-04-300x300.jpg",300,300,true],"woocommerce_single":["http:\/\/www3.poitiers-jeunes.com\/lesexpressifs2021\/files\/2021\/09\/LE-TRIO-DES-M\u00d4MES-04-600x376.jpg",600,376,true],"woocommerce_gallery_thumbnail":["http:\/\/www3.poitiers-jeunes.com\/lesexpressifs2021\/files\/2021\/09\/LE-TRIO-DES-M\u00d4MES-04-100x100.jpg",100,100,true],"form-edit-image-preview":["http:\/\/www3.poitiers-jeunes.com\/lesexpressifs2021\/files\/2021\/09\/LE-TRIO-DES-M\u00d4MES-04-185x116.jpg",185,116,true],"variation_swatches_image_size":["http:\/\/www3.poitiers-jeunes.com\/lesexpressifs2021\/files\/2021\/09\/LE-TRIO-DES-M\u00d4MES-04.jpg",50,31,false],"variation_swatches_tooltip_size":["http:\/\/www3.poitiers-jeunes.com\/lesexpressifs2021\/files\/2021\/09\/LE-TRIO-DES-M\u00d4MES-04.jpg",100,63,false],"che_header_image":["http:\/\/www3.poitiers-jeunes.com\/lesexpressifs2021\/files\/2021\/09\/LE-TRIO-DES-M\u00d4MES-04.jpg",4000,2506,false]},"uagb_author_info":{"display_name":"admin","author_link":"http:\/\/www3.poitiers-jeunes.com\/lesexpressifs2021\/author\/"},"uagb_comment_info":0,"uagb_excerpt":"Trio des M\u00f4mes Spectacle musical jeune public Vasles (79) &nbsp; Un tapis en moumoute, des sons qui vous enveloppent, des sons et des chansons comme des gouttes d&rsquo;eau sur la [&hellip;]","_links":{"self":[{"href":"http:\/\/www3.poitiers-jeunes.com\/lesexpressifs2021\/wp-json\/wp\/v2\/product\/1248","targetHints":{"allow":["GET"]}}],"collection":[{"href":"http:\/\/www3.poitiers-jeunes.com\/lesexpressifs2021\/wp-json\/wp\/v2\/product"}],"about":[{"href":"http:\/\/www3.poitiers-jeunes.com\/lesexpressifs2021\/wp-json\/wp\/v2\/types\/product"}],"wp:featuredmedia":[{"embeddable":true,"href":"http:\/\/www3.poitiers-jeunes.com\/lesexpressifs2021\/wp-json\/wp\/v2\/media\/1250"}],"wp:attachment":[{"href":"http:\/\/www3.poitiers-jeunes.com\/lesexpressifs2021\/wp-json\/wp\/v2\/media?parent=1248"}],"wp:term":[{"taxonomy":"product_brand","embeddable":true,"href":"http:\/\/www3.poitiers-jeunes.com\/lesexpressifs2021\/wp-json\/wp\/v2\/product_brand?post=1248"},{"taxonomy":"product_cat","embeddable":true,"href":"http:\/\/www3.poitiers-jeunes.com\/lesexpressifs2021\/wp-json\/wp\/v2\/product_cat?post=1248"},{"taxonomy":"product_tag","embeddable":true,"href":"http:\/\/www3.poitiers-jeunes.com\/lesexpressifs2021\/wp-json\/wp\/v2\/product_tag?post=1248"}],"curies":[{"name":"wp","href":"https:\/\/api.w.org\/{rel}","templated":true}]}}